{"id":54869,"date":"2023-08-24T10:46:39","date_gmt":"2023-08-24T10:46:39","guid":{"rendered":"https:\/\/donaulife-new.ogrisdigital.at\/produkt\/c-cell-cartridge-kera-1ml\/"},"modified":"2024-07-01T01:09:54","modified_gmt":"2024-07-01T01:09:54","slug":"c-cell-cartridge-kera-1ml","status":"publish","type":"product","link":"https:\/\/donaulife-new.ogrisdigital.at\/sv\/c-cell-cartridge-kera-1ml\/","title":{"rendered":"C-CELL Cartridge KERA 1ml"},"content":{"rendered":"<h2>C-Cell Keramik Kartusche mit 1ml<\/h2>\n<p>Kera besteht aus hochstabilem Borosilikatglas und Zirkoniumdioxid-Keramik und garantiert reine Aromen bei gleichzeitiger Vermeidung von Korrosion und chemischen Nebenprodukten w\u00e4hrend des Erhitzungsprozesses.<\/p>\n<p>Mit 60 % weniger Verschlie\u00dfkraft als bei Generation 1 macht das Kera-Schnappdesign das Verschlie\u00dfen von Chargen zu einem Kinderspiel.<\/p>\n<p>Angetrieben von der propriet\u00e4ren CCELL-Keramik-Heiztechnologie, liefert Kera 20% gr\u00f6\u00dfere Wolken mit durchschnittlich 5,4mg TPM pro Zug.<\/p>\n","protected":false},"excerpt":{"rendered":"<p>C-Cell Keramik Kartusche mit 1ml Kera besteht aus hochstabilem Borosilikatglas und Zirkoniumdioxid-Keramik und garantiert reine Aromen bei gleichzeitiger Vermeidung von<\/p>\n","protected":false},"featured_media":40722,"comment_status":"open","ping_status":"open","template":"","meta":{"_acf_changed":false},"product_cat":[2549,3355,2623],"product_tag":[],"acf":[],"_links":{"self":[{"href":"https:\/\/donaulife-new.ogrisdigital.at\/sv\/wp-json\/wp\/v2\/product\/54869"}],"collection":[{"href":"https:\/\/donaulife-new.ogrisdigital.at\/sv\/wp-json\/wp\/v2\/product"}],"about":[{"href":"https:\/\/donaulife-new.ogrisdigital.at\/sv\/wp-json\/wp\/v2\/types\/product"}],"replies":[{"embeddable":true,"href":"https:\/\/donaulife-new.ogrisdigital.at\/sv\/wp-json\/wp\/v2\/comments?post=54869"}],"wp:featuredmedia":[{"embeddable":true,"href":"https:\/\/donaulife-new.ogrisdigital.at\/sv\/wp-json\/wp\/v2\/media\/40722"}],"wp:attachment":[{"href":"https:\/\/donaulife-new.ogrisdigital.at\/sv\/wp-json\/wp\/v2\/media?parent=54869"}],"wp:term":[{"taxonomy":"product_cat","embeddable":true,"href":"https:\/\/donaulife-new.ogrisdigital.at\/sv\/wp-json\/wp\/v2\/product_cat?post=54869"},{"taxonomy":"product_tag","embeddable":true,"href":"https:\/\/donaulife-new.ogrisdigital.at\/sv\/wp-json\/wp\/v2\/product_tag?post=54869"}],"curies":[{"name":"wp","href":"https:\/\/api.w.org\/{rel}","templated":true}]}}