{"id":54826,"date":"2023-08-14T12:45:48","date_gmt":"2023-08-14T12:45:48","guid":{"rendered":"https:\/\/donaulife-new.ogrisdigital.at\/produkt\/metall-grinder-alien-twist-o-40-mm\/"},"modified":"2025-01-15T07:07:06","modified_gmt":"2025-01-15T07:07:06","slug":"metall-grinder-alien-twist-o-40-mm","status":"publish","type":"product","link":"https:\/\/donaulife-new.ogrisdigital.at\/sv\/metall-grinder-alien-twist-o-40-mm\/","title":{"rendered":"Metall Grinder &#8216;Alien Twist&#8217; | \u00d8 40 mm"},"content":{"rendered":"<h2>Metall Grinder im Regenbogen Design<\/h2>\n<div>Unser eleganter, Alien Metallgrinder ist ein Must-Have f\u00fcr dein Equipment zu Hause.<\/div>\n<div><\/div>\n<div>Er besteht aus 4 Teilen, dem Deckel welcher mit einem Magnetverschluss mit den Z\u00e4hnen verbunden ist. Die messerscharfen Z\u00e4hne sind nicht geklebt, sondern sind aus gefr\u00e4stem Metall gefertigt und bieten daher optimale Zerkleinerung. Das gemahlene Produkt davon findest du im Siebfach. Zus\u00e4tzlich verf\u00fcgt der Grinder \u00fcber einen Pollinator, welcher die Pollen zuverl\u00e4ssig auff\u00e4ngt. Der Durchmesser betr\u00e4gt 5 cm.<\/div>\n<ul>\n<li>4- teiliger Grinder bestehend aus Deckel, Z\u00e4hne, Sieb &amp; Pollinator<\/li>\n<li>Magnetverschluss<\/li>\n<li>Geriffelter Rand f\u00fcr perfekten Grip<\/li>\n<li>Durchmesser: 40 mm<\/li>\n<\/ul>\n","protected":false},"excerpt":{"rendered":"<p>Metall Grinder im Regenbogen Design Unser eleganter, Alien Metallgrinder ist ein Must-Have f\u00fcr dein Equipment zu Hause. Er besteht aus<\/p>\n","protected":false},"featured_media":40522,"comment_status":"open","ping_status":"open","template":"","meta":{"_acf_changed":false},"product_cat":[2481,2480,2451,2483],"product_tag":[],"acf":[],"_links":{"self":[{"href":"https:\/\/donaulife-new.ogrisdigital.at\/sv\/wp-json\/wp\/v2\/product\/54826"}],"collection":[{"href":"https:\/\/donaulife-new.ogrisdigital.at\/sv\/wp-json\/wp\/v2\/product"}],"about":[{"href":"https:\/\/donaulife-new.ogrisdigital.at\/sv\/wp-json\/wp\/v2\/types\/product"}],"replies":[{"embeddable":true,"href":"https:\/\/donaulife-new.ogrisdigital.at\/sv\/wp-json\/wp\/v2\/comments?post=54826"}],"wp:featuredmedia":[{"embeddable":true,"href":"https:\/\/donaulife-new.ogrisdigital.at\/sv\/wp-json\/wp\/v2\/media\/40522"}],"wp:attachment":[{"href":"https:\/\/donaulife-new.ogrisdigital.at\/sv\/wp-json\/wp\/v2\/media?parent=54826"}],"wp:term":[{"taxonomy":"product_cat","embeddable":true,"href":"https:\/\/donaulife-new.ogrisdigital.at\/sv\/wp-json\/wp\/v2\/product_cat?post=54826"},{"taxonomy":"product_tag","embeddable":true,"href":"https:\/\/donaulife-new.ogrisdigital.at\/sv\/wp-json\/wp\/v2\/product_tag?post=54826"}],"curies":[{"name":"wp","href":"https:\/\/api.w.org\/{rel}","templated":true}]}}