{"id":54806,"date":"2023-07-31T13:17:47","date_gmt":"2023-07-31T13:17:47","guid":{"rendered":"https:\/\/donaulife-new.ogrisdigital.at\/produkt\/flutschkopf-schraubi-2\/"},"modified":"2024-04-29T14:37:08","modified_gmt":"2024-04-29T14:37:08","slug":"flutschkopf-schraubi-2","status":"publish","type":"product","link":"https:\/\/donaulife-new.ogrisdigital.at\/sv\/flutschkopf-schraubi-2\/","title":{"rendered":"BLACK LEAF Flutschkopf &#8216;Schraubi&#8217;"},"content":{"rendered":"<h2>Schraub Flutschkopf mit Rollstopp<\/h2>\n<p>Metallkopf mit Standard-Gewinde, passend f\u00fcr die meisten Metall Chillums. Er ist mit einem Schraubgewinde ausgestattet. Er hat eine Gesamth\u00f6he von ca. 1 cm und einen Innendurchmesser von 13 mm. Einfach anf\u00fcllen und loslegen!<\/p>\n<p>Au\u00dfendurchmesser: 17 mm<br \/>\nInnendurchmesser: 13 mm<\/p>\n<p>Durchlass: 2 mm<\/p>\n<div>\n<h3>\u00dcber Black Leaf:<\/h3>\n<div>\n<p>In Weed We Trust ? Smoking\u00a0Paraphernalia seit 1988: Bongs, Pfeifen, Vaporizer, Grinder, Dabbing Zubeh\u00f6r, Paper &amp; Filter, Lifestyle Produkte. Es gibt viele Innovative Produkte der Marke die auch die ein oder andere Weltneuheit erschaffen haben. Im Shop bieten wir von allen Produkten die beste Auswahl.<\/p>\n<\/div>\n<\/div>\n","protected":false},"excerpt":{"rendered":"<p>Schraub Flutschkopf mit Rollstopp Metallkopf mit Standard-Gewinde, passend f\u00fcr die meisten Metall Chillums. Er ist mit einem Schraubgewinde ausgestattet. Er<\/p>\n","protected":false},"featured_media":40449,"comment_status":"open","ping_status":"closed","template":"","meta":{"_acf_changed":false},"product_cat":[2459,2461,2460],"product_tag":[2521],"acf":[],"_links":{"self":[{"href":"https:\/\/donaulife-new.ogrisdigital.at\/sv\/wp-json\/wp\/v2\/product\/54806"}],"collection":[{"href":"https:\/\/donaulife-new.ogrisdigital.at\/sv\/wp-json\/wp\/v2\/product"}],"about":[{"href":"https:\/\/donaulife-new.ogrisdigital.at\/sv\/wp-json\/wp\/v2\/types\/product"}],"replies":[{"embeddable":true,"href":"https:\/\/donaulife-new.ogrisdigital.at\/sv\/wp-json\/wp\/v2\/comments?post=54806"}],"wp:featuredmedia":[{"embeddable":true,"href":"https:\/\/donaulife-new.ogrisdigital.at\/sv\/wp-json\/wp\/v2\/media\/40449"}],"wp:attachment":[{"href":"https:\/\/donaulife-new.ogrisdigital.at\/sv\/wp-json\/wp\/v2\/media?parent=54806"}],"wp:term":[{"taxonomy":"product_cat","embeddable":true,"href":"https:\/\/donaulife-new.ogrisdigital.at\/sv\/wp-json\/wp\/v2\/product_cat?post=54806"},{"taxonomy":"product_tag","embeddable":true,"href":"https:\/\/donaulife-new.ogrisdigital.at\/sv\/wp-json\/wp\/v2\/product_tag?post=54806"}],"curies":[{"name":"wp","href":"https:\/\/api.w.org\/{rel}","templated":true}]}}