{"id":54780,"date":"2023-07-24T14:36:22","date_gmt":"2023-07-24T14:36:22","guid":{"rendered":"https:\/\/donaulife-new.ogrisdigital.at\/produkt\/tabaktasche-smoketendo\/"},"modified":"2024-07-01T01:09:08","modified_gmt":"2024-07-01T01:09:08","slug":"tabaktasche-smoketendo","status":"publish","type":"product","link":"https:\/\/donaulife-new.ogrisdigital.at\/sv\/tabaktasche-smoketendo\/","title":{"rendered":"Tabaktasche &#8216;Smoketendo&#8217;"},"content":{"rendered":"<h2>Tabaktasche im gaming Design<\/h2>\n<p>Smoketendo Drehtasche aus Kunstleder im coolen gaming Design. Die Tasche h\u00e4lt mit 2 versteckten Magneten sicher zusammen. Eine kleine extra Tasche mit Rei\u00dfverschlu\u00df ist ebenso vorhanden.<\/p>\n<p>Ein individuelles, exklusives Geschenk und unverzichtbar f\u00fcr jeden Tabakgenie\u00dfer.<\/p>\n","protected":false},"excerpt":{"rendered":"<p>Tabaktasche im gaming Design Smoketendo Drehtasche aus Kunstleder im coolen gaming Design. Die Tasche h\u00e4lt mit 2 versteckten Magneten sicher<\/p>\n","protected":false},"featured_media":40334,"comment_status":"open","ping_status":"closed","template":"","meta":{"_acf_changed":false},"product_cat":[2607,2451,3313],"product_tag":[],"acf":[],"_links":{"self":[{"href":"https:\/\/donaulife-new.ogrisdigital.at\/sv\/wp-json\/wp\/v2\/product\/54780"}],"collection":[{"href":"https:\/\/donaulife-new.ogrisdigital.at\/sv\/wp-json\/wp\/v2\/product"}],"about":[{"href":"https:\/\/donaulife-new.ogrisdigital.at\/sv\/wp-json\/wp\/v2\/types\/product"}],"replies":[{"embeddable":true,"href":"https:\/\/donaulife-new.ogrisdigital.at\/sv\/wp-json\/wp\/v2\/comments?post=54780"}],"wp:featuredmedia":[{"embeddable":true,"href":"https:\/\/donaulife-new.ogrisdigital.at\/sv\/wp-json\/wp\/v2\/media\/40334"}],"wp:attachment":[{"href":"https:\/\/donaulife-new.ogrisdigital.at\/sv\/wp-json\/wp\/v2\/media?parent=54780"}],"wp:term":[{"taxonomy":"product_cat","embeddable":true,"href":"https:\/\/donaulife-new.ogrisdigital.at\/sv\/wp-json\/wp\/v2\/product_cat?post=54780"},{"taxonomy":"product_tag","embeddable":true,"href":"https:\/\/donaulife-new.ogrisdigital.at\/sv\/wp-json\/wp\/v2\/product_tag?post=54780"}],"curies":[{"name":"wp","href":"https:\/\/api.w.org\/{rel}","templated":true}]}}