{"id":54718,"date":"2023-07-04T14:23:54","date_gmt":"2023-07-04T14:23:54","guid":{"rendered":"https:\/\/donaulife-new.ogrisdigital.at\/produkt\/v-syndicate-slikks-dab-matte-thc%c2%b2-solar-diesel-o-15-cm\/"},"modified":"2024-07-01T01:08:23","modified_gmt":"2024-07-01T01:08:23","slug":"v-syndicate-slikks-dab-matte-thc%c2%b2-solar-diesel-o-15-cm","status":"publish","type":"product","link":"https:\/\/donaulife-new.ogrisdigital.at\/sv\/v-syndicate-slikks-dab-matte-thc%c2%b2-solar-diesel-o-15-cm\/","title":{"rendered":"V SYNDICATE Slikks Dab Matte &#8216;T=HC\u00b2 Solar Diesel&#8217; | \u00d8 15 cm"},"content":{"rendered":"<h2>V Syndicate Dab Matte T=HC\u00b2 Solar Diesel<\/h2>\n<p>Die Slikks Dab Matte von V Syndicate ist perfekt f\u00fcr klebrige extrakte. Du kannst deine Dabber darauf ablegen ohne deinen Tisch zu versauen.<br \/>\nJedes Motiv wird mit hoher Aufl\u00f6sung darauf gedruckt. Die Matte ist hitzebest\u00e4ndig und leicht abwaschbar.<\/p>\n<p>Der Durchmesser der Matte betr\u00e4gt 15 cm.<\/p>\n<h3>\u00dcber V Syndicate:<\/h3>\n<p>V Syndicate\u00ae wurde 2010 gegr\u00fcndet und ist eine Lifestyle-Marke, die sich<br \/>\nFreizeit- und Raucherzubeh\u00f6r widmet. Unser Engagement f\u00fcr Innovation hat uns dazu inspiriert, die weltweit erste flache Kr\u00e4uterm\u00fchle in Form einer Karte im Brieftaschenformat zu entwickeln, die passenderweise &#8220;Grinder Card&#8221; genannt wird. Dieses elegante Ger\u00e4t ist umweltfreundlich, da es nur 5 % des Metalls verbraucht, das ein typischer Grinder ben\u00f6tigt. Der rostfreie Stahl in medizinischer Qualit\u00e4t verhindert Rost, w\u00e4hrend eine Vielzahl von Zahngr\u00f6\u00dfen drei verschiedene Bl\u00fctentexturen erm\u00f6glicht.<\/p>\n","protected":false},"excerpt":{"rendered":"<p>V Syndicate Dab Matte T=HC\u00b2 Solar Diesel Die Slikks Dab Matte von V Syndicate ist perfekt f\u00fcr klebrige extrakte. Du<\/p>\n","protected":false},"featured_media":40037,"comment_status":"open","ping_status":"open","template":"","meta":{"_acf_changed":false},"product_cat":[2609,2549],"product_tag":[2981],"acf":[],"_links":{"self":[{"href":"https:\/\/donaulife-new.ogrisdigital.at\/sv\/wp-json\/wp\/v2\/product\/54718"}],"collection":[{"href":"https:\/\/donaulife-new.ogrisdigital.at\/sv\/wp-json\/wp\/v2\/product"}],"about":[{"href":"https:\/\/donaulife-new.ogrisdigital.at\/sv\/wp-json\/wp\/v2\/types\/product"}],"replies":[{"embeddable":true,"href":"https:\/\/donaulife-new.ogrisdigital.at\/sv\/wp-json\/wp\/v2\/comments?post=54718"}],"wp:featuredmedia":[{"embeddable":true,"href":"https:\/\/donaulife-new.ogrisdigital.at\/sv\/wp-json\/wp\/v2\/media\/40037"}],"wp:attachment":[{"href":"https:\/\/donaulife-new.ogrisdigital.at\/sv\/wp-json\/wp\/v2\/media?parent=54718"}],"wp:term":[{"taxonomy":"product_cat","embeddable":true,"href":"https:\/\/donaulife-new.ogrisdigital.at\/sv\/wp-json\/wp\/v2\/product_cat?post=54718"},{"taxonomy":"product_tag","embeddable":true,"href":"https:\/\/donaulife-new.ogrisdigital.at\/sv\/wp-json\/wp\/v2\/product_tag?post=54718"}],"curies":[{"name":"wp","href":"https:\/\/api.w.org\/{rel}","templated":true}]}}