{"id":54635,"date":"2023-06-22T08:16:58","date_gmt":"2023-06-22T08:16:58","guid":{"rendered":"https:\/\/donaulife-new.ogrisdigital.at\/produkt\/medusa-filters-aktivkohlefilter-6-mm-violet-edition-250-filter\/"},"modified":"2024-07-01T01:07:31","modified_gmt":"2024-07-01T01:07:31","slug":"medusa-filters-aktivkohlefilter-6-mm-violet-edition-250-filter","status":"publish","type":"product","link":"https:\/\/donaulife-new.ogrisdigital.at\/sv\/medusa-filters-aktivkohlefilter-6-mm-violet-edition-250-filter\/","title":{"rendered":"MEDUSA FILTERS Aktivkohlefilter 6 mm &#8216;Violet Edition&#8217; | 250 Filter"},"content":{"rendered":"<h2>Medusa Aktivkohlefilter mit 6 mm Durchmesser<\/h2>\n<p>Viele Stoner m\u00f6gen keine Aktivkohlefilter, weil sie den Zugwiderstand als zu stark empfinden. Hier schafft der Aktivkohlefilter von\u00a0<strong>MEDUSAFILTERS<\/strong>\u00a0Abhilfe. Hier in der VIOLET EDITION.<\/p>\n<p>\u2714\ufe0f doppelte Filterung, kein Rausfallen von Aktivkohle<\/p>\n<p>\u2714\ufe0f perfekter Durchzug, kein Verstopfen<\/p>\n<p>\u2714\ufe0f Made in Germany<\/p>\n<p>Dank dem neuartigen Doppelfiltersystem geh\u00f6rt starkes Ziehen an der Sportzigarette der Vergangenheit an. Die Aktivkohle aus Kokosschalen filtert unerw\u00fcnschte Nebenstoffe aus dem Rauch und k\u00fchlt diesen, w\u00e4hrend die zugesetzte Cellulose Feuchtigkeit aufnimmt.<\/p>\n<p>Die im perfekten Verh\u00e4ltnis kombinierten Bestandteile der\u00a0<strong>MEDUSAFILTERS<\/strong>\u00a0sorgen f\u00fcr ein super angenehmes Rauchgef\u00fchl mit gefiltertem, reinerem Geschmack. Und \u00fcberzeugen auch hartgesottene Aktivkohlegegner.<\/p>\n<h3>\u00dcber Medusa Filters:<\/h3>\n<p><strong>Premium\u00a0Aktivkohlefilter mit veganer Faser.<\/strong><\/p>\n<p>Unsere sehr begehrten\u00a0Kokosnuss Aktivkohlefilter werden\u00a0liebevoll in Deutschland von unserem jungen Team hergestellt.<\/p>\n<p>Die Aktivkohlefilter vermindern das Verstopfen und reduzieren die Schadstoffe.<\/p>\n","protected":false},"excerpt":{"rendered":"<p>Medusa Aktivkohlefilter mit 6 mm Durchmesser Viele Stoner m\u00f6gen keine Aktivkohlefilter, weil sie den Zugwiderstand als zu stark empfinden. Hier<\/p>\n","protected":false},"featured_media":39617,"comment_status":"open","ping_status":"open","template":"","meta":{"_acf_changed":false},"product_cat":[2652,2489,2499,2451],"product_tag":[3672],"acf":[],"_links":{"self":[{"href":"https:\/\/donaulife-new.ogrisdigital.at\/sv\/wp-json\/wp\/v2\/product\/54635"}],"collection":[{"href":"https:\/\/donaulife-new.ogrisdigital.at\/sv\/wp-json\/wp\/v2\/product"}],"about":[{"href":"https:\/\/donaulife-new.ogrisdigital.at\/sv\/wp-json\/wp\/v2\/types\/product"}],"replies":[{"embeddable":true,"href":"https:\/\/donaulife-new.ogrisdigital.at\/sv\/wp-json\/wp\/v2\/comments?post=54635"}],"wp:featuredmedia":[{"embeddable":true,"href":"https:\/\/donaulife-new.ogrisdigital.at\/sv\/wp-json\/wp\/v2\/media\/39617"}],"wp:attachment":[{"href":"https:\/\/donaulife-new.ogrisdigital.at\/sv\/wp-json\/wp\/v2\/media?parent=54635"}],"wp:term":[{"taxonomy":"product_cat","embeddable":true,"href":"https:\/\/donaulife-new.ogrisdigital.at\/sv\/wp-json\/wp\/v2\/product_cat?post=54635"},{"taxonomy":"product_tag","embeddable":true,"href":"https:\/\/donaulife-new.ogrisdigital.at\/sv\/wp-json\/wp\/v2\/product_tag?post=54635"}],"curies":[{"name":"wp","href":"https:\/\/api.w.org\/{rel}","templated":true}]}}