{"id":54626,"date":"2023-06-05T15:21:45","date_gmt":"2023-06-05T15:21:45","guid":{"rendered":"https:\/\/donaulife-new.ogrisdigital.at\/produkt\/gizeh-black-kss-papers-slim-pink-edition-34-blatt-34-tips\/"},"modified":"2024-07-01T01:07:21","modified_gmt":"2024-07-01T01:07:21","slug":"gizeh-black-kss-papers-slim-pink-edition-34-blatt-34-tips","status":"publish","type":"product","link":"https:\/\/donaulife-new.ogrisdigital.at\/sv\/gizeh-black-kss-papers-slim-pink-edition-34-blatt-34-tips\/","title":{"rendered":"GIZEH KSS Papers slim &#8216;Pink Edition&#8217; | 34 Blatt + 34 Tips"},"content":{"rendered":"<h2>Gizeh Kingsize Papers mit 32 Blatt + Tips in pink<\/h2>\n<p>Gizeh Black Papers bestehen aus fast transparten und extrad\u00fcnnen Bl\u00e4ttchen mit einem Gewicht von 14g\/m\u00b2 und einer nat\u00fcrlichen Gummierung (Arabicum), dem Saft des Akazienbaumes. Durch das ultrad\u00fcnne Papier wird der Geschmack nicht verf\u00e4lscht und du erlebst den puren Genuss. Die Bl\u00e4ttchen brennen sehr langsam ab und gehen aus, sollte l\u00e4nger nicht an der selbstgedrehhten Zigarette gezogen werden. 34 Bl\u00e4ttchen und 34 Tips sind in jedem Heftchen mit dabei.<\/p>\n<h3>\u00dcber GIZEH:<\/h3>\n<p>Die Gizeh Raucherbedarf GmbH ist ein mittelst\u00e4ndisches Unternehmen mit Hauptsitz in Gummersbach (DE). Seit der Gr\u00fcndung im Jahre 1920 produziert Gizeh Eindrehfilter und Zubeh\u00f6r f\u00fcr das Drehen und Stopfen von Zigaretten.<\/p>\n<p>Seit der Gr\u00fcndung der Gizeh Zigarettenpapier-Verarbeitungs-Gesellschaft im Jahr 1920 hat sich Gizeh vom regionalen Anbieter in K\u00f6ln zu einem international handelnden Unternehmen entwickelt Im Zweiten Weltkrieg wurde der K\u00f6lner Standort zerst\u00f6rt, die Produktion ins Bergische Land ausgelagert. 1955 entstand dort auch der neue Hauptsitz des Unternehmens (Bergneustadt). Gizeh produzierte hier nicht nur Raucherbedarf, sondern auch Verpackungen (heute Gizeh Verpackungen) und Lochkarten. Zu Beginn der 1980er Jahre errichtete Gizeh die Produktionsstandorte in Frankreich (Filterh\u00fclsen) und \u00d6sterreich (Bl\u00e4ttchen).<\/p>\n","protected":false},"excerpt":{"rendered":"<p>Gizeh Kingsize Papers mit 32 Blatt + Tips in pink Gizeh Black Papers bestehen aus fast transparten und extrad\u00fcnnen Bl\u00e4ttchen<\/p>\n","protected":false},"featured_media":39579,"comment_status":"open","ping_status":"open","template":"","meta":{"_acf_changed":false},"product_cat":[2489,2756,2451,2453,2452],"product_tag":[2757],"acf":[],"_links":{"self":[{"href":"https:\/\/donaulife-new.ogrisdigital.at\/sv\/wp-json\/wp\/v2\/product\/54626"}],"collection":[{"href":"https:\/\/donaulife-new.ogrisdigital.at\/sv\/wp-json\/wp\/v2\/product"}],"about":[{"href":"https:\/\/donaulife-new.ogrisdigital.at\/sv\/wp-json\/wp\/v2\/types\/product"}],"replies":[{"embeddable":true,"href":"https:\/\/donaulife-new.ogrisdigital.at\/sv\/wp-json\/wp\/v2\/comments?post=54626"}],"wp:featuredmedia":[{"embeddable":true,"href":"https:\/\/donaulife-new.ogrisdigital.at\/sv\/wp-json\/wp\/v2\/media\/39579"}],"wp:attachment":[{"href":"https:\/\/donaulife-new.ogrisdigital.at\/sv\/wp-json\/wp\/v2\/media?parent=54626"}],"wp:term":[{"taxonomy":"product_cat","embeddable":true,"href":"https:\/\/donaulife-new.ogrisdigital.at\/sv\/wp-json\/wp\/v2\/product_cat?post=54626"},{"taxonomy":"product_tag","embeddable":true,"href":"https:\/\/donaulife-new.ogrisdigital.at\/sv\/wp-json\/wp\/v2\/product_tag?post=54626"}],"curies":[{"name":"wp","href":"https:\/\/api.w.org\/{rel}","templated":true}]}}