{"id":54534,"date":"2023-05-17T14:34:43","date_gmt":"2023-05-17T14:34:43","guid":{"rendered":"https:\/\/donaulife-new.ogrisdigital.at\/produkt\/stuendenglass-reinigungsset\/"},"modified":"2025-01-15T07:07:45","modified_gmt":"2025-01-15T07:07:45","slug":"stuendenglass-reinigungsset","status":"publish","type":"product","link":"https:\/\/donaulife-new.ogrisdigital.at\/sv\/stuendenglass-reinigungsset\/","title":{"rendered":"ST\u00dcNDENGLASS Reinigungsset"},"content":{"rendered":"<h1 class=\"title\">St\u00fcndenglass Reinigungsset<\/h1>\n<div>\n<div class=\"rey-productSummary\">\n<div class=\"summary entry-summary\">\n<nav class=\"rey-breadcrumbs\">\n<div class=\"rey-breadcrumbs-item\">\n<div>Reinigungsset f\u00fcr St\u00fcndenglass und St\u00fcndenglass Kompakt Gravity Infuser. Enth\u00e4lt Alkoholtupfer, 2 Nylonb\u00fcrsten, Chenillegriffe, Ersatz-O-Ringe, Reinigungstuch und einen Imbusschl\u00fcssel zum Entfernen des Mundst\u00fcckkr\u00fcmmers.<\/div>\n<div><\/div>\n<div><span style=\"font-size: 23.04px;\">Lieferumfang<\/span><\/div>\n<div><\/div>\n<div>8x Ersatz-O-Ringe<br \/>\n2x Alkoholtupfer<br \/>\n2x Nylonb\u00fcrsten<br \/>\n1x Reinigungstuch<br \/>\n2x Imbusschl\u00fcssel<br \/>\nChenillegriffe<\/div>\n<\/div>\n<\/nav>\n<\/div>\n<\/div>\n<\/div>\n<div>\n<p>St\u00fcndenglass. Gravity Bong neu erfunden.<\/p>\n<\/div>\n<p>&nbsp;<\/p>\n","protected":false},"excerpt":{"rendered":"<p>St\u00fcndenglass Reinigungsset Reinigungsset f\u00fcr St\u00fcndenglass und St\u00fcndenglass Kompakt Gravity Infuser. Enth\u00e4lt Alkoholtupfer, 2 Nylonb\u00fcrsten, Chenillegriffe, Ersatz-O-Ringe, Reinigungstuch und einen Imbusschl\u00fcssel<\/p>\n","protected":false},"featured_media":39245,"comment_status":"open","ping_status":"open","template":"","meta":{"_acf_changed":false},"product_cat":[2459,2463,3285,2460],"product_tag":[3286],"acf":[],"_links":{"self":[{"href":"https:\/\/donaulife-new.ogrisdigital.at\/sv\/wp-json\/wp\/v2\/product\/54534"}],"collection":[{"href":"https:\/\/donaulife-new.ogrisdigital.at\/sv\/wp-json\/wp\/v2\/product"}],"about":[{"href":"https:\/\/donaulife-new.ogrisdigital.at\/sv\/wp-json\/wp\/v2\/types\/product"}],"replies":[{"embeddable":true,"href":"https:\/\/donaulife-new.ogrisdigital.at\/sv\/wp-json\/wp\/v2\/comments?post=54534"}],"wp:featuredmedia":[{"embeddable":true,"href":"https:\/\/donaulife-new.ogrisdigital.at\/sv\/wp-json\/wp\/v2\/media\/39245"}],"wp:attachment":[{"href":"https:\/\/donaulife-new.ogrisdigital.at\/sv\/wp-json\/wp\/v2\/media?parent=54534"}],"wp:term":[{"taxonomy":"product_cat","embeddable":true,"href":"https:\/\/donaulife-new.ogrisdigital.at\/sv\/wp-json\/wp\/v2\/product_cat?post=54534"},{"taxonomy":"product_tag","embeddable":true,"href":"https:\/\/donaulife-new.ogrisdigital.at\/sv\/wp-json\/wp\/v2\/product_tag?post=54534"}],"curies":[{"name":"wp","href":"https:\/\/api.w.org\/{rel}","templated":true}]}}