{"id":54532,"date":"2023-05-17T14:18:08","date_gmt":"2023-05-17T14:18:08","guid":{"rendered":"https:\/\/donaulife-new.ogrisdigital.at\/produkt\/flows-bio-gruenzeug-herbal-mix-25g\/"},"modified":"2024-07-01T01:06:35","modified_gmt":"2024-07-01T01:06:35","slug":"flows-bio-gruenzeug-herbal-mix-25g","status":"publish","type":"product","link":"https:\/\/donaulife-new.ogrisdigital.at\/sv\/flows-bio-gruenzeug-herbal-mix-25g\/","title":{"rendered":"FLOW\u00b4S Bio Gr\u00fcnzeug Herbal Mix | 25g"},"content":{"rendered":"<h1 class=\"product-title product_title entry-title\">Gr\u00fcnzeug Kr\u00e4utermischung 25g<\/h1>\n<p>Unsere neueste Kreation unter den Kr\u00e4utermischungen\u00a0<em><strong>Gr\u00fcnzeug<\/strong>\u00a0<\/em>vereint dezente Milde mit gewohnt feiner und weicher Konsistenz.<\/p>\n<p>100% nat\u00fcrliche Kr\u00e4utermischung ohne Zus\u00e4tze<br \/>\nMit Hopfenbl\u00fcten \u2013 dem n\u00e4chsten Verwandten der Hanfpflanze<br \/>\nV\u00f6llig frei von Nikotin und Tabak<br \/>\nMild und dezent \u2013 verf\u00e4lscht nicht den Geschmack \u201eanderer\u201c Kr\u00e4uter<br \/>\nKundinnen und Kunden verwenden Kr\u00e4utermischungen gerne als Tabakersatz, als Alternative f\u00fcr ihren Spliff oder als Hilfe bei der Rauchentw\u00f6hnung<\/p>\n<h3 class=\"text-uppercase text-primary text-center font-default-bold\">ZUTATEN<\/h3>\n<section class=\"content-block overflow-hidden\">\n<div class=\"row row--gutter-width-40 d-flex justify-content-center\">\n<div class=\"col-md-3 col-6 page-break-avoid\">\n<div class=\"img-text-item js-animate-into-viewport animate-into-viewport--fade-up animate-into-viewport--init animate-into-viewport--animate\">\n<div class=\"img-text-item__img-wrapper text-center\"><em>Eibischbl\u00e4tter<\/em><\/div>\n<\/div>\n<\/div>\n<div class=\"col-md-3 col-6 page-break-avoid\">\n<div class=\"img-text-item js-animate-into-viewport animate-into-viewport--fade-up animate-into-viewport--init animate-into-viewport--animate\">\n<div class=\"img-text-item__img-wrapper text-center\"><span style=\"font-size: 14.4px;\"><em>Himbeerbl\u00e4tter<\/em><br \/>\n<\/span><\/div>\n<\/div>\n<\/div>\n<div class=\"col-md-3 col-6 page-break-avoid\">\n<div class=\"img-text-item js-animate-into-viewport animate-into-viewport--fade-up animate-into-viewport--init animate-into-viewport--animate\">\n<div class=\"img-text-item__img-wrapper text-center\"><em>Hopfenbl\u00fctenblatter<\/em><\/div>\n<\/div>\n<\/div>\n<div class=\"col-md-3 col-6 page-break-avoid\">\n<div class=\"img-text-item js-animate-into-viewport animate-into-viewport--fade-up animate-into-viewport--init animate-into-viewport--animate\"><\/div>\n<\/div>\n<div class=\"col-md-3 col-6 page-break-avoid\">\n<div class=\"img-text-item js-animate-into-viewport animate-into-viewport--fade-up animate-into-viewport--init animate-into-viewport--animate\">\n<div class=\"img-text-item__img-wrapper text-center\"><\/div>\n<\/div>\n<\/div>\n<\/div>\n<\/section>\n<p>Herrlich weiche und dezente Aromakr\u00e4uter \u2013 perfekt zum Mischen oder auch f\u00fcr puren Genuss.<br \/>\nUnsere Kr\u00e4utermischungen sind zu 100% frei von Nikotin und Tabak. Nur reine, naturbelassene Kr\u00e4uter. Zerkleinert und gemischt besitzt dieser \u201eHerbal Mix\u201c bereits die perfekte Konsistenz zum Drehen.<\/p>\n<p>Kundinnen und Kunden nutzen Kr\u00e4utermischungen gerne zum Mischen mit (CBD)-Bl\u00fcten, da die Kr\u00e4uter perfekt mit Cannabis harmonieren und dabei v\u00f6llig frei von Tabak und Nikotin sind. Ebenso als Unterst\u00fctzung bei der Entw\u00f6hnung von Zigaretten eignen sich getrocknete Kr\u00e4utermischungen hervorragend. N\u00e4heres dazu erf\u00e4hrst du beispielsweise\u00a0<a href=\"https:\/\/flowsbio.com\/nikotinfreier-tabak-rauchen-aufhoeren\/\" target=\"_blank\" rel=\"noopener\">in unseren regelm\u00e4\u00dfigen Blog-Beitr\u00e4gen<\/a>.<\/p>\n<p><strong>Aromaprodukt \u2013 Nicht zur Einnahme empfohlen. Zur Verwendung als R\u00e4ucherwerk bzw. Duftpotpourri. Bei Fragen oder Unklarheiten zu unseren Produkten kontaktiere uns einfach.<\/strong><\/p>\n<h3>\u00dcber Flow\u00b4s Bio:<\/h3>\n<h3>Unsere Kr\u00e4uter werden alle sorgf\u00e4ltig per Hand gemixt, gesiebt und verpackt.<\/h3>\n<p>Qualit\u00e4t hat f\u00fcr uns bei Flow\u2019s Bio oberste Priorit\u00e4t. Bei der Verarbeitung unserer Kr\u00e4uter legen wir ein besonderes Augenmerk auf die Erhaltung des Aromas, einer idealen Konsistenz f\u00fcr einfaches Drehen und einer passenden Feuchtigkeit f\u00fcr ein optimales Aromaerlebnis. Die Kompositionen wurden mit Bedacht ausgew\u00e4hlt und hinsichtlich der Eigenschaften und des Geruches aufeinander abgestimmt.<\/p>\n<p>Da wir zu\u00a0<strong>100% naturbelassene Kr\u00e4uter<\/strong>\u00a0verwenden, kann es trotz gewissenhaftem Aussortieren vorkommen, dass sich unliebsame Teile der Pflanzen, etwa kleine Holzstiele, in deiner Mischung befinden. Dies bitten wir zu Entschuldigen.<\/p>\n","protected":false},"excerpt":{"rendered":"<p>Gr\u00fcnzeug Kr\u00e4utermischung 25g Unsere neueste Kreation unter den Kr\u00e4utermischungen\u00a0Gr\u00fcnzeug\u00a0vereint dezente Milde mit gewohnt feiner und weicher Konsistenz. 100% nat\u00fcrliche Kr\u00e4utermischung<\/p>\n","protected":false},"featured_media":39233,"comment_status":"open","ping_status":"closed","template":"","meta":{"_acf_changed":false},"product_cat":[2451,2475],"product_tag":[],"acf":[],"_links":{"self":[{"href":"https:\/\/donaulife-new.ogrisdigital.at\/sv\/wp-json\/wp\/v2\/product\/54532"}],"collection":[{"href":"https:\/\/donaulife-new.ogrisdigital.at\/sv\/wp-json\/wp\/v2\/product"}],"about":[{"href":"https:\/\/donaulife-new.ogrisdigital.at\/sv\/wp-json\/wp\/v2\/types\/product"}],"replies":[{"embeddable":true,"href":"https:\/\/donaulife-new.ogrisdigital.at\/sv\/wp-json\/wp\/v2\/comments?post=54532"}],"wp:featuredmedia":[{"embeddable":true,"href":"https:\/\/donaulife-new.ogrisdigital.at\/sv\/wp-json\/wp\/v2\/media\/39233"}],"wp:attachment":[{"href":"https:\/\/donaulife-new.ogrisdigital.at\/sv\/wp-json\/wp\/v2\/media?parent=54532"}],"wp:term":[{"taxonomy":"product_cat","embeddable":true,"href":"https:\/\/donaulife-new.ogrisdigital.at\/sv\/wp-json\/wp\/v2\/product_cat?post=54532"},{"taxonomy":"product_tag","embeddable":true,"href":"https:\/\/donaulife-new.ogrisdigital.at\/sv\/wp-json\/wp\/v2\/product_tag?post=54532"}],"curies":[{"name":"wp","href":"https:\/\/api.w.org\/{rel}","templated":true}]}}