{"id":54453,"date":"2023-02-23T08:37:44","date_gmt":"2023-02-23T08:37:44","guid":{"rendered":"https:\/\/donaulife-new.ogrisdigital.at\/produkt\/smono-no-3-bubble-kraeuter\/"},"modified":"2024-07-01T01:05:36","modified_gmt":"2024-07-01T01:05:36","slug":"smono-no-3-bubble-kraeuter","status":"publish","type":"product","link":"https:\/\/donaulife-new.ogrisdigital.at\/sv\/smono-no-3-bubble-kraeuter\/","title":{"rendered":"SMONO No. 3 Bubble | Kr\u00e4uter"},"content":{"rendered":"<div class=\"grid12-12\">\n<h3>Highlights<\/h3>\n<p>Der Smono 3 Bubble besitzt ein in sich geschlossenes Konvektionsheizsystem. Hierbei wird der erhitzte Dampf durch die Edelstahlkr\u00e4uterkammer geleitet um die gew\u00fcnschten Stoffe schonend aus dem Kraut zu ziehen und weichen Dampf zu produzieren. Mit der enthaltenen Quartz- Glaskammer lassen sich auch \u00d6le und Wachse effizient verdampfen. Sein Geh\u00e4use wurde mit einer angenehm weichen Soft- Touch Oberfl\u00e4che ausgestattet.<\/p>\n<p>Trotz seiner geringen Gr\u00f6\u00dfe verf\u00fcgt er \u00fcber einige tolle Features. Das Glasmundst\u00fcck zeigt durch farbige LEDs an, ob der Smono 3 Bubble gerade heizt (rot) oder bereits einsatzbereit ist (gr\u00fcn).<\/p>\n<p>Exklusiv bei der Bubble Edition ist ein hochwertiger Wasserfilter. Dieser wird von oben bef\u00fcllt, bis das Wasser knapp \u00fcber das untere Loch innen im Filter reicht. Dadurch bleibt das Luftr\u00f6hrchen im inneren des Filters frei und der Dampf wird durch das Wasser gefiltert. Aufgesetzt wird der Filter anstatt des Mundst\u00fcckes. Es entsteht reiner und k\u00fchler Dampf.<\/p>\n<p>Auch eine Abschaltautomatik nach 4 Minuten Nichtbenutzung wurde diesem kleinen Powerpaket mitgegeben. Der Smono 3 Bubble kommt mit nur 3 Bedienungskn\u00f6pfen aus. Einem Ein-\/ und Ausschalter, sowie einer &#8220;-&#8221; und &#8220;+&#8221; &#8211; Taste, um die Temperatur auf die gew\u00fcnschte Gradzahl zu bringen. Der Vaporizer ist in unter 2 Stunden per USB &#8211; Kabel vollst\u00e4ndig aufgeladen und besitzt eine stufenlose Temperaturregulierung zwischen 160\u00b0C und 221\u00b0C. Um von Fahrenheit auf Celsius zu wechseln, bet\u00e4tigt man einfach den Ein-\/Ausschalter und die &#8220;-&#8220;-Taste gleichzeitig f\u00fcr ca. 3 Sekunden.<\/p>\n<\/div>\n<div><\/div>\n<div class=\"grid12-12\">Lieferumfang:<\/div>\n<div class=\"grid12-12\">1x Smono 3 Bubble Vaporizer<br \/>\n1x USB Kabel<br \/>\n1x Mundst\u00fcckfilter<br \/>\n1x Anleitung in Deutsch und Englisch<\/div>\n","protected":false},"excerpt":{"rendered":"<p>Highlights Der Smono 3 Bubble besitzt ein in sich geschlossenes Konvektionsheizsystem. Hierbei wird der erhitzte Dampf durch die Edelstahlkr\u00e4uterkammer geleitet<\/p>\n","protected":false},"featured_media":38904,"comment_status":"open","ping_status":"closed","template":"","meta":{"_acf_changed":false},"product_cat":[2625,2623],"product_tag":[],"acf":[],"_links":{"self":[{"href":"https:\/\/donaulife-new.ogrisdigital.at\/sv\/wp-json\/wp\/v2\/product\/54453"}],"collection":[{"href":"https:\/\/donaulife-new.ogrisdigital.at\/sv\/wp-json\/wp\/v2\/product"}],"about":[{"href":"https:\/\/donaulife-new.ogrisdigital.at\/sv\/wp-json\/wp\/v2\/types\/product"}],"replies":[{"embeddable":true,"href":"https:\/\/donaulife-new.ogrisdigital.at\/sv\/wp-json\/wp\/v2\/comments?post=54453"}],"wp:featuredmedia":[{"embeddable":true,"href":"https:\/\/donaulife-new.ogrisdigital.at\/sv\/wp-json\/wp\/v2\/media\/38904"}],"wp:attachment":[{"href":"https:\/\/donaulife-new.ogrisdigital.at\/sv\/wp-json\/wp\/v2\/media?parent=54453"}],"wp:term":[{"taxonomy":"product_cat","embeddable":true,"href":"https:\/\/donaulife-new.ogrisdigital.at\/sv\/wp-json\/wp\/v2\/product_cat?post=54453"},{"taxonomy":"product_tag","embeddable":true,"href":"https:\/\/donaulife-new.ogrisdigital.at\/sv\/wp-json\/wp\/v2\/product_tag?post=54453"}],"curies":[{"name":"wp","href":"https:\/\/api.w.org\/{rel}","templated":true}]}}