{"id":54452,"date":"2023-02-23T08:21:19","date_gmt":"2023-02-23T08:21:19","guid":{"rendered":"https:\/\/donaulife-new.ogrisdigital.at\/produkt\/smono-sunshine-kraeuter-wax\/"},"modified":"2024-07-01T01:05:36","modified_gmt":"2024-07-01T01:05:36","slug":"smono-sunshine-kraeuter-wax","status":"publish","type":"product","link":"https:\/\/donaulife-new.ogrisdigital.at\/sv\/smono-sunshine-kraeuter-wax\/","title":{"rendered":"SMONO Sunshine | Kr\u00e4uter &#038; Wax"},"content":{"rendered":"<div class=\"grid12-12\">\n<h3>Highlights<\/h3>\n<p>Der Smono Sunshine verwendet ein hybrides Heizsystem mit \u00fcberwiegend Konvektionsw\u00e4rme. Er bietet die Wahl zwischen Session und On-Demand Modus, liefert eine hervorragende Dampfqualit\u00e4t und wird von einer austauschbaren 18650 Batterie betrieben.<\/p>\n<h3>Highlights<\/h3>\n<ul>\n<li>Heizmethode: Konvektion<\/li>\n<li>Aufw\u00e4rmzeit: 15 Sekunden<\/li>\n<li>Temperaturbereich: 100\u00b0C bis 220\u00b0C<\/li>\n<li>On Demand Modus<\/li>\n<li>Gr\u00f6\u00dfe: 2,7 x 2,4 x 15 cm<\/li>\n<li>Gewicht: 107g<\/li>\n<\/ul>\n<h3>Lieferumfang<\/h3>\n<ul>\n<li>Smono Sunshine\u00a0Vaporizer<\/li>\n<li>Wachsschale<\/li>\n<li>USB-C-Kabel<\/li>\n<li>Reinigungsb\u00fcrste<\/li>\n<li>4x Wattepads mit Alkohol<\/li>\n<li>3x Wattest\u00e4bchen<\/li>\n<li>Anleitung<\/li>\n<\/ul>\n<\/div>\n","protected":false},"excerpt":{"rendered":"<p>Highlights Der Smono Sunshine verwendet ein hybrides Heizsystem mit \u00fcberwiegend Konvektionsw\u00e4rme. Er bietet die Wahl zwischen Session und On-Demand Modus,<\/p>\n","protected":false},"featured_media":38897,"comment_status":"open","ping_status":"closed","template":"","meta":{"_acf_changed":false},"product_cat":[2625,2623],"product_tag":[],"acf":[],"_links":{"self":[{"href":"https:\/\/donaulife-new.ogrisdigital.at\/sv\/wp-json\/wp\/v2\/product\/54452"}],"collection":[{"href":"https:\/\/donaulife-new.ogrisdigital.at\/sv\/wp-json\/wp\/v2\/product"}],"about":[{"href":"https:\/\/donaulife-new.ogrisdigital.at\/sv\/wp-json\/wp\/v2\/types\/product"}],"replies":[{"embeddable":true,"href":"https:\/\/donaulife-new.ogrisdigital.at\/sv\/wp-json\/wp\/v2\/comments?post=54452"}],"wp:featuredmedia":[{"embeddable":true,"href":"https:\/\/donaulife-new.ogrisdigital.at\/sv\/wp-json\/wp\/v2\/media\/38897"}],"wp:attachment":[{"href":"https:\/\/donaulife-new.ogrisdigital.at\/sv\/wp-json\/wp\/v2\/media?parent=54452"}],"wp:term":[{"taxonomy":"product_cat","embeddable":true,"href":"https:\/\/donaulife-new.ogrisdigital.at\/sv\/wp-json\/wp\/v2\/product_cat?post=54452"},{"taxonomy":"product_tag","embeddable":true,"href":"https:\/\/donaulife-new.ogrisdigital.at\/sv\/wp-json\/wp\/v2\/product_tag?post=54452"}],"curies":[{"name":"wp","href":"https:\/\/api.w.org\/{rel}","templated":true}]}}