{"id":54450,"date":"2023-02-22T15:59:22","date_gmt":"2023-02-22T15:59:22","guid":{"rendered":"https:\/\/donaulife-new.ogrisdigital.at\/produkt\/dynavap-vapcap-the-b-silikon-edition\/"},"modified":"2025-01-15T07:08:09","modified_gmt":"2025-01-15T07:08:09","slug":"dynavap-vapcap-the-b-silikon-edition","status":"publish","type":"product","link":"https:\/\/donaulife-new.ogrisdigital.at\/sv\/dynavap-vapcap-the-b-silikon-edition\/","title":{"rendered":"DYNAVAP VapCap The &#8220;B&#8221; | Silikon Edition"},"content":{"rendered":"<div class=\"grid12-6\">\n<div class=\"grid12-12\">\n<h2>DynaVap Vaporizer ohne Akku<\/h2>\n<p>DynaVap&#8217;s neueste Vaporizer-Kreation, der &#8220;B&#8221; wurde mit Blick auf Erstbenutzer entwickelt und ist ein hervorragender Einstieg in das DynaVerse und die Vorteile der thermischen Extraktion.<\/p>\n<p>Der &#8220;B&#8221; verf\u00fcgt \u00fcber eine neuartige Edelstahlspitze mit Single Fin Design f\u00fcr eine schnelle und einfache Extraktion. Der lebensmittelechte Silikonschaft verf\u00fcgt \u00fcber einen Luftpfad und ein 10mm konisches Mundst\u00fcck f\u00fcr den Gebrauch mit oder ohne Glas.<\/p>\n<div class=\"Box2\">\n<h3>Technische Merkmale:<\/h3>\n<ul>\n<li>Die Spitzenkammer ist f\u00fcr eine effiziente Extraktion optimiert<\/li>\n<li>Stiel aus lebensmittelechtem Silikon<\/li>\n<li>10mm konisch zulaufendes Mundst\u00fcck<\/li>\n<li>Optionales O-Ring-Design f\u00fcr einfache Montage und Demontage<\/li>\n<li>Silikonstiel mit f\u00fcnfeckigem Anti-Roll-Design und Spitzenerh\u00f6hungsgeometrie<\/li>\n<li>Der Kondensator kann zur Anpassung von Luftstrom und K\u00fchlung eingestellt werden<\/li>\n<li>Die Spitze ist r\u00fcckw\u00e4rtskompatibel mit DynaVap Ger\u00e4ten und Zubeh\u00f6r<\/li>\n<li>Wird in einer gr\u00fcnen Tube mit DynaVap Branding geliefert.<\/li>\n<\/ul>\n<\/div>\n<p>*Der &#8220;B&#8221; ist nicht mit dem DynaCoil kompatibel.<br \/>\n*Fitment mit Holz Stashes variiert<\/p>\n<div class=\"Box2\">\n<h3>Lieferumfang<\/h3>\n<ul>\n<li>Dynavap &#8211; The &#8220;B&#8221;<\/li>\n<li>Kappe<\/li>\n<li>Spitze<\/li>\n<li>Kondensator<\/li>\n<li>CCD aus Edelstahl<\/li>\n<li>Silikonstiel<\/li>\n<\/ul>\n<\/div>\n<\/div>\n<\/div>\n","protected":false},"excerpt":{"rendered":"<p>DynaVap Vaporizer ohne Akku DynaVap&#8217;s neueste Vaporizer-Kreation, der &#8220;B&#8221; wurde mit Blick auf Erstbenutzer entwickelt und ist ein hervorragender Einstieg<\/p>\n","protected":false},"featured_media":38879,"comment_status":"open","ping_status":"closed","template":"","meta":{"_acf_changed":false},"product_cat":[2625,2623],"product_tag":[],"acf":[],"_links":{"self":[{"href":"https:\/\/donaulife-new.ogrisdigital.at\/sv\/wp-json\/wp\/v2\/product\/54450"}],"collection":[{"href":"https:\/\/donaulife-new.ogrisdigital.at\/sv\/wp-json\/wp\/v2\/product"}],"about":[{"href":"https:\/\/donaulife-new.ogrisdigital.at\/sv\/wp-json\/wp\/v2\/types\/product"}],"replies":[{"embeddable":true,"href":"https:\/\/donaulife-new.ogrisdigital.at\/sv\/wp-json\/wp\/v2\/comments?post=54450"}],"wp:featuredmedia":[{"embeddable":true,"href":"https:\/\/donaulife-new.ogrisdigital.at\/sv\/wp-json\/wp\/v2\/media\/38879"}],"wp:attachment":[{"href":"https:\/\/donaulife-new.ogrisdigital.at\/sv\/wp-json\/wp\/v2\/media?parent=54450"}],"wp:term":[{"taxonomy":"product_cat","embeddable":true,"href":"https:\/\/donaulife-new.ogrisdigital.at\/sv\/wp-json\/wp\/v2\/product_cat?post=54450"},{"taxonomy":"product_tag","embeddable":true,"href":"https:\/\/donaulife-new.ogrisdigital.at\/sv\/wp-json\/wp\/v2\/product_tag?post=54450"}],"curies":[{"name":"wp","href":"https:\/\/api.w.org\/{rel}","templated":true}]}}