{"id":54440,"date":"2023-02-22T15:29:05","date_gmt":"2023-02-22T15:29:05","guid":{"rendered":"https:\/\/donaulife-new.ogrisdigital.at\/produkt\/purize-papers-king-size-slim-32-blatt-16-stk-filter\/"},"modified":"2024-07-01T01:05:29","modified_gmt":"2024-07-01T01:05:29","slug":"purize-papers-king-size-slim-32-blatt-16-stk-filter","status":"publish","type":"product","link":"https:\/\/donaulife-new.ogrisdigital.at\/sv\/purize-papers-king-size-slim-32-blatt-16-stk-filter\/","title":{"rendered":"PURIZE Papers King Size slim 32 Blatt | 16 Stk. Filter"},"content":{"rendered":"<h2>Purize Papers Kingsize slim + 16 Aktivkohle Filter<\/h2>\n<p>Perfekt f\u00fcr unterwegs und 100 % plastikfrei!<\/p>\n<div>Wir haben f\u00fcr Dich ein neues Kombi-Produkt geschaffen, das Dir als perfekter Reisebegleiter dient und trotzdem auf jegliche Kunststoffe verzichtet! PURIZE\u00ae Papes\u2019n\u2019Tips ist eine handliche, kleine Kombination aus 32 Pink King Size Slim Papers &amp; 16 XTRA Slim Aktivkohlefiltern. Quasi alles dabei, was Du f\u00fcr einen kleinen Ausflug brauchst. Filter und Papers bleiben dabei vor \u00e4u\u00dferen Einfl\u00fcssen, wie beispielsweise Spritzwasser, gesch\u00fctzt. Durch die durchdachte und einfache Handhabung hast Du Deine Filter dabei jederzeit schnell griffbereit und kannst so auch unterwegs ohne gro\u00dfes St\u00f6bern und Suchen loslegen! Dabei achten wir bei jedem Bestandteil auf die Nachhaltigkeit: Das komplette Produkt ist OHNE KUNSTSTOFFE gefertigt und 100 % organisch!<\/div>\n<div>Vorteile:<\/div>\n<div>\n<ul>\n<li>Komplett ohne Kunststoffe<\/li>\n<li>Perfekt f\u00fcr Unterwegs<\/li>\n<li>Sch\u00fctzt Papers und Filter<\/li>\n<li>14,5 g\/m2<\/li>\n<\/ul>\n<\/div>\n<div>Inhalt: 16 PURIZE\u00ae XTRA Slim Size Aktivkohlefilter, 32 PURIZE\u00ae King Size Papers<\/div>\n<h2>\u00dcber Purize:<\/h2>\n<p>PURIZE\u00ae Filters verfolgt die Vision, genussorientierten Rauchern \u2013 mit Hilfe eines PURIZE\u00ae Aktivkohlefilters \u2013 ein deutlich schadstoffreduziertes und angenehmeres Raucherlebnis aufzuzeigen.<\/p>\n<p><a href=\"https:\/\/www.donaulife.com\/beliebte-marken\/purize-filters\/\" target=\"_blank\" rel=\"noopener\"><img decoding=\"async\" class=\"wp-image-31747 alignleft\" src=\"https:\/\/www.donaulife.com\/wp-content\/uploads\/2021\/02\/Purize-filter-300x206.png\" sizes=\"(max-width: 262px) 100vw, 262px\" srcset=\"https:\/\/www.donaulife.com\/wp-content\/uploads\/2021\/02\/Purize-filter-300x206.png 300w, https:\/\/www.donaulife.com\/wp-content\/uploads\/2021\/02\/Purize-filter-280x192.png 280w, https:\/\/www.donaulife.com\/wp-content\/uploads\/2021\/02\/Purize-filter.png 661w\" alt=\"\" width=\"262\" height=\"180\" \/><\/a><\/p>\n<p>Mit den zwei Gr\u00f6\u00dfenvarianten und den verschiedenen Farb-Specials kommt jeder auf seine Kosten. Die XTRA Slim Size-Aktivkohlefilter haben einen Durchmesser von 5,9 mm und waren damit Vorreiter in Bezug auf Design und Gr\u00f6\u00dfe. Unsere Regular-Version besticht durch ihren sauberen Durchzug, der durch den Durchmesser von 9 mm garantiert wird.So kommen auch nur die Wirkstoffe und Aromen die Ihr Euch beim Rauchen w\u00fcnscht,letzten Endes auch in der Lunge an. Kratzige Mischungen schmecken deutlich milder, selbst das Pur rauchen wird sp\u00fcrbar angenehmer und milder. Egal wie herum Ihr unsere Filter eindreht oder einsetzt, es gibt keine Verwechslungen mehr, ob richtig oder falsch, PURIZE\u00ae passt immer! L\u00e4stiges Halskratzen &amp; Husten geh\u00f6rt ab jetzt zur Vergangenheit.<\/p>\n<div><\/div>\n<p><strong>Egal ob XTRA Slim oder Regular such dir einfach eine Farbe deiner Wahl aus und genie\u00dfe k\u00fchlen, milden Rauchgenuss!<\/strong><\/p>\n","protected":false},"excerpt":{"rendered":"<p>Purize Papers Kingsize slim + 16 Aktivkohle Filter Perfekt f\u00fcr unterwegs und 100 % plastikfrei! Wir haben f\u00fcr Dich ein<\/p>\n","protected":false},"featured_media":38857,"comment_status":"open","ping_status":"open","template":"","meta":{"_acf_changed":false},"product_cat":[2652,2489,2499,2451,2453,2452,2861],"product_tag":[],"acf":[],"_links":{"self":[{"href":"https:\/\/donaulife-new.ogrisdigital.at\/sv\/wp-json\/wp\/v2\/product\/54440"}],"collection":[{"href":"https:\/\/donaulife-new.ogrisdigital.at\/sv\/wp-json\/wp\/v2\/product"}],"about":[{"href":"https:\/\/donaulife-new.ogrisdigital.at\/sv\/wp-json\/wp\/v2\/types\/product"}],"replies":[{"embeddable":true,"href":"https:\/\/donaulife-new.ogrisdigital.at\/sv\/wp-json\/wp\/v2\/comments?post=54440"}],"wp:featuredmedia":[{"embeddable":true,"href":"https:\/\/donaulife-new.ogrisdigital.at\/sv\/wp-json\/wp\/v2\/media\/38857"}],"wp:attachment":[{"href":"https:\/\/donaulife-new.ogrisdigital.at\/sv\/wp-json\/wp\/v2\/media?parent=54440"}],"wp:term":[{"taxonomy":"product_cat","embeddable":true,"href":"https:\/\/donaulife-new.ogrisdigital.at\/sv\/wp-json\/wp\/v2\/product_cat?post=54440"},{"taxonomy":"product_tag","embeddable":true,"href":"https:\/\/donaulife-new.ogrisdigital.at\/sv\/wp-json\/wp\/v2\/product_tag?post=54440"}],"curies":[{"name":"wp","href":"https:\/\/api.w.org\/{rel}","templated":true}]}}