{"id":54416,"date":"2023-02-17T15:47:34","date_gmt":"2023-02-17T15:47:34","guid":{"rendered":"https:\/\/donaulife-new.ogrisdigital.at\/produkt\/clipper-feuerzeug-grass-art\/"},"modified":"2024-07-01T01:05:16","modified_gmt":"2024-07-01T01:05:16","slug":"clipper-feuerzeug-grass-art","status":"publish","type":"product","link":"https:\/\/donaulife-new.ogrisdigital.at\/sv\/clipper-feuerzeug-grass-art\/","title":{"rendered":"CLIPPER Feuerzeug &#8216;Grass Art&#8217;"},"content":{"rendered":"<h2>Clipper Feuerzeug mit Weed Design<\/h2>\n<p>Kultige Feuerzeuge von\u00a0<strong>CLIPPER\u00ae<\/strong>\u00a0mit frischen, coolen Motiven, welche sicher wieder zu begehrten Lieblingsst\u00fccken in der Community der\u00a0<strong>CLIPPER<\/strong>\u00a0J\u00e4ger und Sammler werden!<\/p>\n<p>Aber die tollen Motive sind nicht der einzige Grund, warum diese Feuerzeuge von\u00a0<strong>CLIPPER\u00ae<\/strong>\u00a0sich so gro\u00dfer Beliebtheit erfreuen und insbesondere auch in unserer speziellen Branche eine riesige Fangemeinschaft haben. Denn h\u00e4lt man das Feuerzeug schr\u00e4g, vergr\u00f6\u00dfert sich die Flamme fast um das Doppelte &#8211; perfekt zur Z\u00fcndung von Bongs und anderen Pfeifen! Zus\u00e4tzlich kann man den herausnehmbaren Z\u00fcndstift, der eigentlich zum Austausch des Feuersteins dient, praktischerweise als idealen Pfeifenkopf- und Jointstopfer verwenden.<\/p>\n<p>Au\u00dferdem gibt es weitere Pluspunkte. Feuerzeuge von\u00a0<strong>CLIPPER\u00ae<\/strong>\u00a0sind:<\/p>\n<p>\u2714\ufe0f\ufe0f\u00a0<strong>sparsam im Verbrauch<\/strong>\u00a0, denn sie haben eine gro\u00dfe Gaskapazit\u00e4t und k\u00f6nnen g\u00fcnstig nachgef\u00fcllt werden.<\/p>\n<p>\u2714\ufe0f\ufe0f\u00a0<strong>sicher im Gebrauch<\/strong>\u00a0, denn sie haben eine Kindersicherung, stehen unter niedrigem Druck und das verwendete Material ist sehr widerstandsf\u00e4hig.<\/p>\n<p>\u2714\ufe0f\ufe0f\u00a0<strong>umweltfreundlich<\/strong>\u00a0, da die Anz\u00fcnder von\u00a0<strong>CLIPPER\u00ae<\/strong>\u00a0\u00e4u\u00dferst reines Gas verwenden und bei der Herstellung ein hoher Anteil an recycelten Materialien verwendet wird.<\/p>\n<p>\u00dcbrigens passen die Feuerzeuge genau in die \u00d6ffnung einer Bierflasche und verschlie\u00dfen diese, so dass Wespen oder andere Insekten keine Chance haben, hineinzukrabbeln!<\/p>\n<h3>\u00dcber Clipper:<\/h3>\n<p>Clipper ist ein Synonym f\u00fcr Zuverl\u00e4ssigkeit und dieses Modell ist keine Ausnahme! Das erste Clipper-Feuerzeug wurde 1972 hergestellt, und jetzt das weltweite Niveau der Produktion ist rund 450 Millionen Einheiten pro Jahr.<\/p>\n","protected":false},"excerpt":{"rendered":"<p>Clipper Feuerzeug mit Weed Design Kultige Feuerzeuge von\u00a0CLIPPER\u00ae\u00a0mit frischen, coolen Motiven, welche sicher wieder zu begehrten Lieblingsst\u00fccken in der Community<\/p>\n","protected":false},"featured_media":38735,"comment_status":"open","ping_status":"open","template":"","meta":{"_acf_changed":false},"product_cat":[2494,2489,2774,2775,2451],"product_tag":[2776],"acf":[],"_links":{"self":[{"href":"https:\/\/donaulife-new.ogrisdigital.at\/sv\/wp-json\/wp\/v2\/product\/54416"}],"collection":[{"href":"https:\/\/donaulife-new.ogrisdigital.at\/sv\/wp-json\/wp\/v2\/product"}],"about":[{"href":"https:\/\/donaulife-new.ogrisdigital.at\/sv\/wp-json\/wp\/v2\/types\/product"}],"replies":[{"embeddable":true,"href":"https:\/\/donaulife-new.ogrisdigital.at\/sv\/wp-json\/wp\/v2\/comments?post=54416"}],"wp:featuredmedia":[{"embeddable":true,"href":"https:\/\/donaulife-new.ogrisdigital.at\/sv\/wp-json\/wp\/v2\/media\/38735"}],"wp:attachment":[{"href":"https:\/\/donaulife-new.ogrisdigital.at\/sv\/wp-json\/wp\/v2\/media?parent=54416"}],"wp:term":[{"taxonomy":"product_cat","embeddable":true,"href":"https:\/\/donaulife-new.ogrisdigital.at\/sv\/wp-json\/wp\/v2\/product_cat?post=54416"},{"taxonomy":"product_tag","embeddable":true,"href":"https:\/\/donaulife-new.ogrisdigital.at\/sv\/wp-json\/wp\/v2\/product_tag?post=54416"}],"curies":[{"name":"wp","href":"https:\/\/api.w.org\/{rel}","templated":true}]}}