{"id":54397,"date":"2023-02-17T13:08:32","date_gmt":"2023-02-17T13:08:32","guid":{"rendered":"https:\/\/donaulife-new.ogrisdigital.at\/produkt\/black-leaf-dab-nagel-mit-reaktor-quarz\/"},"modified":"2025-01-15T07:08:15","modified_gmt":"2025-01-15T07:08:15","slug":"black-leaf-dab-nagel-mit-reaktor-quarz","status":"publish","type":"product","link":"https:\/\/donaulife-new.ogrisdigital.at\/sv\/black-leaf-dab-nagel-mit-reaktor-quarz\/","title":{"rendered":"BLACK LEAF Dab Nagel mit Reaktor | Quarz"},"content":{"rendered":"<h2>Black Leaf Dab Nagel aus Quarz Glas<\/h2>\n<p>Der \u00d6lbanger aus sehr hitzebest\u00e4ndigem Quarzglas von\u00a0<strong>Black Leaf\u00ae<\/strong>\u00a0l\u00e4sst sich innerhalb k\u00fcrzester Zeit aufheizen, emittiert keine Stoffe und ist lebensmittel- und medizinzertifiziert. Der Kopf wird mit einem Butangas-Brenner erhitzt, erst dann wird das \u00d6l\/Konzentrat in die Pfanne getupft und der entstehende Rauch inhaliert.<\/p>\n<p>Der sogenannte Reaktor im Banger hilft, Hitze l\u00e4nger zu speichern und zu verteilen. Es entsteht mehr Oberfl\u00e4che, auf der \u00d6l und Wax verdampfen k\u00f6nnen &#8211; f\u00fcr mehr Geschmack und st\u00e4rkere Hits!<\/p>\n<p>F\u00fcr das ideale Dabbing und somit den perfekten Genuss von Konzentraten wie \u00d6l oder Wax ist es wichtig, f\u00fcr eine starke Rauchentwicklung zu sorgen, weswegen wir die Benutzung einer unserer zahlreichen, separat erh\u00e4ltlichen Carb Caps empfehlen.<\/p>\n<p><em>Achtung: Der Banger darf nur am Kopf erhitzt werden, da sonst die Gefahr besteht, dass der Schliff der Bong wegen Ausdehnung des Materials bricht.<\/em><\/p>\n<h3><span style=\"font-size: 20.16px;\">\u00dcber Black Leaf:<\/span><\/h3>\n<div>\n<p>In Weed We Trust ? Smoking\u00a0<em>Paraphernalia<\/em> seit 1988: Bongs, Pfeifen, Vaporizer, Grinder, Dabbing Zubeh\u00f6r, Paper &amp; Filter, Lifestyle Produkte. Es gibt viele Innovative Produkte der Marke die auch die ein oder andere Weltneuheit erschaffen haben. Im Shop bieten wir von allen Produkten die beste Auswahl.<\/p>\n<\/div>\n","protected":false},"excerpt":{"rendered":"<p>Black Leaf Dab Nagel aus Quarz Glas Der \u00d6lbanger aus sehr hitzebest\u00e4ndigem Quarzglas von\u00a0Black Leaf\u00ae\u00a0l\u00e4sst sich innerhalb k\u00fcrzester Zeit aufheizen,<\/p>\n","protected":false},"featured_media":38670,"comment_status":"open","ping_status":"open","template":"","meta":{"_acf_changed":false},"product_cat":[2459,2552,2549,2578,2460],"product_tag":[2521],"acf":[],"_links":{"self":[{"href":"https:\/\/donaulife-new.ogrisdigital.at\/sv\/wp-json\/wp\/v2\/product\/54397"}],"collection":[{"href":"https:\/\/donaulife-new.ogrisdigital.at\/sv\/wp-json\/wp\/v2\/product"}],"about":[{"href":"https:\/\/donaulife-new.ogrisdigital.at\/sv\/wp-json\/wp\/v2\/types\/product"}],"replies":[{"embeddable":true,"href":"https:\/\/donaulife-new.ogrisdigital.at\/sv\/wp-json\/wp\/v2\/comments?post=54397"}],"wp:featuredmedia":[{"embeddable":true,"href":"https:\/\/donaulife-new.ogrisdigital.at\/sv\/wp-json\/wp\/v2\/media\/38670"}],"wp:attachment":[{"href":"https:\/\/donaulife-new.ogrisdigital.at\/sv\/wp-json\/wp\/v2\/media?parent=54397"}],"wp:term":[{"taxonomy":"product_cat","embeddable":true,"href":"https:\/\/donaulife-new.ogrisdigital.at\/sv\/wp-json\/wp\/v2\/product_cat?post=54397"},{"taxonomy":"product_tag","embeddable":true,"href":"https:\/\/donaulife-new.ogrisdigital.at\/sv\/wp-json\/wp\/v2\/product_tag?post=54397"}],"curies":[{"name":"wp","href":"https:\/\/api.w.org\/{rel}","templated":true}]}}