{"id":54339,"date":"2023-02-03T13:21:14","date_gmt":"2023-02-03T13:21:14","guid":{"rendered":"https:\/\/donaulife-new.ogrisdigital.at\/produkt\/heisenberg-dab-rig-dab-step-19-cm\/"},"modified":"2024-07-01T01:04:22","modified_gmt":"2024-07-01T01:04:22","slug":"heisenberg-dab-rig-dab-step-19-cm","status":"publish","type":"product","link":"https:\/\/donaulife-new.ogrisdigital.at\/sv\/heisenberg-dab-rig-dab-step-19-cm\/","title":{"rendered":"HEISENBERG Dab Rig &#8216;Dab Step&#8217; | 19 cm"},"content":{"rendered":"<h2>Heisenberg Dab Bong<\/h2>\n<div id=\"description\" class=\"data item content\" role=\"tabpanel\" data-role=\"content\" aria-labelledby=\"tab-label-description\" aria-hidden=\"false\">\n<div class=\"product attribute description\">\n<div class=\"value\">\n<p>Dabben vom Feinsten mit dieser formsch\u00f6nen \u00d6l-Bong mit blaugef\u00e4rbten Applikationen.<br \/>\nAn den R\u00e4ndern von Mundst\u00fcck und Fu\u00df ist das Glas Blau gef\u00e4rbt, ein schwarzes Heisenberg-Logo dominiert den Bonghals.<br \/>\nDie leicht konkave W\u00f6lbung des Body sieht man nicht alle Tage und das fest eingebaute Chillum mit Circ-Diffusor ist sowohl am Diffusor als auch im Bereich der 14.5er Schliffh\u00fclse blau gef\u00e4rbt. So entsteht optisch ein Hingucker, der Spa\u00df macht.<br \/>\nMitgeliefert wird ein Banger-Kopf, mit dem \u00d6l geraucht werden kann. Es kann nat\u00fcrlich auch jeder andere Kopf mit 14.5er Schliff eingesetzt werden. Just do it!<\/p>\n<\/div>\n<\/div>\n<\/div>\n<div>\n<h3>\u00dcber Heisenberg:<\/h3>\n<div>\n<p>Heisenberg \u2013 nicht nur durch Breaking Bad ein Ph\u00e4nomen. Die Marke Heisenberg ist unter anderem durch ihre Glasbongs bekannt geworden. Keine Bong der Heisenberg Serie ist wie die andere. Hier werden verschiedene Gestaltungselemente geboten, wie beispielsweise poppige Farben oder mit Glow in the dark Funktion, Pl\u00e4tzen zum Einsetzen von LED Beleuchtung und anderen Extras.<\/p>\n<p>Bei dem interessanten Sortiment an Glasbongs, ist mit Sicherheit auch was f\u00fcr dich dabei!<\/p>\n<\/div>\n<\/div>\n","protected":false},"excerpt":{"rendered":"<p>Heisenberg Dab Bong Dabben vom Feinsten mit dieser formsch\u00f6nen \u00d6l-Bong mit blaugef\u00e4rbten Applikationen. An den R\u00e4ndern von Mundst\u00fcck und Fu\u00df<\/p>\n","protected":false},"featured_media":38214,"comment_status":"open","ping_status":"open","template":"","meta":{"_acf_changed":false},"product_cat":[2514,2459,2566,3404,2577,2506,2463,2520,2551],"product_tag":[3405,2466],"acf":[],"_links":{"self":[{"href":"https:\/\/donaulife-new.ogrisdigital.at\/sv\/wp-json\/wp\/v2\/product\/54339"}],"collection":[{"href":"https:\/\/donaulife-new.ogrisdigital.at\/sv\/wp-json\/wp\/v2\/product"}],"about":[{"href":"https:\/\/donaulife-new.ogrisdigital.at\/sv\/wp-json\/wp\/v2\/types\/product"}],"replies":[{"embeddable":true,"href":"https:\/\/donaulife-new.ogrisdigital.at\/sv\/wp-json\/wp\/v2\/comments?post=54339"}],"wp:featuredmedia":[{"embeddable":true,"href":"https:\/\/donaulife-new.ogrisdigital.at\/sv\/wp-json\/wp\/v2\/media\/38214"}],"wp:attachment":[{"href":"https:\/\/donaulife-new.ogrisdigital.at\/sv\/wp-json\/wp\/v2\/media?parent=54339"}],"wp:term":[{"taxonomy":"product_cat","embeddable":true,"href":"https:\/\/donaulife-new.ogrisdigital.at\/sv\/wp-json\/wp\/v2\/product_cat?post=54339"},{"taxonomy":"product_tag","embeddable":true,"href":"https:\/\/donaulife-new.ogrisdigital.at\/sv\/wp-json\/wp\/v2\/product_tag?post=54339"}],"curies":[{"name":"wp","href":"https:\/\/api.w.org\/{rel}","templated":true}]}}