{"id":54204,"date":"2022-11-30T20:09:47","date_gmt":"2022-11-30T20:09:47","guid":{"rendered":"https:\/\/donaulife-new.ogrisdigital.at\/produkt\/hoj-klip-kli-p-grinder\/"},"modified":"2024-07-01T01:03:23","modified_gmt":"2024-07-01T01:03:23","slug":"hoj-klip-kli-p-grinder","status":"publish","type":"product","link":"https:\/\/donaulife-new.ogrisdigital.at\/sv\/hoj-klip-kli-p-grinder\/","title":{"rendered":"H\u00d8J Klip [kli-p] Grinder"},"content":{"rendered":"<h1 class=\"title\">H\u00d8J Klip Grinder mit Spezialklingen<\/h1>\n<div>\n<p>KLIP ist nur dem Namen nach ein Grinder, denn er wurde zum ersten Mal seit \u00fcber 110 Jahren grundlegend \u00fcberarbeitet.<\/p>\n<p>Das ist keine Evolution, das ist eine <strong>Revolution<\/strong>.<\/p>\n<h3>Schneiden, nicht grinden<\/h3>\n<p>Im Gegensatz zu herk\u00f6mmlichen Grindern wird das Kraut bei KLIP nicht zerkleinert. Stattdessen schneiden die speziell angefertigten Doppelklingen das Kraut fein ab, wodurch eine viel lockerere Konsistenz entsteht, die gleichm\u00e4\u00dfiger verbrennt. Dadurch wird auch die Integrit\u00e4t der Kristalle gesch\u00fctzt, was zu einer st\u00e4rkeren Erfahrung mit genau demselben Kraut f\u00fchrt.<\/p>\n<p><img fetchpriority=\"high\" decoding=\"async\" class=\"alignnone wp-image-43368\" src=\"https:\/\/www.donaulife.com\/wp-content\/uploads\/2022\/11\/Klip-slice-cf1a1daf-04cd-43e9-89a6-12681b85ab8a-3--300x211.gif\" alt=\"\" width=\"539\" height=\"379\" \/><\/p>\n<h3>Magnetische Magie<\/h3>\n<p>Der zentrale Stift schwebt mit Hilfe von gegen\u00fcberliegenden Magneten in der Luft, dadurch wird der Kontakt drastisch reduziert wird. Dies erm\u00f6glicht eine nahezu reibungslose Drehung. Vergesse Grinder, die klemmen, verstopfen und brechen &#8211; KLIP dreht sich buchst\u00e4blich.<\/p>\n<p><img decoding=\"async\" class=\"alignnone wp-image-43369\" src=\"https:\/\/www.donaulife.com\/wp-content\/uploads\/2022\/11\/Klip-4-copia-300x211.gif\" alt=\"\" width=\"539\" height=\"379\" \/><\/p>\n<h3>Gestalten Sie es nach Ihrem Geschmack<\/h3>\n<p>Das zum Patent angemeldete magnetische Zubeh\u00f6rsystem von KLIP wird mit drei verschiedenen Regelscheiben und einem Pollensieb geliefert, die alle m\u00fchelos einrasten. Das bedeutet feines Kraut, grob geschnittenes Kraut f\u00fcr Pfeifen und alles dazwischen. Genie\u00dfe es auf deine Weise mit nur einem Klick.<\/p>\n<p><img decoding=\"async\" class=\"alignnone wp-image-43350\" src=\"https:\/\/www.donaulife.com\/wp-content\/uploads\/2022\/11\/Make-it-your-own-2022-V2-300x211.webp\" alt=\"\" width=\"539\" height=\"379\" \/><\/p>\n<h3>Einfach f\u00fcr alle<\/h3>\n<p>Bei der Entwicklung von KLIP waren wir fest entschlossen, es f\u00fcr alle zug\u00e4nglich zu machen, auch f\u00fcr Menschen mit eingeschr\u00e4nkter Fingerfertigkeit. Und das haben wir getan. Deshalb \u00f6ffnet sich der KLIP magnetisch mit einer Drehung von nur 10 Grad und l\u00e4sst sich im Gegensatz zu dem Vierteldrehsystem, auf dem die meisten Grinder basieren, m\u00fchelos in 1-Grad-Schritten drehen.<\/p>\n<\/div>\n<p><img loading=\"lazy\" decoding=\"async\" class=\"alignnone wp-image-43351\" src=\"https:\/\/www.donaulife.com\/wp-content\/uploads\/2022\/11\/klip-7-300x211.webp\" alt=\"\" width=\"539\" height=\"379\" \/><\/p>\n<div><strong>Abmessungen<\/strong><\/div>\n<div><\/div>\n<div>Durchmesser: 66 mm<br \/>\nH\u00f6he: 57 mm<\/div>\n<div><span style=\"color: #555555; font-size: 14.4px;\">Tragf\u00e4higkeit: 1,6 g Material<\/span><\/div>\n<div><span style=\"color: #555555; font-size: 14.4px;\">Fassungsverm\u00f6gen: 3,2 g<\/span><\/div>\n<p><strong>Informationen<\/strong><\/p>\n<ul>\n<li>Gewindefreie magnetische Montage<\/li>\n<li>Zum Patent angemeldetes Design<\/li>\n<li>Zwei Pr\u00e4zisionsklingen<\/li>\n<li>Lebenslange Garantie<\/li>\n<li>Ergonomisches Design<\/li>\n<li>Problemlose Reinigung<\/li>\n<li>Modularer Aufbau<\/li>\n<\/ul>\n<p><strong>Werkstoff<\/strong><\/p>\n<ul>\n<li>Rostfreier Stahl<\/li>\n<li>Magnete<\/li>\n<li>Eloxiertes, recycelbares Aluminium<\/li>\n<li>Poliertes Messing<\/li>\n<\/ul>\n<div><\/div>\n<div>\n<div style=\"width: 556px;\" class=\"wp-video\"><!--[if lt IE 9]><script>document.createElement('video');<\/script><![endif]-->\n<video class=\"wp-video-shortcode\" id=\"video-54204-1\" width=\"556\" height=\"556\" loop=\"1\" autoplay=\"1\" preload=\"metadata\" controls=\"controls\"><source type=\"video\/mp4\" src=\"https:\/\/www.donaulife.com\/wp-content\/uploads\/2022\/11\/KLIP-exploded.mp4?_=1\" \/><a href=\"https:\/\/www.donaulife.com\/wp-content\/uploads\/2022\/11\/KLIP-exploded.mp4\" target=\"_blank\" rel=\"noopener\">https:\/\/www.donaulife.com\/wp-content\/uploads\/2022\/11\/KLIP-exploded.mp4<\/a><\/video><\/div>\n<div><\/div>\n<h3>Was ist dabei?<\/h3>\n<p><strong>Mit jedem KLIP erhalten Sie immer:<\/strong><\/p>\n<ul>\n<li>KLIP<\/li>\n<li>3 Kontroll-Scheiben<\/li>\n<li>1 Auffangnetz<\/li>\n<li>Kork- und Bio-Verpackung<\/li>\n<\/ul>\n<p><strong>Zus\u00e4tzlich erh\u00e4ltlich:<\/strong><\/p>\n<ul>\n<li>Der Trichter<\/li>\n<li>Feines Sammelnetz<\/li>\n<li>Mittlere Maschenweite<\/li>\n<\/ul>\n<p><img loading=\"lazy\" decoding=\"async\" class=\"alignnone wp-image-43352\" src=\"https:\/\/www.donaulife.com\/wp-content\/uploads\/2022\/11\/KLIP_whatsinthebox_2022edit_minusallparts-V2-300x146.webp\" alt=\"\" width=\"538\" height=\"262\" \/><\/p>\n<h3>How to:<\/h3>\n<p><strong>Zusammenbauen:<\/strong><\/p>\n<div style=\"width: 1280px;\" class=\"wp-video\"><video class=\"wp-video-shortcode\" id=\"video-54204-2\" width=\"1280\" height=\"720\" preload=\"metadata\" controls=\"controls\"><source type=\"video\/mp4\" src=\"https:\/\/www.donaulife.com\/wp-content\/uploads\/2022\/11\/assamble.mp4?_=2\" \/><a href=\"https:\/\/www.donaulife.com\/wp-content\/uploads\/2022\/11\/assamble.mp4\" target=\"_blank\" rel=\"noopener\">https:\/\/www.donaulife.com\/wp-content\/uploads\/2022\/11\/assamble.mp4<\/a><\/video><\/div>\n<div>\n<p><strong>Reinigen:<\/strong><\/p>\n<div style=\"width: 1280px;\" class=\"wp-video\"><video class=\"wp-video-shortcode\" id=\"video-54204-3\" width=\"1280\" height=\"720\" preload=\"metadata\" controls=\"controls\"><source type=\"video\/mp4\" src=\"https:\/\/www.donaulife.com\/wp-content\/uploads\/2022\/11\/clean.mp4?_=3\" \/><a href=\"https:\/\/www.donaulife.com\/wp-content\/uploads\/2022\/11\/clean.mp4\" target=\"_blank\" rel=\"noopener\">https:\/\/www.donaulife.com\/wp-content\/uploads\/2022\/11\/clean.mp4<\/a><\/video><\/div>\n<div>\n<p><strong>Zusammenpacken:<\/strong><\/p>\n<div style=\"width: 1280px;\" class=\"wp-video\"><video class=\"wp-video-shortcode\" id=\"video-54204-4\" width=\"1280\" height=\"720\" preload=\"metadata\" controls=\"controls\"><source type=\"video\/mp4\" src=\"https:\/\/www.donaulife.com\/wp-content\/uploads\/2022\/11\/pack.mp4?_=4\" \/><a href=\"https:\/\/www.donaulife.com\/wp-content\/uploads\/2022\/11\/pack.mp4\" target=\"_blank\" rel=\"noopener\">https:\/\/www.donaulife.com\/wp-content\/uploads\/2022\/11\/pack.mp4<\/a><\/video><\/div>\n<div>\n<p><strong>Zubeh\u00f6r verwenden:<\/strong><\/p>\n<div style=\"width: 1280px;\" class=\"wp-video\"><video class=\"wp-video-shortcode\" id=\"video-54204-5\" width=\"1280\" height=\"720\" preload=\"metadata\" controls=\"controls\"><source type=\"video\/mp4\" src=\"https:\/\/www.donaulife.com\/wp-content\/uploads\/2022\/11\/c217098ba7ac44e39976623d1c84eaf4.mp4?_=5\" \/><a href=\"https:\/\/www.donaulife.com\/wp-content\/uploads\/2022\/11\/c217098ba7ac44e39976623d1c84eaf4.mp4\" target=\"_blank\" rel=\"noopener\">https:\/\/www.donaulife.com\/wp-content\/uploads\/2022\/11\/c217098ba7ac44e39976623d1c84eaf4.mp4<\/a><\/video><\/div>\n<div>\n<h3>\u00dcber H\u00d8J:<\/h3>\n<div>\n<p>H\u00d8J hat sich zum Ziel gesetzt, die Art und Weise zu ver\u00e4ndern, wie wir Cannabis erleben, indem Sie magische Produkte schaffen, die die Erfahrung des Nutzers in jeder Phase perfektionieren. Im Laufe unserer Geschichte werden sich zweifelsohne viele Dinge \u00e4ndern. Was sich jedoch niemals \u00e4ndern wird, sind unsere Werte.<\/p>\n<p>Diese wirst du sp\u00fcren, wenn du unsere Produkte verwendest.<\/p>\n<\/div>\n<p><iframe id=\"20469a2b-24ac-4a6e-b10a-65234a2533fe\" src=\"https:\/\/www.vectary.com\/viewer\/v1\/?model=20469a2b-24ac-4a6e-b10a-65234a2533fe&amp;env=teufelsbergground2&amp;autoplay=0&amp;turntable=3\" width=\"100%\" height=\"480\" frameborder=\"0\"><\/iframe><\/p>\n<\/div>\n<\/div>\n<\/div>\n<\/div>\n<\/div>\n","protected":false},"excerpt":{"rendered":"<p>H\u00d8J Klip Grinder mit Spezialklingen KLIP ist nur dem Namen nach ein Grinder, denn er wurde zum ersten Mal seit<\/p>\n","protected":false},"featured_media":37649,"comment_status":"open","ping_status":"open","template":"","meta":{"_acf_changed":false},"product_cat":[2481,2482,2480,2451,2483],"product_tag":[3635],"acf":[],"_links":{"self":[{"href":"https:\/\/donaulife-new.ogrisdigital.at\/sv\/wp-json\/wp\/v2\/product\/54204"}],"collection":[{"href":"https:\/\/donaulife-new.ogrisdigital.at\/sv\/wp-json\/wp\/v2\/product"}],"about":[{"href":"https:\/\/donaulife-new.ogrisdigital.at\/sv\/wp-json\/wp\/v2\/types\/product"}],"replies":[{"embeddable":true,"href":"https:\/\/donaulife-new.ogrisdigital.at\/sv\/wp-json\/wp\/v2\/comments?post=54204"}],"wp:featuredmedia":[{"embeddable":true,"href":"https:\/\/donaulife-new.ogrisdigital.at\/sv\/wp-json\/wp\/v2\/media\/37649"}],"wp:attachment":[{"href":"https:\/\/donaulife-new.ogrisdigital.at\/sv\/wp-json\/wp\/v2\/media?parent=54204"}],"wp:term":[{"taxonomy":"product_cat","embeddable":true,"href":"https:\/\/donaulife-new.ogrisdigital.at\/sv\/wp-json\/wp\/v2\/product_cat?post=54204"},{"taxonomy":"product_tag","embeddable":true,"href":"https:\/\/donaulife-new.ogrisdigital.at\/sv\/wp-json\/wp\/v2\/product_tag?post=54204"}],"curies":[{"name":"wp","href":"https:\/\/api.w.org\/{rel}","templated":true}]}}