{"id":54155,"date":"2022-11-04T14:27:51","date_gmt":"2022-11-04T14:27:51","guid":{"rendered":"https:\/\/donaulife-new.ogrisdigital.at\/produkt\/grannys-weed-new-world-grinder-4-teilig-o-55-63-mm\/"},"modified":"2024-07-01T01:02:54","modified_gmt":"2024-07-01T01:02:54","slug":"grannys-weed-new-world-grinder-4-teilig-o-55-63-mm","status":"publish","type":"product","link":"https:\/\/donaulife-new.ogrisdigital.at\/sv\/grannys-weed-new-world-grinder-4-teilig-o-55-63-mm\/","title":{"rendered":"GRANNY\u00b4S WEED &#8216;New World&#8217; Grinder 4-teilig | \u00d8 55-63 mm"},"content":{"rendered":"<h2>Treuer Begleiter mit allen Vorz\u00fcgen: Der 4-teiliger Alu-Grinder mit Pollinator!<\/h2>\n<ul>\n<li>PR\u00c4ZISION. Die perfekte Kr\u00e4uterm\u00fchle f\u00fcr den Alltag. Aus der optimalen Abstimmung zwischen pr\u00e4zisen, scharfen Mahlz\u00e4hnen und der idealen Lochgr\u00f6\u00dfe entsteht in wenigen Umdrehungen ein bestm\u00f6glich gemahlenes Endprodukt ohne zu verkleben.<\/li>\n<li>LANGLEBIGKEIT. Im sorgf\u00e4ltigen CNC-Drehverfahren gefr\u00e4ster Aluminium Grinder. Mit gro\u00dfm\u00fctterlicher F\u00fcrsorge hergestellt und verpackt. GRANNY\u2019S Kr\u00e4uterm\u00fchle \u00fcberzeugt mit einer langj\u00e4hrigen Einsatzbereitschaft. Besonders die starke Magnetkraft l\u00e4sst den Grinder zu einer stimmigen Einheit verschmelzen.<\/li>\n<li>EFFIZIENZ. Ideale Kombination aus angeschr\u00e4gtem Pollenfilter und abgerundetem Pollenfach. Diese besondere Fertigung erspart m\u00fchseliges Zusammenkratzen und garantiert ein einwandfreies Grind Erlebnis wie aus GRANNY\u2019S K\u00fcche.<\/li>\n<li>VARIATION. Die Kr\u00e4uterm\u00fchle ist in vier verschiedenen Farbvarianten erh\u00e4ltlich. Diese bestechen durch ihre kr\u00e4ftigen Farben.<\/li>\n<li>LIEFERUMFANG: 1x GRANNY\u2019S Grinder, \u2205 55-63mm, (Alluminium), 1x Pollenschieber<\/li>\n<\/ul>\n<h3>\u00dcber Granny\u00b4s Weed:<\/h3>\n<div>\n<p>Moin, wir sind Constantin und Pablo von GRANNY\u2019S WEED! Wir haben dieses Start-Up gegr\u00fcndet, weil wir mit unserer Marke die Entkriminalisierung von Hanf in Deutschland f\u00f6rdern und auf den medizinischen Nutzen aufmerksam machen wollen.<\/p>\n<p>Auch wenn wir bisher nur ein Start-Up sind, m\u00f6chten wir etwas Gutes tun. Wir werden langfristig 5% unseres Gewinns an Organisationen, die sich f\u00fcr die Legalisierung von Hanf in Europa einsetzen, spenden. Auch Organisationen, welche dessen medizinischen Nutzen f\u00f6rdern und vorantreiben, gilt es zu unterst\u00fctzen.<\/p>\n<p>Unsere Produkte werden mit gro\u00dfm\u00fctterlicher F\u00fcrsorge hergestellt und verpackt. Wir arbeiten stets an neuen Produktideen, um euch den positiven Gebrauch und Nutzen von Hanf n\u00e4her zu bringen. Hanf geh\u00f6rt zu den nachhaltigsten Pflanzen, die unsere Erde zu bieten hat.<\/p>\n<\/div>\n","protected":false},"excerpt":{"rendered":"<p>Treuer Begleiter mit allen Vorz\u00fcgen: Der 4-teiliger Alu-Grinder mit Pollinator! PR\u00c4ZISION. Die perfekte Kr\u00e4uterm\u00fchle f\u00fcr den Alltag. Aus der optimalen<\/p>\n","protected":false},"featured_media":37423,"comment_status":"open","ping_status":"open","template":"","meta":{"_acf_changed":false},"product_cat":[2481,2482,2489,2566,3238,2480,2451,2483],"product_tag":[3239],"acf":[],"_links":{"self":[{"href":"https:\/\/donaulife-new.ogrisdigital.at\/sv\/wp-json\/wp\/v2\/product\/54155"}],"collection":[{"href":"https:\/\/donaulife-new.ogrisdigital.at\/sv\/wp-json\/wp\/v2\/product"}],"about":[{"href":"https:\/\/donaulife-new.ogrisdigital.at\/sv\/wp-json\/wp\/v2\/types\/product"}],"replies":[{"embeddable":true,"href":"https:\/\/donaulife-new.ogrisdigital.at\/sv\/wp-json\/wp\/v2\/comments?post=54155"}],"wp:featuredmedia":[{"embeddable":true,"href":"https:\/\/donaulife-new.ogrisdigital.at\/sv\/wp-json\/wp\/v2\/media\/37423"}],"wp:attachment":[{"href":"https:\/\/donaulife-new.ogrisdigital.at\/sv\/wp-json\/wp\/v2\/media?parent=54155"}],"wp:term":[{"taxonomy":"product_cat","embeddable":true,"href":"https:\/\/donaulife-new.ogrisdigital.at\/sv\/wp-json\/wp\/v2\/product_cat?post=54155"},{"taxonomy":"product_tag","embeddable":true,"href":"https:\/\/donaulife-new.ogrisdigital.at\/sv\/wp-json\/wp\/v2\/product_tag?post=54155"}],"curies":[{"name":"wp","href":"https:\/\/api.w.org\/{rel}","templated":true}]}}