{"id":54139,"date":"2022-11-02T16:26:56","date_gmt":"2022-11-02T16:26:56","guid":{"rendered":"https:\/\/donaulife-new.ogrisdigital.at\/produkt\/clipper-feuerzeug-future-leaves\/"},"modified":"2024-07-01T01:02:44","modified_gmt":"2024-07-01T01:02:44","slug":"clipper-feuerzeug-future-leaves","status":"publish","type":"product","link":"https:\/\/donaulife-new.ogrisdigital.at\/sv\/clipper-feuerzeug-future-leaves\/","title":{"rendered":"CLIPPER Feuerzeug &#8216;Future Leaves&#8217;"},"content":{"rendered":"<h2>Clipper Feuerzeug mit bunten Bl\u00e4ttern<\/h2>\n<p>Hier siehst du ein CLIPPER Feuerzeug, perfekt daf\u00fcr geeignet den Inhalt von Bongk\u00f6pfchen zu entz\u00fcnden, da sich die Flamme vergr\u00f6\u00dfert wenn es Kopf\u00fcber gehalten wird. Hier frische Design der CLIPPER Serie &#8216;Future Leaves&#8217;.<\/p>\n<p>Clipper k\u00f6nnen au\u00dferdem als Flaschenst\u00f6psel dienen.<\/p>\n<h3>\u00dcber Clipper:<\/h3>\n<p>Clipper ist ein Synonym f\u00fcr Zuverl\u00e4ssigkeit und dieses Modell ist keine Ausnahme! Das erste Clipper-Feuerzeug wurde 1972 hergestellt, und jetzt das weltweite Niveau der Produktion ist rund 450 Millionen Einheiten pro Jahr.<\/p>\n","protected":false},"excerpt":{"rendered":"<p>Clipper Feuerzeug mit bunten Bl\u00e4ttern Hier siehst du ein CLIPPER Feuerzeug, perfekt daf\u00fcr geeignet den Inhalt von Bongk\u00f6pfchen zu entz\u00fcnden,<\/p>\n","protected":false},"featured_media":37345,"comment_status":"open","ping_status":"open","template":"","meta":{"_acf_changed":false},"product_cat":[2494,2489,2774,2775,2451],"product_tag":[2776],"acf":[],"_links":{"self":[{"href":"https:\/\/donaulife-new.ogrisdigital.at\/sv\/wp-json\/wp\/v2\/product\/54139"}],"collection":[{"href":"https:\/\/donaulife-new.ogrisdigital.at\/sv\/wp-json\/wp\/v2\/product"}],"about":[{"href":"https:\/\/donaulife-new.ogrisdigital.at\/sv\/wp-json\/wp\/v2\/types\/product"}],"replies":[{"embeddable":true,"href":"https:\/\/donaulife-new.ogrisdigital.at\/sv\/wp-json\/wp\/v2\/comments?post=54139"}],"wp:featuredmedia":[{"embeddable":true,"href":"https:\/\/donaulife-new.ogrisdigital.at\/sv\/wp-json\/wp\/v2\/media\/37345"}],"wp:attachment":[{"href":"https:\/\/donaulife-new.ogrisdigital.at\/sv\/wp-json\/wp\/v2\/media?parent=54139"}],"wp:term":[{"taxonomy":"product_cat","embeddable":true,"href":"https:\/\/donaulife-new.ogrisdigital.at\/sv\/wp-json\/wp\/v2\/product_cat?post=54139"},{"taxonomy":"product_tag","embeddable":true,"href":"https:\/\/donaulife-new.ogrisdigital.at\/sv\/wp-json\/wp\/v2\/product_tag?post=54139"}],"curies":[{"name":"wp","href":"https:\/\/api.w.org\/{rel}","templated":true}]}}