{"id":54005,"date":"2022-09-12T14:38:25","date_gmt":"2022-09-12T14:38:25","guid":{"rendered":"https:\/\/donaulife-new.ogrisdigital.at\/produkt\/kavatza-tabaktasche-leatherface\/"},"modified":"2024-07-01T01:01:27","modified_gmt":"2024-07-01T01:01:27","slug":"kavatza-tabaktasche-leatherface","status":"publish","type":"product","link":"https:\/\/donaulife-new.ogrisdigital.at\/sv\/kavatza-tabaktasche-leatherface\/","title":{"rendered":"KAVATZA Tabaktasche &#8216;Leatherface&#8217;"},"content":{"rendered":"<h2>Kavatza Tabaktasche Echt Leder<\/h2>\n<p>Original Kavatza &#8216;Cannaboy&#8217; Drehtasche aus Leder mit G\u00fcrtelapplikation und eingestanztem Hanfblatt. Einzigartig und wahrhaftig. Sie hat zwei Innentaschen, die hintere f\u00fcr den Tabak und die vordere f\u00fcr Filter und Feuerzeug. Die Bl\u00e4ttchenhalter sind selbstverst\u00e4ndlich auch angebracht.<\/p>\n<p>Durch das echte Leder bleibt zudem die Feuchtigkeit im Tabak l\u00e4nger erhalten. Alles in allem ist diese Tabaktasche eine Kombination aus praktischem und elegantem Design.<\/p>\n<p>Ein individuelles, exklusives Geschenk und unverzichtbar f\u00fcr jeden Tabakgenie\u00dfer.<\/p>\n<p>Die ORIGINAL KAVATZA TASCHE ist \u00fcberall einsatzbereit. Man setzt sich gem\u00fctlich hin, legt sich die KAVATZA TASCHE aufs Bein oder den Tisch und dreht bequem seine &#8221;laaaange yummi Zigarette&#8221;.\u00a0<em>ENJOINT IT !<\/em><\/p>\n","protected":false},"excerpt":{"rendered":"<p>Kavatza Tabaktasche Echt Leder Original Kavatza &#8216;Cannaboy&#8217; Drehtasche aus Leder mit G\u00fcrtelapplikation und eingestanztem Hanfblatt. Einzigartig und wahrhaftig. Sie hat<\/p>\n","protected":false},"featured_media":36782,"comment_status":"open","ping_status":"open","template":"","meta":{"_acf_changed":false},"product_cat":[2607,2451,3313],"product_tag":[],"acf":[],"_links":{"self":[{"href":"https:\/\/donaulife-new.ogrisdigital.at\/sv\/wp-json\/wp\/v2\/product\/54005"}],"collection":[{"href":"https:\/\/donaulife-new.ogrisdigital.at\/sv\/wp-json\/wp\/v2\/product"}],"about":[{"href":"https:\/\/donaulife-new.ogrisdigital.at\/sv\/wp-json\/wp\/v2\/types\/product"}],"replies":[{"embeddable":true,"href":"https:\/\/donaulife-new.ogrisdigital.at\/sv\/wp-json\/wp\/v2\/comments?post=54005"}],"wp:featuredmedia":[{"embeddable":true,"href":"https:\/\/donaulife-new.ogrisdigital.at\/sv\/wp-json\/wp\/v2\/media\/36782"}],"wp:attachment":[{"href":"https:\/\/donaulife-new.ogrisdigital.at\/sv\/wp-json\/wp\/v2\/media?parent=54005"}],"wp:term":[{"taxonomy":"product_cat","embeddable":true,"href":"https:\/\/donaulife-new.ogrisdigital.at\/sv\/wp-json\/wp\/v2\/product_cat?post=54005"},{"taxonomy":"product_tag","embeddable":true,"href":"https:\/\/donaulife-new.ogrisdigital.at\/sv\/wp-json\/wp\/v2\/product_tag?post=54005"}],"curies":[{"name":"wp","href":"https:\/\/api.w.org\/{rel}","templated":true}]}}