{"id":53980,"date":"2022-09-12T10:03:38","date_gmt":"2022-09-12T10:03:38","guid":{"rendered":"https:\/\/donaulife-new.ogrisdigital.at\/produkt\/blaze-glass-percolatorbong-turbine-285-cm\/"},"modified":"2025-01-15T07:09:01","modified_gmt":"2025-01-15T07:09:01","slug":"blaze-glass-percolatorbong-turbine-285-cm","status":"publish","type":"product","link":"https:\/\/donaulife-new.ogrisdigital.at\/sv\/blaze-glass-percolatorbong-turbine-285-cm\/","title":{"rendered":"BLAZE GLASS Percolatorbong &#8216;Turbine&#8217; | 28,5 cm"},"content":{"rendered":"<div class=\"std\">\n<h2>Blaze Glass Percolatorbong<\/h2>\n<p>Ein Trommelperkolator plus eine Turbinenscheibe sorgen bei dieser kompakten BLAZE GLASS\u00ae Bong f\u00fcr einen heftigen Sturm im Bongwasser und somit f\u00fcr ausreichend Abk\u00fchlung des Rauches. Au\u00dferdem wird der Rauch dabei auch noch gefiltert, so dass dieser angenehm smooth wird.<\/p>\n<p>Gefertigt ist die Dampfturbine aus bestem Borosilikatglas mit einer Wandst\u00e4rke von 5mm, was hohe Stabilit\u00e4t garantiert. Der starke Rundfu\u00df gibt der Bong sicheren Stand. Trotz ihrer relativen Schwere ist die Blubber sehr gut zu halten und man kann sich beim Durchziehen entspannt zur\u00fccklehnen. Der Kopf ist f\u00fcr Kr\u00e4uter und wird f\u00fcr den letzten Kick hochgezogen. Das funktioniert dank des breiten Griffes ohne sich dabei die Finger zu verbrennen oder zu verschmutzen.<\/p>\n<p>Der senkrechte Schliff (NS 19) ist ideal, um Bongadapter mit Vaporizer zu benutzen. Dies bringt Abwechslung in den Bongalltag. Auch zum Dabben eignet sich dieses Prachtst\u00fcck sehr gut, einfach den Kr\u00e4uterkopf mit einem Banger oder \u00d6lkopf austauschen, fertig ist die Oil Rig!<\/p>\n<\/div>\n<div><span style=\"font-size: 20.16px;\">\u00dcber Blaze Glass:<\/span><\/div>\n<div>\n<div>\n<p>Blaze-Glass-Bongs sind aus spannungsfreiem 3.1-Borosilikatglas (vergleichbar mit Duranglas) h\u00f6chster G\u00fcteklasse gefertigt. Mindestens 5 mm Wandst\u00e4rke machen eine Wasserpfeife robust.<br \/>\nWir verwenden extrem passgenaue Normschliffe in 14,5 bzw. 18,8 mm. Je nach Bong-Geometrie kommen normale Schliffe, verst\u00e4rkte Schliffe und bi-stabile Schliffe (doppelte Wand) in unseren Produkten zum Einsatz.<\/p>\n<\/div>\n<\/div>\n","protected":false},"excerpt":{"rendered":"<p>Blaze Glass Percolatorbong Ein Trommelperkolator plus eine Turbinenscheibe sorgen bei dieser kompakten BLAZE GLASS\u00ae Bong f\u00fcr einen heftigen Sturm im<\/p>\n","protected":false},"featured_media":36652,"comment_status":"open","ping_status":"open","template":"","meta":{"_acf_changed":false},"product_cat":[2514,2545,2459,2513,2577,2506,2463,2520],"product_tag":[2547],"acf":[],"_links":{"self":[{"href":"https:\/\/donaulife-new.ogrisdigital.at\/sv\/wp-json\/wp\/v2\/product\/53980"}],"collection":[{"href":"https:\/\/donaulife-new.ogrisdigital.at\/sv\/wp-json\/wp\/v2\/product"}],"about":[{"href":"https:\/\/donaulife-new.ogrisdigital.at\/sv\/wp-json\/wp\/v2\/types\/product"}],"replies":[{"embeddable":true,"href":"https:\/\/donaulife-new.ogrisdigital.at\/sv\/wp-json\/wp\/v2\/comments?post=53980"}],"wp:featuredmedia":[{"embeddable":true,"href":"https:\/\/donaulife-new.ogrisdigital.at\/sv\/wp-json\/wp\/v2\/media\/36652"}],"wp:attachment":[{"href":"https:\/\/donaulife-new.ogrisdigital.at\/sv\/wp-json\/wp\/v2\/media?parent=53980"}],"wp:term":[{"taxonomy":"product_cat","embeddable":true,"href":"https:\/\/donaulife-new.ogrisdigital.at\/sv\/wp-json\/wp\/v2\/product_cat?post=53980"},{"taxonomy":"product_tag","embeddable":true,"href":"https:\/\/donaulife-new.ogrisdigital.at\/sv\/wp-json\/wp\/v2\/product_tag?post=53980"}],"curies":[{"name":"wp","href":"https:\/\/api.w.org\/{rel}","templated":true}]}}