{"id":53964,"date":"2022-09-11T21:34:12","date_gmt":"2022-09-11T21:34:12","guid":{"rendered":"https:\/\/donaulife-new.ogrisdigital.at\/produkt\/heisenberg-glasbong-ghetto-pimp-31-cm\/"},"modified":"2024-02-26T11:43:32","modified_gmt":"2024-02-26T11:43:32","slug":"heisenberg-glasbong-ghetto-pimp-31-cm","status":"publish","type":"product","link":"https:\/\/donaulife-new.ogrisdigital.at\/sv\/heisenberg-glasbong-ghetto-pimp-31-cm\/","title":{"rendered":"HEISENBERG Glasbong &#8216;Ghetto Pimp&#8217; | 30 cm"},"content":{"rendered":"<h2>Heisenberg sandgestrahlt<\/h2>\n<div id=\"description\" class=\"data item content\" role=\"tabpanel\" data-role=\"content\" aria-labelledby=\"tab-label-description\" aria-hidden=\"false\">\n<div class=\"product attribute description\">\n<div class=\"value\">\n<p>Die t\u00fcrkise F\u00e4rbung der Glasbong &#8220;Ghetto Pimp&#8221; von Heisenberg ist absolut ungew\u00f6hnlich auf dem Markt. Dadurch sticht die Wasserpfeife unter allen Bongs deutlich heraus. Heisenberg als Fashion Victim? Wohl eher nicht, aber mal ein erfirschender Farbtupfer in der HNBG Palette.<br \/>\nZus\u00e4tzlich zur Farbe ist der Ghetto Pimp matt sandgestrahlt, was ihm einen edlen Look verpasst. Ein ringf\u00f6rmiger, etwas schmaler Bereich ist dabei ausgespart, so dass man den Wasserpegel und den Wasserzustand gut sehen kann.<br \/>\nUm auch inhaltlich ein genussvolles Raucherlebnis zu liefern, ist die Beaker-Bong mit Eiskerben und mit Kickloch versehen.<\/p>\n<\/div>\n<\/div>\n<\/div>\n<div>\n<h3>\u00dcber Heisenberg:<\/h3>\n<div>\n<p>Heisenberg \u2013 nicht nur durch Breaking Bad ein Ph\u00e4nomen. Die Marke Heisenberg ist unter anderem durch ihre Glasbongs bekannt geworden. Keine Bong der Heisenberg Serie ist wie die andere. Hier werden verschiedene Gestaltungselemente geboten, wie beispielsweise poppige Farben oder mit Glow in the dark Funktion, Pl\u00e4tzen zum Einsetzen von LED Beleuchtung und anderen Extras.<\/p>\n<p>Bei dem interessanten Sortiment an Glasbongs, ist mit Sicherheit auch was f\u00fcr dich dabei!<\/p>\n<\/div>\n<\/div>\n","protected":false},"excerpt":{"rendered":"<p>Heisenberg sandgestrahlt Die t\u00fcrkise F\u00e4rbung der Glasbong &#8220;Ghetto Pimp&#8221; von Heisenberg ist absolut ungew\u00f6hnlich auf dem Markt. Dadurch sticht die<\/p>\n","protected":false},"featured_media":36534,"comment_status":"open","ping_status":"closed","template":"","meta":{"_acf_changed":false},"product_cat":[2514,2459,2510,2507,3404,2523,2515,2506,2463],"product_tag":[3405,2466],"acf":[],"_links":{"self":[{"href":"https:\/\/donaulife-new.ogrisdigital.at\/sv\/wp-json\/wp\/v2\/product\/53964"}],"collection":[{"href":"https:\/\/donaulife-new.ogrisdigital.at\/sv\/wp-json\/wp\/v2\/product"}],"about":[{"href":"https:\/\/donaulife-new.ogrisdigital.at\/sv\/wp-json\/wp\/v2\/types\/product"}],"replies":[{"embeddable":true,"href":"https:\/\/donaulife-new.ogrisdigital.at\/sv\/wp-json\/wp\/v2\/comments?post=53964"}],"wp:featuredmedia":[{"embeddable":true,"href":"https:\/\/donaulife-new.ogrisdigital.at\/sv\/wp-json\/wp\/v2\/media\/36534"}],"wp:attachment":[{"href":"https:\/\/donaulife-new.ogrisdigital.at\/sv\/wp-json\/wp\/v2\/media?parent=53964"}],"wp:term":[{"taxonomy":"product_cat","embeddable":true,"href":"https:\/\/donaulife-new.ogrisdigital.at\/sv\/wp-json\/wp\/v2\/product_cat?post=53964"},{"taxonomy":"product_tag","embeddable":true,"href":"https:\/\/donaulife-new.ogrisdigital.at\/sv\/wp-json\/wp\/v2\/product_tag?post=53964"}],"curies":[{"name":"wp","href":"https:\/\/api.w.org\/{rel}","templated":true}]}}