{"id":53950,"date":"2022-09-11T19:12:40","date_gmt":"2022-09-11T19:12:40","guid":{"rendered":"https:\/\/donaulife-new.ogrisdigital.at\/produkt\/bongbuerste-mit-weicher-spitze-47-cm\/"},"modified":"2025-01-15T07:09:20","modified_gmt":"2025-01-15T07:09:20","slug":"bongbuerste-mit-weicher-spitze-47-cm","status":"publish","type":"product","link":"https:\/\/donaulife-new.ogrisdigital.at\/sv\/bongbuerste-mit-weicher-spitze-47-cm\/","title":{"rendered":"Bongb\u00fcrste mit weicher Spitze | 47 cm"},"content":{"rendered":"<h2>Bongb\u00fcrste mit weicher Spitze 47 cm<\/h2>\n<p>B\u00fcrste mit weicher Baumwoll-Spitze zum snaften Reinigen und Trocknen und Naturborsten zum kr\u00e4ftigen Reiningen, mit flexiblem Griff mit \u00d6se. Der Durchmesser der B\u00fcrste betr\u00e4gt etwa 9 cm.<\/p>\n","protected":false},"excerpt":{"rendered":"<p>Bongb\u00fcrste mit weicher Spitze 47 cm B\u00fcrste mit weicher Baumwoll-Spitze zum snaften Reinigen und Trocknen und Naturborsten zum kr\u00e4ftigen Reiningen,<\/p>\n","protected":false},"featured_media":36420,"comment_status":"open","ping_status":"open","template":"","meta":{"_acf_changed":false},"product_cat":[2459,2719,2718,2460],"product_tag":[],"acf":[],"_links":{"self":[{"href":"https:\/\/donaulife-new.ogrisdigital.at\/sv\/wp-json\/wp\/v2\/product\/53950"}],"collection":[{"href":"https:\/\/donaulife-new.ogrisdigital.at\/sv\/wp-json\/wp\/v2\/product"}],"about":[{"href":"https:\/\/donaulife-new.ogrisdigital.at\/sv\/wp-json\/wp\/v2\/types\/product"}],"replies":[{"embeddable":true,"href":"https:\/\/donaulife-new.ogrisdigital.at\/sv\/wp-json\/wp\/v2\/comments?post=53950"}],"wp:featuredmedia":[{"embeddable":true,"href":"https:\/\/donaulife-new.ogrisdigital.at\/sv\/wp-json\/wp\/v2\/media\/36420"}],"wp:attachment":[{"href":"https:\/\/donaulife-new.ogrisdigital.at\/sv\/wp-json\/wp\/v2\/media?parent=53950"}],"wp:term":[{"taxonomy":"product_cat","embeddable":true,"href":"https:\/\/donaulife-new.ogrisdigital.at\/sv\/wp-json\/wp\/v2\/product_cat?post=53950"},{"taxonomy":"product_tag","embeddable":true,"href":"https:\/\/donaulife-new.ogrisdigital.at\/sv\/wp-json\/wp\/v2\/product_tag?post=53950"}],"curies":[{"name":"wp","href":"https:\/\/api.w.org\/{rel}","templated":true}]}}