{"id":53905,"date":"2022-09-06T09:39:21","date_gmt":"2022-09-06T09:39:21","guid":{"rendered":"https:\/\/donaulife-new.ogrisdigital.at\/produkt\/revelry-geruchtsdichte-huefttasche-the-amigo\/"},"modified":"2024-07-01T01:00:17","modified_gmt":"2024-07-01T01:00:17","slug":"revelry-geruchtsdichte-huefttasche-the-amigo","status":"publish","type":"product","link":"https:\/\/donaulife-new.ogrisdigital.at\/sv\/revelry-geruchtsdichte-huefttasche-the-amigo\/","title":{"rendered":"REVELRY geruchtsdichte H\u00fcfttasche &#8216;The Amigo&#8217;"},"content":{"rendered":"<h1 class=\"title\">Revelry H\u00fcfttasche The Amigo<\/h1>\n<div>\n<p>The Amigo ist eine farbenfrohe H\u00fcfttasche von Revelry. The Amigo wird Sie zum stilvollsten Touristen der Welt machen.<\/p>\n<h2>Revelry The Amigo Eigenschaften<\/h2>\n<ul>\n<li>Geruchsabsorbierend und wasserfest<\/li>\n<li>Kohlefilter-System<\/li>\n<li>Gummiverst\u00e4rkte Au\u00dfenseite<\/li>\n<li>Ma\u00dfgeschneiderte F\u00fcllung<\/li>\n<li>Wasserfester Rei\u00dfverschluss<\/li>\n<li>Verschlie\u00dfbar<\/li>\n<li>Geheimfach<\/li>\n<li>Echtleder-Akzente<\/li>\n<li>Abmessungen: 20 x 12 x 6 cm<\/li>\n<li>Volumen: 1.4 L<\/li>\n<\/ul>\n<h2>Schichten<\/h2>\n<p>Jede Tasche besitzt eine Au\u00dfenschicht aus Nylon oder Baumwolle, verst\u00e4rkt mit Gummi f\u00fcr intensive Nutzung. Die Gummiverst\u00e4rkung, die von au\u00dfen nicht sichtbar ist, dient au\u00dferdem als erste Schicht gegen das Austreten von Ger\u00fcchen und das Eintreten von Wasser.<\/p>\n<p>Das Kohlefilter-System besteht aus drei unterschiedlichen Schichten. Die zwei \u00e4u\u00dferen, wei\u00dfen Schichten sind synthetische Filter und in der Mitte befindet sich ein Aktivkohlefilter. Die Kombination dieser drei Schichten erzeugt ein Filtersystem, wodurch keine unerw\u00fcnschten Ger\u00fcche austreten k\u00f6nnen.<\/p>\n<p>Die F\u00fcllung hat nicht nur kosmetische Gr\u00fcnde, sondern sch\u00fctzt auch das Filtersystem vor Verschlei\u00df, wodurch die Lebensdauer der Tasche erh\u00f6ht wird.<\/p>\n<\/div>\n<div>\n<p><span style=\"font-size: 20.16px; color: #333333;\">\u00dcber Revelry:<\/span><\/p>\n<\/div>\n<p><strong>Wer wir sind<\/strong><br \/>\nUnsere Crew ist eine Familie von Surfern, Skatern und Outdoor-Enthusiasten, die gerne reisen und Spa\u00df haben. Wir leben in Santa Cruz, wo der Strand auf die Redwoods trifft, und wir nutzen die Landschaft und den Lebensstil voll aus. Wenn du jemals hier bist, besuche uns! Wir sind immer f\u00fcr eine gute Zeit zu haben.<\/p>\n<p><strong>Was wir herstellen<\/strong><br \/>\nUnsere Produkte sind von dem Wunsch inspiriert, Ausr\u00fcstung zu schaffen, die nahtlos in jeden Teil deines Tages \u00fcbergeht. Egal, ob du ein Outdoor-Abenteuer erlebst, auf einem Roadtrip bist oder einfach zu Hause zur\u00fccklehnst, unsere technischen und dennoch einfachen Designs bieten dir alles, was du brauchst. Wir konzentrieren uns auf die Details, um Produkte zu schaffen, die sowohl einfach als auch diskret sind, w\u00e4hrend wir gleichzeitig hochwertige Materialien verwenden damit die Produkte lange halten. Unsere klassische \u00c4sthetik, gepaart mit unserer Liebe zum Detail, machen unsere Kollektion perfekt f\u00fcr jedes Abenteuer, das du eingehst.<\/p>\n<p><strong>Warum wir das tun<\/strong><br \/>\nUm es einfach auszudr\u00fccken: weil wir es wollen. Revelry wurde mit dem selbsts\u00fcchtigen Ehrgeiz gegr\u00fcndet, Produkte zu schaffen, die wir selbst auch benutzen wollen. Unsere ersten Entw\u00fcrfe sollten die wenigen geruchsdichten Taschen am Markt verbessern. Als wir begannen gab es viele Produkte ohne Namen oder eine richtige Identit\u00e4t, und so entstand Revelry. Seitdem haben wir unseren Fokus auf Technologie und klare \u00c4sthetik auf alle unsere verschiedenen Produkte \u00fcbertragen. Probiere es selbst aus, du wirst nicht entt\u00e4uscht sein.<\/p>\n<p>&nbsp;<\/p>\n","protected":false},"excerpt":{"rendered":"<p>Revelry H\u00fcfttasche The Amigo The Amigo ist eine farbenfrohe H\u00fcfttasche von Revelry. The Amigo wird Sie zum stilvollsten Touristen der<\/p>\n","protected":false},"featured_media":36219,"comment_status":"open","ping_status":"closed","template":"","meta":{"_acf_changed":false},"product_cat":[2607,2969,2451],"product_tag":[3478],"acf":[],"_links":{"self":[{"href":"https:\/\/donaulife-new.ogrisdigital.at\/sv\/wp-json\/wp\/v2\/product\/53905"}],"collection":[{"href":"https:\/\/donaulife-new.ogrisdigital.at\/sv\/wp-json\/wp\/v2\/product"}],"about":[{"href":"https:\/\/donaulife-new.ogrisdigital.at\/sv\/wp-json\/wp\/v2\/types\/product"}],"replies":[{"embeddable":true,"href":"https:\/\/donaulife-new.ogrisdigital.at\/sv\/wp-json\/wp\/v2\/comments?post=53905"}],"wp:featuredmedia":[{"embeddable":true,"href":"https:\/\/donaulife-new.ogrisdigital.at\/sv\/wp-json\/wp\/v2\/media\/36219"}],"wp:attachment":[{"href":"https:\/\/donaulife-new.ogrisdigital.at\/sv\/wp-json\/wp\/v2\/media?parent=53905"}],"wp:term":[{"taxonomy":"product_cat","embeddable":true,"href":"https:\/\/donaulife-new.ogrisdigital.at\/sv\/wp-json\/wp\/v2\/product_cat?post=53905"},{"taxonomy":"product_tag","embeddable":true,"href":"https:\/\/donaulife-new.ogrisdigital.at\/sv\/wp-json\/wp\/v2\/product_tag?post=53905"}],"curies":[{"name":"wp","href":"https:\/\/api.w.org\/{rel}","templated":true}]}}