{"id":53856,"date":"2022-07-12T09:55:32","date_gmt":"2022-07-12T09:55:32","guid":{"rendered":"https:\/\/donaulife-new.ogrisdigital.at\/produkt\/raw-papers-three-tree-3er-preroll\/"},"modified":"2025-01-15T07:09:28","modified_gmt":"2025-01-15T07:09:28","slug":"raw-papers-three-tree-3er-preroll","status":"publish","type":"product","link":"https:\/\/donaulife-new.ogrisdigital.at\/sv\/raw-papers-three-tree-3er-preroll\/","title":{"rendered":"RAW Papers Three Tree | 3er Preroll"},"content":{"rendered":"<h2>RAW Kunststoff 3er Cover<\/h2>\n<p>Das RAW Three Tree Triple Preroll Case wurde von einem Zigarrenetui mit drei Fingern inspiriert. Wir haben es aus umweltfreundlichem Erdplastik hergestellt (damit es nicht den Metalldetektor im Club ausl\u00f6st!) und es so modifiziert, dass es perfekt ist, um drei Cover luft- und wasserdicht aufzubewahren. Perfekt, wenn du auf dem Fluss bist und dich mit ein paar Freunden anstecken willst! Dieses wasserdichte Etui l\u00e4sst sich gut verschlie\u00dfen, so dass deine Sachen sicher aufbewahrt werden k\u00f6nnen. RAWk on!<\/p>\n<p>* Prerolls nicht enthalten \ud83d\ude42<\/p>\n<h3>\u00dcber RAW:<\/h3>\n<p>RAW \u2013 Die nat\u00fcrliche Art zu rollen.<\/p>\n<p>Seit dem 1. Tag hat RAW den Auftrag, die F\u00fchrungsrolle in der Papierrollenindustrie zu \u00fcbernehmen. RAW hat die Welt des Rauchens revolutioniert, indem sie Produkte geschaffen hat, die von Natur aus genial gestaltet sind, um das Raucherlebnis zu verbessern.<\/p>\n<p>RAW stellt nur qualitativ hochwertige und umweltfreundliche Produkte her, die Ihr Raucherlebnis verbessern, und wir werden das wof\u00fcr wir stehen niemals \u00e4ndern. Wir genie\u00dfen es, unser unraffiniertes Papier jeden Tag zu rauchen, und wir werden es immer komplett rein also \u201cRAW\u201d belassen \u2013 f\u00fcr dich und uns!<\/p>\n","protected":false},"excerpt":{"rendered":"<p>RAW Kunststoff 3er Cover Das RAW Three Tree Triple Preroll Case wurde von einem Zigarrenetui mit drei Fingern inspiriert. Wir<\/p>\n","protected":false},"featured_media":36080,"comment_status":"open","ping_status":"closed","template":"","meta":{"_acf_changed":false},"product_cat":[2607,2489,2451,3244,2490,2766],"product_tag":[2493],"acf":[],"_links":{"self":[{"href":"https:\/\/donaulife-new.ogrisdigital.at\/sv\/wp-json\/wp\/v2\/product\/53856"}],"collection":[{"href":"https:\/\/donaulife-new.ogrisdigital.at\/sv\/wp-json\/wp\/v2\/product"}],"about":[{"href":"https:\/\/donaulife-new.ogrisdigital.at\/sv\/wp-json\/wp\/v2\/types\/product"}],"replies":[{"embeddable":true,"href":"https:\/\/donaulife-new.ogrisdigital.at\/sv\/wp-json\/wp\/v2\/comments?post=53856"}],"wp:featuredmedia":[{"embeddable":true,"href":"https:\/\/donaulife-new.ogrisdigital.at\/sv\/wp-json\/wp\/v2\/media\/36080"}],"wp:attachment":[{"href":"https:\/\/donaulife-new.ogrisdigital.at\/sv\/wp-json\/wp\/v2\/media?parent=53856"}],"wp:term":[{"taxonomy":"product_cat","embeddable":true,"href":"https:\/\/donaulife-new.ogrisdigital.at\/sv\/wp-json\/wp\/v2\/product_cat?post=53856"},{"taxonomy":"product_tag","embeddable":true,"href":"https:\/\/donaulife-new.ogrisdigital.at\/sv\/wp-json\/wp\/v2\/product_tag?post=53856"}],"curies":[{"name":"wp","href":"https:\/\/api.w.org\/{rel}","templated":true}]}}