{"id":53827,"date":"2022-06-08T13:24:26","date_gmt":"2022-06-08T13:24:26","guid":{"rendered":"https:\/\/donaulife-new.ogrisdigital.at\/produkt\/ctip-aktivkohlefilter-200-stueck-konisch\/"},"modified":"2024-07-01T00:59:36","modified_gmt":"2024-07-01T00:59:36","slug":"ctip-aktivkohlefilter-200-stueck-konisch","status":"publish","type":"product","link":"https:\/\/donaulife-new.ogrisdigital.at\/sv\/ctip-aktivkohlefilter-200-stueck-konisch\/","title":{"rendered":"CTIP Aktivkohlefilter 200 St\u00fcck | konisch"},"content":{"rendered":"<h2>C Tip Aktivkohlefilter konisch geformt<\/h2>\n<p>Aktivkohlefilter gibt es ja inzwischen wie Sand am Meer, aber die Aktivkohlefilter \u2018CTIP\u2018 sind bisher noch einzigartig, denn sie sind die ersten Aktivkohlefilter, die konisch geformt sind. An der schmaleren Seite ist der Filter 6mm, am anderen Ende 7mm breit. So k\u00f6nnen auch etwas unge\u00fcbtere Selbstroller ganz einfach die sch\u00f6nsten Sportzigaretten rollen! Au\u00dferdem sorgt diese besondere Form auch f\u00fcr einen milden Luftstrom.<\/p>\n<p>Die patentierten \u2018CTIP\u2018-Filter werden unter strengen Bedingungen hergestellt und bestehen aus einem d\u00fcnnen und auch recycelbaren Aluminiumgeh\u00e4use, das Aktivkohle enth\u00e4lt. Somit werden die Filter nicht matschig und unstabil, wenn die T\u00fcte feucht geraucht wurde.<\/p>\n<p>Die Oberfl\u00e4che der Aktivkohle hat eine spezielle Mikrostruktur, die unerw\u00fcnschte Nebenstoffe aus dem Rauch absorbiert, ohne die erw\u00fcnschten Wirkstoffe zu entfernen. Aufgrund der guten Filterung sind die \u2018CTIP\u2018 ideal f\u00fcr das pure Rauchen geeignet. So kann man das reine, unverf\u00e4lschte Aroma von Kr\u00e4utern genie\u00dfen. Damit die Aktivkohlefilter immer ein optimales Ergebnis liefern, empfehlen wir die Lagerung bei Raumtemperatur.<\/p>\n<p>Vorteile eines Aktivkohlefilters:<br \/>\n&#8211; besserer Geschmack<br \/>\n&#8211; unangenehme Kr\u00e4utermischungen schmecken viel sanfter<br \/>\n&#8211; deine Lunge wird weniger mit Schadstoffen belastet<\/p>\n","protected":false},"excerpt":{"rendered":"<p>C Tip Aktivkohlefilter konisch geformt Aktivkohlefilter gibt es ja inzwischen wie Sand am Meer, aber die Aktivkohlefilter \u2018CTIP\u2018 sind bisher<\/p>\n","protected":false},"featured_media":30615,"comment_status":"open","ping_status":"open","template":"","meta":{"_acf_changed":false},"product_cat":[2652,2499,2451,2968],"product_tag":[],"acf":[],"_links":{"self":[{"href":"https:\/\/donaulife-new.ogrisdigital.at\/sv\/wp-json\/wp\/v2\/product\/53827"}],"collection":[{"href":"https:\/\/donaulife-new.ogrisdigital.at\/sv\/wp-json\/wp\/v2\/product"}],"about":[{"href":"https:\/\/donaulife-new.ogrisdigital.at\/sv\/wp-json\/wp\/v2\/types\/product"}],"replies":[{"embeddable":true,"href":"https:\/\/donaulife-new.ogrisdigital.at\/sv\/wp-json\/wp\/v2\/comments?post=53827"}],"wp:featuredmedia":[{"embeddable":true,"href":"https:\/\/donaulife-new.ogrisdigital.at\/sv\/wp-json\/wp\/v2\/media\/30615"}],"wp:attachment":[{"href":"https:\/\/donaulife-new.ogrisdigital.at\/sv\/wp-json\/wp\/v2\/media?parent=53827"}],"wp:term":[{"taxonomy":"product_cat","embeddable":true,"href":"https:\/\/donaulife-new.ogrisdigital.at\/sv\/wp-json\/wp\/v2\/product_cat?post=53827"},{"taxonomy":"product_tag","embeddable":true,"href":"https:\/\/donaulife-new.ogrisdigital.at\/sv\/wp-json\/wp\/v2\/product_tag?post=53827"}],"curies":[{"name":"wp","href":"https:\/\/api.w.org\/{rel}","templated":true}]}}