{"id":53775,"date":"2022-05-16T12:14:39","date_gmt":"2022-05-16T12:14:39","guid":{"rendered":"https:\/\/donaulife-new.ogrisdigital.at\/produkt\/rolling-supreme-g4-megabox-fichte\/"},"modified":"2024-07-01T00:59:09","modified_gmt":"2024-07-01T00:59:09","slug":"rolling-supreme-g4-megabox-fichte","status":"publish","type":"product","link":"https:\/\/donaulife-new.ogrisdigital.at\/sv\/rolling-supreme-g4-megabox-fichte\/","title":{"rendered":"ROLLING SUPREME G4 Megabox | Fichte"},"content":{"rendered":"<h2>Rolling Supreme Megabox<\/h2>\n<p>Die Holzbox G4 von ROLLING SUPREME ist mit stabilem Fichtenholz die optimale Wahl zur Aufbewahrung f\u00fcr deine Kr\u00e4uter und Rollzubeh\u00f6r.<\/p>\n<div class=\"teaser\">Das Aufbewahrungssystem f\u00fcr Drehzubeh\u00f6r mit kleinen Rolling-Boxen mit Sieb und Trays: Die Mega Dreher Box aus der Rolling Supreme Serie bietet ein komplettes Aufbewahrungssystem f\u00fcr Drehzubeh\u00f6r.<\/div>\n<div class=\"description\">In der Box befinden sich zwei weitere kleine Boxen die entweder separat verwendet oder in der Hauptbox verstaut werden k\u00f6nnen.<br \/>\nEine der beiden Boxen bietet dabei ein integriertes Sieb zur Aufbewahrung von Kr\u00e4utern etc. Alle drei Boxen verf\u00fcgen \u00fcber jeweils einen\u00a0Paper\u00a0Halter im Deckel.<br \/>\nAu\u00dferdem enthalten sind zwei herausnehmbare Trays. Die Fachgr\u00f6\u00dfe in der kleineren Aufbewahrungsbox und im unteren Bereich der Hauptbox sind verstellbar.<\/div>\n<p>&nbsp;<\/p>\n<h3 class=\"description\">\u00dcber Rolling Supreme:<\/h3>\n<p>Rolling Supreme bringt konkurenzlose Qualit\u00e4t zum g\u00fcnstigen Preis. Von n\u00fctzlichen Raucherz\u00fcbeh\u00f6r wie Holzboxen sowie Cones in allen Gr\u00f6\u00dfen.<\/p>\n<div><\/div>\n","protected":false},"excerpt":{"rendered":"<p>Rolling Supreme Megabox Die Holzbox G4 von ROLLING SUPREME ist mit stabilem Fichtenholz die optimale Wahl zur Aufbewahrung f\u00fcr deine<\/p>\n","protected":false},"featured_media":35711,"comment_status":"open","ping_status":"open","template":"","meta":{"_acf_changed":false},"product_cat":[2607,2451,2678],"product_tag":[],"acf":[],"_links":{"self":[{"href":"https:\/\/donaulife-new.ogrisdigital.at\/sv\/wp-json\/wp\/v2\/product\/53775"}],"collection":[{"href":"https:\/\/donaulife-new.ogrisdigital.at\/sv\/wp-json\/wp\/v2\/product"}],"about":[{"href":"https:\/\/donaulife-new.ogrisdigital.at\/sv\/wp-json\/wp\/v2\/types\/product"}],"replies":[{"embeddable":true,"href":"https:\/\/donaulife-new.ogrisdigital.at\/sv\/wp-json\/wp\/v2\/comments?post=53775"}],"wp:featuredmedia":[{"embeddable":true,"href":"https:\/\/donaulife-new.ogrisdigital.at\/sv\/wp-json\/wp\/v2\/media\/35711"}],"wp:attachment":[{"href":"https:\/\/donaulife-new.ogrisdigital.at\/sv\/wp-json\/wp\/v2\/media?parent=53775"}],"wp:term":[{"taxonomy":"product_cat","embeddable":true,"href":"https:\/\/donaulife-new.ogrisdigital.at\/sv\/wp-json\/wp\/v2\/product_cat?post=53775"},{"taxonomy":"product_tag","embeddable":true,"href":"https:\/\/donaulife-new.ogrisdigital.at\/sv\/wp-json\/wp\/v2\/product_tag?post=53775"}],"curies":[{"name":"wp","href":"https:\/\/api.w.org\/{rel}","templated":true}]}}