{"id":53773,"date":"2022-05-16T12:07:50","date_gmt":"2022-05-16T12:07:50","guid":{"rendered":"https:\/\/donaulife-new.ogrisdigital.at\/produkt\/rolling-supreme-g2-holzbox-fichte\/"},"modified":"2025-01-15T07:09:39","modified_gmt":"2025-01-15T07:09:39","slug":"rolling-supreme-g2-holzbox-fichte","status":"publish","type":"product","link":"https:\/\/donaulife-new.ogrisdigital.at\/sv\/rolling-supreme-g2-holzbox-fichte\/","title":{"rendered":"ROLLING SUPREME G2 Holzbox M | Fichte"},"content":{"rendered":"<h2>Rolling Supreme Holzbox<\/h2>\n<p>Die Holzbox G2 von ROLLING SUPREME ist mit stabilem Fichtenholz die optimale Wahl zur Aufbewahrung f\u00fcr deine Kr\u00e4uter und Rollzubeh\u00f6r. F\u00fcr den sicheren Transport der wichtigsten Drehutensilien: Diese kompakte Holzschachtel eignet sich dank ihrer Gr\u00f6\u00dfe besonders gut zum Transport der wichtigsten Drehutensilien. Die Box verf\u00fcgt \u00fcber zwei kleine separate Staur\u00e4ume, einen Paper Halter und einen Mischetray.<\/p>\n<p>&nbsp;<\/p>\n<h3 class=\"description\">\u00dcber Rolling Supreme:<\/h3>\n<p>Rolling Supreme bringt konkurenzlose Qualit\u00e4t zum g\u00fcnstigen Preis. Von n\u00fctzlichen Raucherz\u00fcbeh\u00f6r wie Holzboxen sowie Cones in allen Gr\u00f6\u00dfen.<\/p>\n<div><\/div>\n<div style=\"position: static !important;\"><\/div>\n","protected":false},"excerpt":{"rendered":"<p>Rolling Supreme Holzbox Die Holzbox G2 von ROLLING SUPREME ist mit stabilem Fichtenholz die optimale Wahl zur Aufbewahrung f\u00fcr deine<\/p>\n","protected":false},"featured_media":35689,"comment_status":"open","ping_status":"open","template":"","meta":{"_acf_changed":false},"product_cat":[2607,2451,2678],"product_tag":[],"acf":[],"_links":{"self":[{"href":"https:\/\/donaulife-new.ogrisdigital.at\/sv\/wp-json\/wp\/v2\/product\/53773"}],"collection":[{"href":"https:\/\/donaulife-new.ogrisdigital.at\/sv\/wp-json\/wp\/v2\/product"}],"about":[{"href":"https:\/\/donaulife-new.ogrisdigital.at\/sv\/wp-json\/wp\/v2\/types\/product"}],"replies":[{"embeddable":true,"href":"https:\/\/donaulife-new.ogrisdigital.at\/sv\/wp-json\/wp\/v2\/comments?post=53773"}],"wp:featuredmedia":[{"embeddable":true,"href":"https:\/\/donaulife-new.ogrisdigital.at\/sv\/wp-json\/wp\/v2\/media\/35689"}],"wp:attachment":[{"href":"https:\/\/donaulife-new.ogrisdigital.at\/sv\/wp-json\/wp\/v2\/media?parent=53773"}],"wp:term":[{"taxonomy":"product_cat","embeddable":true,"href":"https:\/\/donaulife-new.ogrisdigital.at\/sv\/wp-json\/wp\/v2\/product_cat?post=53773"},{"taxonomy":"product_tag","embeddable":true,"href":"https:\/\/donaulife-new.ogrisdigital.at\/sv\/wp-json\/wp\/v2\/product_tag?post=53773"}],"curies":[{"name":"wp","href":"https:\/\/api.w.org\/{rel}","templated":true}]}}