{"id":53745,"date":"2022-04-13T13:40:04","date_gmt":"2022-04-13T13:40:04","guid":{"rendered":"https:\/\/donaulife-new.ogrisdigital.at\/produkt\/star-glass-flutschkopf-octopus-188-mm\/"},"modified":"2024-07-01T00:58:50","modified_gmt":"2024-07-01T00:58:50","slug":"star-glass-flutschkopf-octopus-188-mm","status":"publish","type":"product","link":"https:\/\/donaulife-new.ogrisdigital.at\/sv\/star-glass-flutschkopf-octopus-188-mm\/","title":{"rendered":"STAR GLASS Flutschkopf &#8216;Octopus&#8217; | 18,8 mm"},"content":{"rendered":"<h2>Star Glass Flutschkopf mit 18,8 mm Schliff<\/h2>\n<p>Der breite Kopf hat gen\u00fcgend Platz f\u00fcr Kraut und verf\u00fcgt \u00fcber einen 18,8 mm Schliff. Die Tentarkel fungieren als Roll-stop.<\/p>\n","protected":false},"excerpt":{"rendered":"<p>Star Glass Flutschkopf mit 18,8 mm Schliff Der breite Kopf hat gen\u00fcgend Platz f\u00fcr Kraut und verf\u00fcgt \u00fcber einen 18,8<\/p>\n","protected":false},"featured_media":35554,"comment_status":"open","ping_status":"open","template":"","meta":{"_acf_changed":false},"product_cat":[2462,2459,2461,2566,2460],"product_tag":[],"acf":[],"_links":{"self":[{"href":"https:\/\/donaulife-new.ogrisdigital.at\/sv\/wp-json\/wp\/v2\/product\/53745"}],"collection":[{"href":"https:\/\/donaulife-new.ogrisdigital.at\/sv\/wp-json\/wp\/v2\/product"}],"about":[{"href":"https:\/\/donaulife-new.ogrisdigital.at\/sv\/wp-json\/wp\/v2\/types\/product"}],"replies":[{"embeddable":true,"href":"https:\/\/donaulife-new.ogrisdigital.at\/sv\/wp-json\/wp\/v2\/comments?post=53745"}],"wp:featuredmedia":[{"embeddable":true,"href":"https:\/\/donaulife-new.ogrisdigital.at\/sv\/wp-json\/wp\/v2\/media\/35554"}],"wp:attachment":[{"href":"https:\/\/donaulife-new.ogrisdigital.at\/sv\/wp-json\/wp\/v2\/media?parent=53745"}],"wp:term":[{"taxonomy":"product_cat","embeddable":true,"href":"https:\/\/donaulife-new.ogrisdigital.at\/sv\/wp-json\/wp\/v2\/product_cat?post=53745"},{"taxonomy":"product_tag","embeddable":true,"href":"https:\/\/donaulife-new.ogrisdigital.at\/sv\/wp-json\/wp\/v2\/product_tag?post=53745"}],"curies":[{"name":"wp","href":"https:\/\/api.w.org\/{rel}","templated":true}]}}