{"id":53598,"date":"2022-02-22T15:03:47","date_gmt":"2022-02-22T15:03:47","guid":{"rendered":"https:\/\/donaulife-new.ogrisdigital.at\/produkt\/vibes-ultrathin-cubano-cones-1-stueck\/"},"modified":"2025-01-15T07:09:52","modified_gmt":"2025-01-15T07:09:52","slug":"vibes-ultrathin-cubano-cones-1-stueck","status":"publish","type":"product","link":"https:\/\/donaulife-new.ogrisdigital.at\/sv\/vibes-ultrathin-cubano-cones-1-stueck\/","title":{"rendered":"VIBES Cubano Cones &#8216;Ultrathin&#8217; | 1 St\u00fcck"},"content":{"rendered":"<h2 class=\"title\">Vibes Cones 1x Cubano Size<\/h2>\n<div>\n<p>Genie\u00dfen Sie 24 der gr\u00f6\u00dften Cones auf dem Markt mit dieser Cubano Cones Box. Jede Cone fasst mehr als 8 Gramm getrocknete Kr\u00e4uter, wodurch sie perfekt sind f\u00fcr Festivals oder Camping mit Freunden. Diese ultra d\u00fcnnen Papers der Cubano Cones sind ohne Zusatz von Calciumcarbonat hergestellt und enthalten nat\u00fcrlichen Klebstoff aus Akazienb\u00e4umen. Die Cubano Cones sind so entworfen, dass sie ihre Struktur w\u00e4hrend des Abbrennens behalten und Sie nicht im Stich lassen.<\/p>\n<h2>Vibes Cubano Extra Wide Eigenschaften<\/h2>\n<ul>\n<li>Mehr als 8 Gramm pro Cone<\/li>\n<li>Ultrad\u00fcnnes Papier<\/li>\n<li>Nat\u00fcrlicher Akazienbaum Kleber<\/li>\n<li>Kein Calciumcarbonat zugef\u00fcgt<\/li>\n<\/ul>\n<h3>\u00dcber Vibes:<\/h3>\n<\/div>\n<p>Vibes &#8211; eine Kollektion von Premium-Rolling Papers &#8211; wird in Frankreich angebaut und hergestellt. Vibes wird in der Dominikanischen Republik geschnitten und gekittet und ist in einer Vielzahl von Mischungen und Gr\u00f6\u00dfen erh\u00e4ltlich; diese Papers sind mit Wasserzeichen versehenen und werden nach den h\u00f6chsten Qualit\u00e4tsstandards hergestellt. Vibes wurde entwickelt, um die Reinheit und Potenz deines Materials zu bewahren, und hat das ultimative Raucherlebnis f\u00fcr Kenner geschaffen.<\/p>\n","protected":false},"excerpt":{"rendered":"<p>Vibes Cones 1x Cubano Size Genie\u00dfen Sie 24 der gr\u00f6\u00dften Cones auf dem Markt mit dieser Cubano Cones Box. Jede<\/p>\n","protected":false},"featured_media":34669,"comment_status":"open","ping_status":"open","template":"","meta":{"_acf_changed":false},"product_cat":[2489,2451,2452,2724,3568],"product_tag":[3483],"acf":[],"_links":{"self":[{"href":"https:\/\/donaulife-new.ogrisdigital.at\/sv\/wp-json\/wp\/v2\/product\/53598"}],"collection":[{"href":"https:\/\/donaulife-new.ogrisdigital.at\/sv\/wp-json\/wp\/v2\/product"}],"about":[{"href":"https:\/\/donaulife-new.ogrisdigital.at\/sv\/wp-json\/wp\/v2\/types\/product"}],"replies":[{"embeddable":true,"href":"https:\/\/donaulife-new.ogrisdigital.at\/sv\/wp-json\/wp\/v2\/comments?post=53598"}],"wp:featuredmedia":[{"embeddable":true,"href":"https:\/\/donaulife-new.ogrisdigital.at\/sv\/wp-json\/wp\/v2\/media\/34669"}],"wp:attachment":[{"href":"https:\/\/donaulife-new.ogrisdigital.at\/sv\/wp-json\/wp\/v2\/media?parent=53598"}],"wp:term":[{"taxonomy":"product_cat","embeddable":true,"href":"https:\/\/donaulife-new.ogrisdigital.at\/sv\/wp-json\/wp\/v2\/product_cat?post=53598"},{"taxonomy":"product_tag","embeddable":true,"href":"https:\/\/donaulife-new.ogrisdigital.at\/sv\/wp-json\/wp\/v2\/product_tag?post=53598"}],"curies":[{"name":"wp","href":"https:\/\/api.w.org\/{rel}","templated":true}]}}