{"id":53525,"date":"2022-01-13T11:57:47","date_gmt":"2022-01-13T11:57:47","guid":{"rendered":"https:\/\/donaulife-new.ogrisdigital.at\/produkt\/donaulife-stinky-case-wasserdichte-huelle-o-55-cm\/"},"modified":"2024-07-01T00:56:29","modified_gmt":"2024-07-01T00:56:29","slug":"donaulife-stinky-case-wasserdichte-huelle-o-55-cm","status":"publish","type":"product","link":"https:\/\/donaulife-new.ogrisdigital.at\/sv\/donaulife-stinky-case-wasserdichte-huelle-o-55-cm\/","title":{"rendered":"DONAULIFE &#8216;Stinky case&#8217; wasserdichte H\u00fclle | \u00d8 5,5 cm"},"content":{"rendered":"<h2>Donaulife wasserdichte H\u00fclle<\/h2>\n<p>Aufbewahrungsbox f\u00fcr stinky things:<\/p>\n<p>\u2022 hergestellt aus eloxiertem Aluminium<br \/>\n\u2022 Gewinde mit Dichtung<br \/>\n\u2022 passend f\u00fcr etwa 3g<br \/>\n\u2022 geruchsdicht und wasserdicht<\/p>\n<p>Mit der donaulife stinky case hast du nie wieder Probleme mit geruchsintensiven Material in der freien Wildbahn. Geruchs dicht und m\u00f6glichst unauff\u00e4llig kannst du bis zu 3g verstauen.<\/p>\n","protected":false},"excerpt":{"rendered":"<p>Donaulife wasserdichte H\u00fclle Aufbewahrungsbox f\u00fcr stinky things: \u2022 hergestellt aus eloxiertem Aluminium \u2022 Gewinde mit Dichtung \u2022 passend f\u00fcr etwa<\/p>\n","protected":false},"featured_media":34164,"comment_status":"open","ping_status":"closed","template":"","meta":{"_acf_changed":false},"product_cat":[2607,2451,2826],"product_tag":[],"acf":[],"_links":{"self":[{"href":"https:\/\/donaulife-new.ogrisdigital.at\/sv\/wp-json\/wp\/v2\/product\/53525"}],"collection":[{"href":"https:\/\/donaulife-new.ogrisdigital.at\/sv\/wp-json\/wp\/v2\/product"}],"about":[{"href":"https:\/\/donaulife-new.ogrisdigital.at\/sv\/wp-json\/wp\/v2\/types\/product"}],"replies":[{"embeddable":true,"href":"https:\/\/donaulife-new.ogrisdigital.at\/sv\/wp-json\/wp\/v2\/comments?post=53525"}],"wp:featuredmedia":[{"embeddable":true,"href":"https:\/\/donaulife-new.ogrisdigital.at\/sv\/wp-json\/wp\/v2\/media\/34164"}],"wp:attachment":[{"href":"https:\/\/donaulife-new.ogrisdigital.at\/sv\/wp-json\/wp\/v2\/media?parent=53525"}],"wp:term":[{"taxonomy":"product_cat","embeddable":true,"href":"https:\/\/donaulife-new.ogrisdigital.at\/sv\/wp-json\/wp\/v2\/product_cat?post=53525"},{"taxonomy":"product_tag","embeddable":true,"href":"https:\/\/donaulife-new.ogrisdigital.at\/sv\/wp-json\/wp\/v2\/product_tag?post=53525"}],"curies":[{"name":"wp","href":"https:\/\/api.w.org\/{rel}","templated":true}]}}