{"id":53521,"date":"2022-01-12T21:56:24","date_gmt":"2022-01-12T21:56:24","guid":{"rendered":"https:\/\/donaulife-new.ogrisdigital.at\/produkt\/bongbuerste-kunstborsten-o-10-40mm-285-cm\/"},"modified":"2025-01-15T07:09:59","modified_gmt":"2025-01-15T07:09:59","slug":"bongbuerste-kunstborsten-o-10-40mm-285-cm","status":"publish","type":"product","link":"https:\/\/donaulife-new.ogrisdigital.at\/sv\/bongbuerste-kunstborsten-o-10-40mm-285-cm\/","title":{"rendered":"Bongb\u00fcrste Kunstborsten \u00d8 10-40mm | 28,5 cm"},"content":{"rendered":"<h2>Bongb\u00fcrste mit Kunstborsten 28,5 cm L\u00e4nge<\/h2>\n<p>Konisch zulaufende B\u00fcrste mit Naturborsten, gewundenem Griff und \u00d6se. Die B\u00fcrstenl\u00e4nge ist etwa 130mm, der B\u00fcrstendurchmesser etwa 10-40mm. Die ganze B\u00fcrste hat eine Gesamtl\u00e4nge von etwa 285mm.<\/p>\n<p>Durchmesser \u00d8 10-40 mm<\/p>\n","protected":false},"excerpt":{"rendered":"<p>Bongb\u00fcrste mit Kunstborsten 28,5 cm L\u00e4nge Konisch zulaufende B\u00fcrste mit Naturborsten, gewundenem Griff und \u00d6se. Die B\u00fcrstenl\u00e4nge ist etwa 130mm,<\/p>\n","protected":false},"featured_media":34142,"comment_status":"open","ping_status":"open","template":"","meta":{"_acf_changed":false},"product_cat":[2459,2719,2718,2460],"product_tag":[],"acf":[],"_links":{"self":[{"href":"https:\/\/donaulife-new.ogrisdigital.at\/sv\/wp-json\/wp\/v2\/product\/53521"}],"collection":[{"href":"https:\/\/donaulife-new.ogrisdigital.at\/sv\/wp-json\/wp\/v2\/product"}],"about":[{"href":"https:\/\/donaulife-new.ogrisdigital.at\/sv\/wp-json\/wp\/v2\/types\/product"}],"replies":[{"embeddable":true,"href":"https:\/\/donaulife-new.ogrisdigital.at\/sv\/wp-json\/wp\/v2\/comments?post=53521"}],"wp:featuredmedia":[{"embeddable":true,"href":"https:\/\/donaulife-new.ogrisdigital.at\/sv\/wp-json\/wp\/v2\/media\/34142"}],"wp:attachment":[{"href":"https:\/\/donaulife-new.ogrisdigital.at\/sv\/wp-json\/wp\/v2\/media?parent=53521"}],"wp:term":[{"taxonomy":"product_cat","embeddable":true,"href":"https:\/\/donaulife-new.ogrisdigital.at\/sv\/wp-json\/wp\/v2\/product_cat?post=53521"},{"taxonomy":"product_tag","embeddable":true,"href":"https:\/\/donaulife-new.ogrisdigital.at\/sv\/wp-json\/wp\/v2\/product_tag?post=53521"}],"curies":[{"name":"wp","href":"https:\/\/api.w.org\/{rel}","templated":true}]}}