{"id":53505,"date":"2022-01-12T10:55:15","date_gmt":"2022-01-12T10:55:15","guid":{"rendered":"https:\/\/donaulife-new.ogrisdigital.at\/produkt\/purize-super-slim-aktivkohlefilter-im-glas-111-stueck\/"},"modified":"2024-07-01T00:56:15","modified_gmt":"2024-07-01T00:56:15","slug":"purize-super-slim-aktivkohlefilter-im-glas-111-stueck","status":"publish","type":"product","link":"https:\/\/donaulife-new.ogrisdigital.at\/sv\/purize-super-slim-aktivkohlefilter-im-glas-111-stueck\/","title":{"rendered":"PURIZE\u00ae Super Slim Aktivkohlefilter im Glas | 111 St\u00fcck"},"content":{"rendered":"<h2>PURIZE\u00ae Super Slim Aktivkohlefilter 111 St\u00fcck im Glas<\/h2>\n<p>Ordentlich organic: Unsere 111er Super Slim Size Aktivkohlefilter-Gl\u00e4ser im Upcycling-Glas!<\/p>\n<div>Durch die Verwendung von Glas zu Verpackungszwecken bleiben Deine Filter nat\u00fcrlich auch vor \u00e4u\u00dferen Umst\u00e4nden gesch\u00fctzt und Du kannst Deinen Vorrat auch noch sehr langer Zeit bedenkenlos verdrehen. Nat\u00fcrlich l\u00e4sst sich auch das Glas danach ansprechend, beispielsweise zu Aufbewahrungszwecken, \u201erecyceln\u201c \u2013 nachhaltig und umweltschonend! ?<\/div>\n<div><\/div>\n<div>Durch unsere hochqualitativen Aktivkohlefilter \u201eMade in Germany\u201c kannst Du Dir sicher sein, dass Du nicht nur Dir und Deiner Gesundheit, sondern auch Deiner Umwelt einen Gefallen tust.<\/div>\n<div><\/div>\n<div>Vorteile:<\/div>\n<div>\u2013 Hochqualitative Aktivkohlefilter<\/div>\n<div>\u2013 Guter Schutz vor \u00e4u\u00dferen Einfl\u00fcssen<\/div>\n<div>\u2013 Umweltfreundlich und nachhaltig<\/div>\n<h2>\u00dcber Purize:<\/h2>\n<p>PURIZE\u00ae Filters verfolgt die Vision, genussorientierten Rauchern \u2013 mit Hilfe eines PURIZE\u00ae Aktivkohlefilters \u2013 ein deutlich schadstoffreduziertes und angenehmeres Raucherlebnis aufzuzeigen.<\/p>\n<p><a href=\"https:\/\/www.donaulife.com\/beliebte-marken\/purize-filters\/\" target=\"_blank\" rel=\"noopener\"><img decoding=\"async\" class=\"wp-image-31747 alignleft\" src=\"https:\/\/www.donaulife.com\/wp-content\/uploads\/2021\/02\/Purize-filter-300x206.png\" alt=\"\" width=\"262\" height=\"180\" \/><\/a><\/p>\n<p>Mit den zwei Gr\u00f6\u00dfenvarianten und den verschiedenen Farb-Specials kommt jeder auf seine Kosten. Die XTRA Slim Size-Aktivkohlefilter haben einen Durchmesser von 5,9 mm und waren damit Vorreiter in Bezug auf Design und Gr\u00f6\u00dfe. Unsere Regular-Version besticht durch ihren sauberen Durchzug, der durch den Durchmesser von 9 mm garantiert wird.So kommen auch nur die Wirkstoffe und Aromen die Ihr Euch beim Rauchen w\u00fcnscht,letzten Endes auch in der Lunge an. Kratzige Mischungen schmecken deutlich milder, selbst das Pur rauchen wird sp\u00fcrbar angenehmer und milder. Egal wie herum Ihr unsere Filter eindreht oder einsetzt, es gibt keine Verwechslungen mehr, ob richtig oder falsch, PURIZE\u00ae passt immer! L\u00e4stiges Halskratzen &amp; Husten geh\u00f6rt ab jetzt zur Vergangenheit.<\/p>\n<div><\/div>\n<p><strong>Egal ob Super Slim, XTRA Slim oder Regular such dir einfach eine Farbe deiner Wahl aus und genie\u00dfe k\u00fchlen, milden Rauchgenuss!<\/strong><\/p>\n<p>&nbsp;<\/p>\n<p>&nbsp;<\/p>\n<p>&nbsp;<\/p>\n","protected":false},"excerpt":{"rendered":"<p>PURIZE\u00ae Super Slim Aktivkohlefilter 111 St\u00fcck im Glas Ordentlich organic: Unsere 111er Super Slim Size Aktivkohlefilter-Gl\u00e4ser im Upcycling-Glas! Durch die<\/p>\n","protected":false},"featured_media":34038,"comment_status":"open","ping_status":"open","template":"","meta":{"_acf_changed":false},"product_cat":[2652,2489,2499,2451,2861],"product_tag":[],"acf":[],"_links":{"self":[{"href":"https:\/\/donaulife-new.ogrisdigital.at\/sv\/wp-json\/wp\/v2\/product\/53505"}],"collection":[{"href":"https:\/\/donaulife-new.ogrisdigital.at\/sv\/wp-json\/wp\/v2\/product"}],"about":[{"href":"https:\/\/donaulife-new.ogrisdigital.at\/sv\/wp-json\/wp\/v2\/types\/product"}],"replies":[{"embeddable":true,"href":"https:\/\/donaulife-new.ogrisdigital.at\/sv\/wp-json\/wp\/v2\/comments?post=53505"}],"wp:featuredmedia":[{"embeddable":true,"href":"https:\/\/donaulife-new.ogrisdigital.at\/sv\/wp-json\/wp\/v2\/media\/34038"}],"wp:attachment":[{"href":"https:\/\/donaulife-new.ogrisdigital.at\/sv\/wp-json\/wp\/v2\/media?parent=53505"}],"wp:term":[{"taxonomy":"product_cat","embeddable":true,"href":"https:\/\/donaulife-new.ogrisdigital.at\/sv\/wp-json\/wp\/v2\/product_cat?post=53505"},{"taxonomy":"product_tag","embeddable":true,"href":"https:\/\/donaulife-new.ogrisdigital.at\/sv\/wp-json\/wp\/v2\/product_tag?post=53505"}],"curies":[{"name":"wp","href":"https:\/\/api.w.org\/{rel}","templated":true}]}}