{"id":53441,"date":"2021-12-07T11:07:06","date_gmt":"2021-12-07T11:07:06","guid":{"rendered":"https:\/\/donaulife-new.ogrisdigital.at\/produkt\/heisenberg-glasbong-balbulator-48-cm\/"},"modified":"2024-07-01T00:55:35","modified_gmt":"2024-07-01T00:55:35","slug":"heisenberg-glasbong-balbulator-48-cm","status":"publish","type":"product","link":"https:\/\/donaulife-new.ogrisdigital.at\/sv\/heisenberg-glasbong-balbulator-48-cm\/","title":{"rendered":"HEISENBERG Glasbong &#8216;Balbulator&#8217; | 48 cm"},"content":{"rendered":"<h2>Heisenberg Glasbong mit Double-Dome Percolator<\/h2>\n<div id=\"description\" class=\"data item content\" role=\"tabpanel\" data-role=\"content\" aria-labelledby=\"tab-label-description\" aria-hidden=\"false\">\n<div class=\"product attribute description\">\n<div class=\"value\">\n<p>Bei der Heisenberg &#8216;Balbulator&#8217; sind gro\u00dfe Hits kein Problem! Mit ihr bist du bestens ausger\u00fcstet um auch die gr\u00f6\u00dften Buds in smoothe Hits zu verwandeln. Das gute St\u00fcck hat eine H\u00f6he von 48 cm und ist mit einem 29,2 &gt; 18,8er Schliff ausgestattet. Der Durchmesser betr\u00e4gt 75 mm. Die Wandst\u00e4rke betr\u00e4gt 5 mm. Durch den Double-Dome Percolator wird der Rauch extrem zerteilt und somit nochmals perfekt gek\u00fchlt. Ein Eisfach ist vorhanden, so kannst du Eisw\u00fcrfel einf\u00fclllen um den Rauch runter zu k\u00fchlen. Den Hals ziert das schwarze &#8216;HNBG&#8217; Logo.<\/p>\n<\/div>\n<\/div>\n<\/div>\n<div>\n<h3>\u00dcber Heisenberg:<\/h3>\n<div>\n<p>Heisenberg \u2013 nicht nur durch Breaking Bad ein Ph\u00e4nomen. Die Marke Heisenberg ist unter anderem durch ihre Glasbongs bekannt geworden. Keine Bong der Heisenberg Serie ist wie die andere. Hier werden verschiedene Gestaltungselemente geboten, wie beispielsweise poppige Farben oder mit Glow in the dark Funktion, Pl\u00e4tzen zum Einsetzen von LED Beleuchtung und anderen Extras.<\/p>\n<p>Bei dem interessanten Sortiment an Glasbongs, ist mit Sicherheit auch was f\u00fcr dich dabei!<\/p>\n<\/div>\n<\/div>\n","protected":false},"excerpt":{"rendered":"<p>Heisenberg Glasbong mit Double-Dome Percolator Bei der Heisenberg &#8216;Balbulator&#8217; sind gro\u00dfe Hits kein Problem! Mit ihr bist du bestens ausger\u00fcstet<\/p>\n","protected":false},"featured_media":33729,"comment_status":"open","ping_status":"open","template":"","meta":{"_acf_changed":false},"product_cat":[2514,2459,3404,2523,2635,2577,2506,2463,2520],"product_tag":[3405,2466],"acf":[],"_links":{"self":[{"href":"https:\/\/donaulife-new.ogrisdigital.at\/sv\/wp-json\/wp\/v2\/product\/53441"}],"collection":[{"href":"https:\/\/donaulife-new.ogrisdigital.at\/sv\/wp-json\/wp\/v2\/product"}],"about":[{"href":"https:\/\/donaulife-new.ogrisdigital.at\/sv\/wp-json\/wp\/v2\/types\/product"}],"replies":[{"embeddable":true,"href":"https:\/\/donaulife-new.ogrisdigital.at\/sv\/wp-json\/wp\/v2\/comments?post=53441"}],"wp:featuredmedia":[{"embeddable":true,"href":"https:\/\/donaulife-new.ogrisdigital.at\/sv\/wp-json\/wp\/v2\/media\/33729"}],"wp:attachment":[{"href":"https:\/\/donaulife-new.ogrisdigital.at\/sv\/wp-json\/wp\/v2\/media?parent=53441"}],"wp:term":[{"taxonomy":"product_cat","embeddable":true,"href":"https:\/\/donaulife-new.ogrisdigital.at\/sv\/wp-json\/wp\/v2\/product_cat?post=53441"},{"taxonomy":"product_tag","embeddable":true,"href":"https:\/\/donaulife-new.ogrisdigital.at\/sv\/wp-json\/wp\/v2\/product_tag?post=53441"}],"curies":[{"name":"wp","href":"https:\/\/api.w.org\/{rel}","templated":true}]}}