{"id":53436,"date":"2021-12-07T10:12:32","date_gmt":"2021-12-07T10:12:32","guid":{"rendered":"https:\/\/donaulife-new.ogrisdigital.at\/produkt\/black-leaf-big-star-bubbler-115-cm\/"},"modified":"2025-01-15T07:10:17","modified_gmt":"2025-01-15T07:10:17","slug":"black-leaf-big-star-bubbler-115-cm","status":"publish","type":"product","link":"https:\/\/donaulife-new.ogrisdigital.at\/sv\/black-leaf-big-star-bubbler-115-cm\/","title":{"rendered":"BLACK LEAF &#8216;Big Star&#8217; Bubbler  | 11,5 cm"},"content":{"rendered":"<h1>Black Leaf Bubbler<\/h1>\n<p>Dieser blau gelbe Bubbler aus dem Hause Black Leaf liegt nicht nur gut in der Hand sonder sieht mit seinen Farben auch noch gut aus. der Rauch durchl\u00e4uft erst den Bubbler wo er optimal gek\u00fchlt wird und verhilft zu sehr sanften Hits. Damit ist der &#8216;Big Star&#8217; der optimale Wegbegleiter f\u00fcr den gro\u00dfen &#8220;Hunger&#8221; zwischendurch.<\/p>\n<h3><span style=\"font-size: 20.16px;\">\u00dcber Black Leaf:<\/span><\/h3>\n<div>\n<p>In Weed We Trust ? Smoking\u00a0<em>Paraphernalia<\/em> seit 1988: Bongs, Pfeifen, Vaporizer, Grinder, Dabbing Zubeh\u00f6r, Paper &amp; Filter, Lifestyle Produkte. Es gibt viele Innovative Produkte der Marke die auch die ein oder andere Weltneuheit erschaffen haben. Im Shop bieten wir von allen Produkten die beste Auswahl.<\/p>\n<\/div>\n","protected":false},"excerpt":{"rendered":"<p>Black Leaf Bubbler Dieser blau gelbe Bubbler aus dem Hause Black Leaf liegt nicht nur gut in der Hand sonder<\/p>\n","protected":false},"featured_media":33697,"comment_status":"open","ping_status":"open","template":"","meta":{"_acf_changed":false},"product_cat":[2548,2459,2463],"product_tag":[2521],"acf":[],"_links":{"self":[{"href":"https:\/\/donaulife-new.ogrisdigital.at\/sv\/wp-json\/wp\/v2\/product\/53436"}],"collection":[{"href":"https:\/\/donaulife-new.ogrisdigital.at\/sv\/wp-json\/wp\/v2\/product"}],"about":[{"href":"https:\/\/donaulife-new.ogrisdigital.at\/sv\/wp-json\/wp\/v2\/types\/product"}],"replies":[{"embeddable":true,"href":"https:\/\/donaulife-new.ogrisdigital.at\/sv\/wp-json\/wp\/v2\/comments?post=53436"}],"wp:featuredmedia":[{"embeddable":true,"href":"https:\/\/donaulife-new.ogrisdigital.at\/sv\/wp-json\/wp\/v2\/media\/33697"}],"wp:attachment":[{"href":"https:\/\/donaulife-new.ogrisdigital.at\/sv\/wp-json\/wp\/v2\/media?parent=53436"}],"wp:term":[{"taxonomy":"product_cat","embeddable":true,"href":"https:\/\/donaulife-new.ogrisdigital.at\/sv\/wp-json\/wp\/v2\/product_cat?post=53436"},{"taxonomy":"product_tag","embeddable":true,"href":"https:\/\/donaulife-new.ogrisdigital.at\/sv\/wp-json\/wp\/v2\/product_tag?post=53436"}],"curies":[{"name":"wp","href":"https:\/\/api.w.org\/{rel}","templated":true}]}}