{"id":53370,"date":"2021-11-19T11:55:35","date_gmt":"2021-11-19T11:55:35","guid":{"rendered":"https:\/\/donaulife-new.ogrisdigital.at\/produkt\/blaze-glass-beakerbong-twisted-transistor-55-cm\/"},"modified":"2025-01-15T07:10:23","modified_gmt":"2025-01-15T07:10:23","slug":"blaze-glass-beakerbong-twisted-transistor-55-cm","status":"publish","type":"product","link":"https:\/\/donaulife-new.ogrisdigital.at\/sv\/blaze-glass-beakerbong-twisted-transistor-55-cm\/","title":{"rendered":"BLAZE GLASS Beakerbong &#8216;Twisted Transistor&#8217; | 55 cm"},"content":{"rendered":"<h2>Blaze Glass Kolbenbong mit K\u00fchlspirale<\/h2>\n<p>Diese formsch\u00f6ne BLAZE GLASS\u00ae Twisted Transistor besteht aus zwei Teilen. Dem Unterteil mit doppelt verst\u00e4rktem Schliff und dem Rauchrohr mit einer K\u00fchl-Spiralkammer, die im K\u00fchlschrank vorgek\u00fchlt werden kann. Das Design dieser Coolbong enth\u00e4lt bunten Sektionen und ist ansonsten elegant schwarz gehalten. Nur die Wasserkammer ist klar und mit dem silbernen BLAZE GLASS\u00ae Logo verziert. Ein Doppel-Diffusor-Adapter ist ebenfalls dabei. Er besteht aus zwei herausnehmbaren Adaptoren. Der 1. Adapter hat einen 5-armigen Baumdiffusor und der 2. besteht aus einem 12-Schlitz-Diffusor. Dies sorgt f\u00fcr m\u00e4chtig Verwirbelungen, k\u00fchlt den Rauch optimal ab und filtert den Rauch vor. Inklusive Schliffklemme.<\/p>\n<div><span style=\"font-size: 20.16px;\">\u00dcber Blaze Glass:<\/span><\/div>\n<div>\n<div>\n<p>Blaze-Glass-Bongs sind aus spannungsfreiem 3.1-Borosilikatglas (vergleichbar mit Duranglas) h\u00f6chster G\u00fcteklasse gefertigt. Mindestens 5 mm Wandst\u00e4rke machen eine Wasserpfeife robust.<br \/>\nWir verwenden extrem passgenaue Normschliffe in 14,5 bzw. 18,8 mm. Je nach Bong-Geometrie kommen normale Schliffe, verst\u00e4rkte Schliffe und bi-stabile Schliffe (doppelte Wand) in unseren Produkten zum Einsatz.<\/p>\n<\/div>\n<\/div>\n","protected":false},"excerpt":{"rendered":"<p>Blaze Glass Kolbenbong mit K\u00fchlspirale Diese formsch\u00f6ne BLAZE GLASS\u00ae Twisted Transistor besteht aus zwei Teilen. Dem Unterteil mit doppelt verst\u00e4rktem<\/p>\n","protected":false},"featured_media":33355,"comment_status":"open","ping_status":"open","template":"","meta":{"_acf_changed":false},"product_cat":[2514,2545,2459,2523,2515,2635,2577,2506,2463,2817],"product_tag":[2547],"acf":[],"_links":{"self":[{"href":"https:\/\/donaulife-new.ogrisdigital.at\/sv\/wp-json\/wp\/v2\/product\/53370"}],"collection":[{"href":"https:\/\/donaulife-new.ogrisdigital.at\/sv\/wp-json\/wp\/v2\/product"}],"about":[{"href":"https:\/\/donaulife-new.ogrisdigital.at\/sv\/wp-json\/wp\/v2\/types\/product"}],"replies":[{"embeddable":true,"href":"https:\/\/donaulife-new.ogrisdigital.at\/sv\/wp-json\/wp\/v2\/comments?post=53370"}],"wp:featuredmedia":[{"embeddable":true,"href":"https:\/\/donaulife-new.ogrisdigital.at\/sv\/wp-json\/wp\/v2\/media\/33355"}],"wp:attachment":[{"href":"https:\/\/donaulife-new.ogrisdigital.at\/sv\/wp-json\/wp\/v2\/media?parent=53370"}],"wp:term":[{"taxonomy":"product_cat","embeddable":true,"href":"https:\/\/donaulife-new.ogrisdigital.at\/sv\/wp-json\/wp\/v2\/product_cat?post=53370"},{"taxonomy":"product_tag","embeddable":true,"href":"https:\/\/donaulife-new.ogrisdigital.at\/sv\/wp-json\/wp\/v2\/product_tag?post=53370"}],"curies":[{"name":"wp","href":"https:\/\/api.w.org\/{rel}","templated":true}]}}