{"id":53349,"date":"2021-11-03T14:25:20","date_gmt":"2021-11-03T14:25:20","guid":{"rendered":"https:\/\/donaulife-new.ogrisdigital.at\/produkt\/raw-rawket-launcher-5-84-28-cm\/"},"modified":"2025-01-15T07:10:24","modified_gmt":"2025-01-15T07:10:24","slug":"raw-rawket-launcher-5-84-28-cm","status":"publish","type":"product","link":"https:\/\/donaulife-new.ogrisdigital.at\/sv\/raw-rawket-launcher-5-84-28-cm\/","title":{"rendered":"RAW Rawket Launcher 5 | 8,4-28 cm"},"content":{"rendered":"<h2>RAW 5 Stage Rawket Launcher<\/h2>\n<p>Der RAW 5 Stage Rawket Launcher ist eine 5er Packung mit sortierten vorgerollten Cones in 5 verschiedenen Gr\u00f6\u00dfen. Wie alle RAW-Cones sind diese mit ungebleichtem, unraffiniertem Papier hergestellt, so dass du genau weist, was du rauchst. Diese Cones werden mit eingebauten Papierfiltern geliefert und sind in einer stabilen Kartonverpackung verpackt, in der auch ein paar Packst\u00e4bchen enthalten sind. Holen dir also den Raw Rawket Launcher und schie\u00df dich ins All.<\/p>\n<p>Die Cones sind in 5 verschiedenen Gr\u00f6\u00dfen enthalten:<\/p>\n<p>1x RAW-Cones Supernatural<\/p>\n<p>1x RAW-Cones Emperador<\/p>\n<p>1x RAW-Cones Peacemaker<\/p>\n<p>1x RAW-Cones Kingsize<\/p>\n<p>1x RAW-Cones 1 1\/4 Gr\u00f6\u00dfe<\/p>\n<h3>\u00dcber RAW:<\/h3>\n<p>RAW &#8211; Die nat\u00fcrliche Art zu rollen.<\/p>\n<p>Seit dem 1. Tag hat RAW den Auftrag, die F\u00fchrungsrolle in der Papierrollenindustrie zu \u00fcbernehmen. RAW hat die Welt des Rauchens revolutioniert, indem sie Produkte geschaffen hat, die von Natur aus genial gestaltet sind, um das Raucherlebnis zu verbessern.<\/p>\n<p>RAW stellt nur qualitativ hochwertige und umweltfreundliche Produkte her, die Ihr Raucherlebnis verbessern, und wir werden das wof\u00fcr wir stehen niemals \u00e4ndern. Wir genie\u00dfen es, unser unraffiniertes Papier jeden Tag zu rauchen, und wir werden es immer komplett rein also &#8220;RAW&#8221; belassen &#8211; f\u00fcr dich und uns!<\/p>\n","protected":false},"excerpt":{"rendered":"<p>RAW 5 Stage Rawket Launcher Der RAW 5 Stage Rawket Launcher ist eine 5er Packung mit sortierten vorgerollten Cones in<\/p>\n","protected":false},"featured_media":33214,"comment_status":"open","ping_status":"open","template":"","meta":{"_acf_changed":false},"product_cat":[2489,2566,2451,2452,2724,2490,2491,2492],"product_tag":[2493],"acf":[],"_links":{"self":[{"href":"https:\/\/donaulife-new.ogrisdigital.at\/sv\/wp-json\/wp\/v2\/product\/53349"}],"collection":[{"href":"https:\/\/donaulife-new.ogrisdigital.at\/sv\/wp-json\/wp\/v2\/product"}],"about":[{"href":"https:\/\/donaulife-new.ogrisdigital.at\/sv\/wp-json\/wp\/v2\/types\/product"}],"replies":[{"embeddable":true,"href":"https:\/\/donaulife-new.ogrisdigital.at\/sv\/wp-json\/wp\/v2\/comments?post=53349"}],"wp:featuredmedia":[{"embeddable":true,"href":"https:\/\/donaulife-new.ogrisdigital.at\/sv\/wp-json\/wp\/v2\/media\/33214"}],"wp:attachment":[{"href":"https:\/\/donaulife-new.ogrisdigital.at\/sv\/wp-json\/wp\/v2\/media?parent=53349"}],"wp:term":[{"taxonomy":"product_cat","embeddable":true,"href":"https:\/\/donaulife-new.ogrisdigital.at\/sv\/wp-json\/wp\/v2\/product_cat?post=53349"},{"taxonomy":"product_tag","embeddable":true,"href":"https:\/\/donaulife-new.ogrisdigital.at\/sv\/wp-json\/wp\/v2\/product_tag?post=53349"}],"curies":[{"name":"wp","href":"https:\/\/api.w.org\/{rel}","templated":true}]}}