{"id":53329,"date":"2021-10-21T08:48:55","date_gmt":"2021-10-21T08:48:55","guid":{"rendered":"https:\/\/donaulife-new.ogrisdigital.at\/produkt\/vibes-ultrafine-ks-cones-hanf-3-stueck\/"},"modified":"2024-07-01T00:54:19","modified_gmt":"2024-07-01T00:54:19","slug":"vibes-ultrafine-ks-cones-hanf-3-stueck","status":"publish","type":"product","link":"https:\/\/donaulife-new.ogrisdigital.at\/sv\/vibes-ultrafine-ks-cones-hanf-3-stueck\/","title":{"rendered":"VIBES &#8216;Ultrafine&#8217; KS Cones Hanf | 3 St\u00fcck"},"content":{"rendered":"<h2 class=\"title\">Vibes Cones 3x Kingsize<\/h2>\n<div>\n<p>Immer bereit f\u00fcr die n\u00e4chste Session mit der Vibes Cones Box &#8211; King Size. In die King Size Cones passt ca. 1 Gramm Material. Jede Schachtel enth\u00e4lt 30 Packungen mit je 3 St\u00fcck Cones, also insgesamt 90 King Size Vibes Cones.<\/p>\n<h3>Vibes King Size Ultra Thin Cones<\/h3>\n<p>Die Ultra Thin Cones &#8211; King Size bieten das d\u00fcnnste Papier und den besten Geschmack der drei Varianten. Mit derart d\u00fcnnem Papier schmeckt man mehr von seinem Material und erh\u00e4lt weniger Papiergeschmack wie bei anderen Marken. F\u00fcr noch aromatischere Sessions.<\/p>\n<h3>\u00dcber Vibes:<\/h3>\n<\/div>\n<p>Vibes &#8211; eine Kollektion von Premium-Rolling Papers &#8211; wird in Frankreich angebaut und hergestellt. Vibes wird in der Dominikanischen Republik geschnitten und gekittet und ist in einer Vielzahl von Mischungen und Gr\u00f6\u00dfen erh\u00e4ltlich; diese Papers sind mit Wasserzeichen versehenen und werden nach den h\u00f6chsten Qualit\u00e4tsstandards hergestellt. Vibes wurde entwickelt, um die Reinheit und Potenz deines Materials zu bewahren, und hat das ultimative Raucherlebnis f\u00fcr Kenner geschaffen.<\/p>\n","protected":false},"excerpt":{"rendered":"<p>Vibes Cones 3x Kingsize Immer bereit f\u00fcr die n\u00e4chste Session mit der Vibes Cones Box &#8211; King Size. In die<\/p>\n","protected":false},"featured_media":33044,"comment_status":"open","ping_status":"open","template":"","meta":{"_acf_changed":false},"product_cat":[2456,2489,2451,2452,2724],"product_tag":[3483],"acf":[],"_links":{"self":[{"href":"https:\/\/donaulife-new.ogrisdigital.at\/sv\/wp-json\/wp\/v2\/product\/53329"}],"collection":[{"href":"https:\/\/donaulife-new.ogrisdigital.at\/sv\/wp-json\/wp\/v2\/product"}],"about":[{"href":"https:\/\/donaulife-new.ogrisdigital.at\/sv\/wp-json\/wp\/v2\/types\/product"}],"replies":[{"embeddable":true,"href":"https:\/\/donaulife-new.ogrisdigital.at\/sv\/wp-json\/wp\/v2\/comments?post=53329"}],"wp:featuredmedia":[{"embeddable":true,"href":"https:\/\/donaulife-new.ogrisdigital.at\/sv\/wp-json\/wp\/v2\/media\/33044"}],"wp:attachment":[{"href":"https:\/\/donaulife-new.ogrisdigital.at\/sv\/wp-json\/wp\/v2\/media?parent=53329"}],"wp:term":[{"taxonomy":"product_cat","embeddable":true,"href":"https:\/\/donaulife-new.ogrisdigital.at\/sv\/wp-json\/wp\/v2\/product_cat?post=53329"},{"taxonomy":"product_tag","embeddable":true,"href":"https:\/\/donaulife-new.ogrisdigital.at\/sv\/wp-json\/wp\/v2\/product_tag?post=53329"}],"curies":[{"name":"wp","href":"https:\/\/api.w.org\/{rel}","templated":true}]}}