{"id":53316,"date":"2021-09-10T10:47:33","date_gmt":"2021-09-10T10:47:33","guid":{"rendered":"https:\/\/donaulife-new.ogrisdigital.at\/produkt\/gleichdick-aluminium-grinder-2-teilig-limited-ed-honeycomb-o-42-mm\/"},"modified":"2024-07-01T00:54:10","modified_gmt":"2024-07-01T00:54:10","slug":"gleichdick-aluminium-grinder-2-teilig-limited-ed-honeycomb-o-42-mm","status":"publish","type":"product","link":"https:\/\/donaulife-new.ogrisdigital.at\/sv\/gleichdick-aluminium-grinder-2-teilig-limited-ed-honeycomb-o-42-mm\/","title":{"rendered":"GLEICHDICK Aluminium Grinder 2-teilig Limited Ed. Honeycomb | \u00d8 42 mm"},"content":{"rendered":"<h2>Gleichdick Grinder 2-teilig im Honeycomb Design<\/h2>\n<p>Der Gleichdick Grinder \u2013 ein in \u00d6sterreich hergestellter und bis ins Detail durchdachter Grinder, der sich durch seine au\u00dfergew\u00f6hnliche Form und sein \u00fcberzeugendes Schnittergebnis auszeichnet.<\/p>\n<p>Die Gleichdick-Form bietet neben der \u00e4sthetischen Komponente auch den gro\u00dfen Vorteil der besseren Kraft\u00fcbertragung. Dank der hohen Pr\u00e4zision des Grinders und der hochentwickelten Form der Klingen ist es m\u00f6glich, auch feuchteste Kr\u00e4uter, welche in konventionellen Grindern nur mehr verschmiert werden, fachgerecht zu zerkleinern.<\/p>\n<p>Alle Gleichdick-Grinder werden farbig eloxiert. Durch das Eloxieren erhalten alle Fl\u00e4chen eine Oberfl\u00e4chenh\u00e4rte von ca. 300HV.<br \/>\nDies sorgt f\u00fcr eine langanhaltende Sch\u00e4rfe der Klingen.<\/p>\n<p>Verpackt werden die Gleichdick-Grinder in einer umweltfreundlichen und regional produzierten Kartonschachtel.<\/p>\n<p>Gr\u00f6\u00dfe:<br \/>\nGleichdick: \u00d862mm<br \/>\nSchneidwerk: \u00d842mm<\/p>\n<h3>\u00dcber Gleichdick:<\/h3>\n<h4><strong>Wenn schon, dann mit Stil.<\/strong><\/h4>\n<p>Wir sind ein kleines Team, das gro\u00dfen Wert auf Qualit\u00e4t, Langlebigkeit und \u00c4sthetik in Zeiten von \u00dcberkonsum und Wegwerfgesellschaft legt.<br \/>\nEs ist uns ein Anliegen, eine Rauchkultur zu f\u00f6rdern, welche es wei\u00df, Dinge wert zu sch\u00e4tzen. Ein entsprechendes\u00a0Zelebrieren der Kultur ist uns ebenso wichtig und so auch das perfekte Zubeh\u00f6r.<\/p>\n<p>Sowohl um den hohen Qualit\u00e4tsstandard unserer Produkte zu wahren, als auch um die Wertsch\u00f6pfung in Europa zu halten,\u00a0haben wir uns entschieden unsere Produkte selbst herzustellen. Dazu haben wir uns eine eigene Produktion aufgebaut, in der wir s\u00e4mtliche Bearbeitungsschritte, von der CNC-Zerspanung \u00fcber das Hart-Eloxieren bis zum Lasergravieren, selbst durchf\u00fchren k\u00f6nnen.<br \/>\nDas hei\u00dft von der 3m langen Aluminiumstange bis zum verpackten Grinder verlassen diese zu keinem Zeitpunkt unsere Produktion.<\/p>\n","protected":false},"excerpt":{"rendered":"<p>Gleichdick Grinder 2-teilig im Honeycomb Design Der Gleichdick Grinder \u2013 ein in \u00d6sterreich hergestellter und bis ins Detail durchdachter Grinder,<\/p>\n","protected":false},"featured_media":32962,"comment_status":"open","ping_status":"open","template":"","meta":{"_acf_changed":false},"product_cat":[2570,2482,2489,2700,2480,2451,2483],"product_tag":[2701],"acf":[],"_links":{"self":[{"href":"https:\/\/donaulife-new.ogrisdigital.at\/sv\/wp-json\/wp\/v2\/product\/53316"}],"collection":[{"href":"https:\/\/donaulife-new.ogrisdigital.at\/sv\/wp-json\/wp\/v2\/product"}],"about":[{"href":"https:\/\/donaulife-new.ogrisdigital.at\/sv\/wp-json\/wp\/v2\/types\/product"}],"replies":[{"embeddable":true,"href":"https:\/\/donaulife-new.ogrisdigital.at\/sv\/wp-json\/wp\/v2\/comments?post=53316"}],"wp:featuredmedia":[{"embeddable":true,"href":"https:\/\/donaulife-new.ogrisdigital.at\/sv\/wp-json\/wp\/v2\/media\/32962"}],"wp:attachment":[{"href":"https:\/\/donaulife-new.ogrisdigital.at\/sv\/wp-json\/wp\/v2\/media?parent=53316"}],"wp:term":[{"taxonomy":"product_cat","embeddable":true,"href":"https:\/\/donaulife-new.ogrisdigital.at\/sv\/wp-json\/wp\/v2\/product_cat?post=53316"},{"taxonomy":"product_tag","embeddable":true,"href":"https:\/\/donaulife-new.ogrisdigital.at\/sv\/wp-json\/wp\/v2\/product_tag?post=53316"}],"curies":[{"name":"wp","href":"https:\/\/api.w.org\/{rel}","templated":true}]}}