{"id":53282,"date":"2021-08-03T13:46:32","date_gmt":"2021-08-03T13:46:32","guid":{"rendered":"https:\/\/donaulife-new.ogrisdigital.at\/produkt\/vibes-fine-kss-papers-hanf-33-blatt\/"},"modified":"2024-07-01T00:53:48","modified_gmt":"2024-07-01T00:53:48","slug":"vibes-fine-kss-papers-hanf-33-blatt","status":"publish","type":"product","link":"https:\/\/donaulife-new.ogrisdigital.at\/sv\/vibes-fine-kss-papers-hanf-33-blatt\/","title":{"rendered":"VIBES &#8216;Fine&#8217; KSS Papers Hanf | 33 Blatt"},"content":{"rendered":"<h2 class=\"title\">Vibes Papers King Size Slim Hemp<\/h2>\n<div>\n<p>Immer bereit f\u00fcr die n\u00e4chste Session mit der\u00a0<strong>Vibes Rolling Papers Box &#8211; King Size Slim<\/strong>. In den King Size Slim Bl\u00e4ttchen kann man bis zu 1 Gramm Material verbauen. Jede Schachtel enth\u00e4lt 50 Packungen King Size Slim Vibes Papers mit je 33 Bl\u00e4ttchen, zusammen also 1650 King Size Slim Vibes Rolling Papers.<\/p>\n<p>Die Vibes Hemp Rolling Papers King Size Slim bieten eine klassische Erfahrung. Die nat\u00fcrlichen Hanf Papers brennen langsam ab und sind wirklich d\u00fcnn, damit sich das Aroma ausbreiten kann.<\/p>\n<ul>\n<li>Standardl\u00e4nge<\/li>\n<li>Langsam verbrennend<\/li>\n<li>Angebaut und verarbeitet in Frankreich<\/li>\n<li>Hergestellt und verpackt in der Dominikanischen Republik<\/li>\n<\/ul>\n<h3>\u00dcber Vibes:<\/h3>\n<\/div>\n<p>Vibes &#8211; eine Kollektion von Premium-Rolling Papers &#8211; wird in Frankreich angebaut und hergestellt. Vibes wird in der Dominikanischen Republik geschnitten und gekittet und ist in einer Vielzahl von Mischungen und Gr\u00f6\u00dfen erh\u00e4ltlich; diese Papers sind mit Wasserzeichen versehenen und werden nach den h\u00f6chsten Qualit\u00e4tsstandards hergestellt. Vibes wurde entwickelt, um die Reinheit und Potenz deines Materials zu bewahren, und hat das ultimative Raucherlebnis f\u00fcr Kenner geschaffen.<\/p>\n","protected":false},"excerpt":{"rendered":"<p>Vibes Papers King Size Slim Hemp Immer bereit f\u00fcr die n\u00e4chste Session mit der\u00a0Vibes Rolling Papers Box &#8211; King Size<\/p>\n","protected":false},"featured_media":32782,"comment_status":"open","ping_status":"open","template":"","meta":{"_acf_changed":false},"product_cat":[2456,2489,2451,2453,2452],"product_tag":[3483],"acf":[],"_links":{"self":[{"href":"https:\/\/donaulife-new.ogrisdigital.at\/sv\/wp-json\/wp\/v2\/product\/53282"}],"collection":[{"href":"https:\/\/donaulife-new.ogrisdigital.at\/sv\/wp-json\/wp\/v2\/product"}],"about":[{"href":"https:\/\/donaulife-new.ogrisdigital.at\/sv\/wp-json\/wp\/v2\/types\/product"}],"replies":[{"embeddable":true,"href":"https:\/\/donaulife-new.ogrisdigital.at\/sv\/wp-json\/wp\/v2\/comments?post=53282"}],"wp:featuredmedia":[{"embeddable":true,"href":"https:\/\/donaulife-new.ogrisdigital.at\/sv\/wp-json\/wp\/v2\/media\/32782"}],"wp:attachment":[{"href":"https:\/\/donaulife-new.ogrisdigital.at\/sv\/wp-json\/wp\/v2\/media?parent=53282"}],"wp:term":[{"taxonomy":"product_cat","embeddable":true,"href":"https:\/\/donaulife-new.ogrisdigital.at\/sv\/wp-json\/wp\/v2\/product_cat?post=53282"},{"taxonomy":"product_tag","embeddable":true,"href":"https:\/\/donaulife-new.ogrisdigital.at\/sv\/wp-json\/wp\/v2\/product_tag?post=53282"}],"curies":[{"name":"wp","href":"https:\/\/api.w.org\/{rel}","templated":true}]}}