{"id":53217,"date":"2021-06-10T11:36:31","date_gmt":"2021-06-10T11:36:31","guid":{"rendered":"https:\/\/donaulife-new.ogrisdigital.at\/produkt\/d-lux-bubbler-gruener-slimy-36-cm\/"},"modified":"2024-07-01T00:52:58","modified_gmt":"2024-07-01T00:52:58","slug":"d-lux-bubbler-gruener-slimy-36-cm","status":"publish","type":"product","link":"https:\/\/donaulife-new.ogrisdigital.at\/sv\/d-lux-bubbler-gruener-slimy-36-cm\/","title":{"rendered":"D-LUX Bubbler &#8216;Cordula Green&#8217; | 36 cm"},"content":{"rendered":"<h2>D-Lux Bubbler mit Fass-Percolator<\/h2>\n<p>Dieser Bubbler ist ein au\u00dfergew\u00f6hnliches St\u00fcck Glaskunst und garantiert sanfte Hits! Er besteht aus hitzebest\u00e4ndigen Borosilikatglas und der stabile Rundfu\u00df bietet mit dem Bubbler einen besonders sicheren Stand. Das designtechnische Highlight ist auf jeden Fall der kleine gr\u00fcne Totenkopf \u00fcber den Percolatoren.<\/p>\n<p>Deine wertvollen Kr\u00e4uter werden in einem 14,5 mm Bongkopf platziert. Danach wird der Rauch durch 2 Fasspercolatoren gezogen und dadurch ordentlich gefiltert,verwirbelt und abgek\u00fchlt. So kannst du ihn abschlie\u00dfend durch das gr\u00fcn gef\u00e4rbte Mundst\u00fcck genie\u00dfen.<\/p>\n<p>Auch der Standfu\u00df ist in einem sch\u00f6nen Gr\u00fcnton gehalten und den Hals ziert das &#8216;D-Lux&#8217; Logo. Mit diesem sch\u00f6nen St\u00fcck Glasware steht ein paar smoothen Hit&#8217;s nichts mehr im Wege!<\/p>\n<h2>\u00dcber D-LUX<\/h2>\n<p>Das &#8216;LUX&#8217; in &#8216;D-LUX&#8217; steht f\u00fcr den Luxus und Comfort der durch das smoken dieser sch\u00f6nen Glaswaren entsteht. Egal ob kleinen, feinen Bubbler oder eine monsterm\u00e4\u00dfiges Bong f\u00fcr Riesenhit&#8217;s mit &#8216;D-LUX&#8217; bist du f\u00fcr deine n\u00e4chste Smokesession bestens gewappnet.<\/p>\n","protected":false},"excerpt":{"rendered":"<p>D-Lux Bubbler mit Fass-Percolator Dieser Bubbler ist ein au\u00dfergew\u00f6hnliches St\u00fcck Glaskunst und garantiert sanfte Hits! Er besteht aus hitzebest\u00e4ndigen Borosilikatglas<\/p>\n","protected":false},"featured_media":32380,"comment_status":"open","ping_status":"open","template":"","meta":{"_acf_changed":false},"product_cat":[2514,2459,2513,2980,2577,2506,2463,2520],"product_tag":[],"acf":[],"_links":{"self":[{"href":"https:\/\/donaulife-new.ogrisdigital.at\/sv\/wp-json\/wp\/v2\/product\/53217"}],"collection":[{"href":"https:\/\/donaulife-new.ogrisdigital.at\/sv\/wp-json\/wp\/v2\/product"}],"about":[{"href":"https:\/\/donaulife-new.ogrisdigital.at\/sv\/wp-json\/wp\/v2\/types\/product"}],"replies":[{"embeddable":true,"href":"https:\/\/donaulife-new.ogrisdigital.at\/sv\/wp-json\/wp\/v2\/comments?post=53217"}],"wp:featuredmedia":[{"embeddable":true,"href":"https:\/\/donaulife-new.ogrisdigital.at\/sv\/wp-json\/wp\/v2\/media\/32380"}],"wp:attachment":[{"href":"https:\/\/donaulife-new.ogrisdigital.at\/sv\/wp-json\/wp\/v2\/media?parent=53217"}],"wp:term":[{"taxonomy":"product_cat","embeddable":true,"href":"https:\/\/donaulife-new.ogrisdigital.at\/sv\/wp-json\/wp\/v2\/product_cat?post=53217"},{"taxonomy":"product_tag","embeddable":true,"href":"https:\/\/donaulife-new.ogrisdigital.at\/sv\/wp-json\/wp\/v2\/product_tag?post=53217"}],"curies":[{"name":"wp","href":"https:\/\/api.w.org\/{rel}","templated":true}]}}