{"id":53193,"date":"2021-05-21T10:12:40","date_gmt":"2021-05-21T10:12:40","guid":{"rendered":"https:\/\/donaulife-new.ogrisdigital.at\/produkt\/xxx-amsterdam-socken-weed-leafs-22-40-cm\/"},"modified":"2024-07-01T00:52:45","modified_gmt":"2024-07-01T00:52:45","slug":"xxx-amsterdam-socken-weed-leafs-22-40-cm","status":"publish","type":"product","link":"https:\/\/donaulife-new.ogrisdigital.at\/sv\/xxx-amsterdam-socken-weed-leafs-22-40-cm\/","title":{"rendered":"XXX AMSTERDAM Socken &#8216;Weed leafs&#8217; | 22\/40 cm"},"content":{"rendered":"<h2>Socken mit Hanfmuster in verschieden Farben<\/h2>\n<p>Hurra die erste Sockenlinie in unserer Fashion Abteilung ist da! Egal ob als Geschenk f\u00fcr einen Freund, oder an den eigenen F\u00fc\u00dfen mit diesen Socken zeigst du allen sofort welches deine Lieblingspflanze ist! \ud83d\ude09 Es gibt sie in 2 verschiedenen Gr\u00f6\u00dfen mal mit 22 und einmal mit 40 cm L\u00e4nge. Als Motiv gibt es ganz klassisch Hanfbl\u00e4tter in verschiedenen Farben. Als Material wurde Baumwolle und Polyester verwendet. Egal ob in schwarz, blau, pink oder wei\u00df schnapp dir eine Farbe deiner Wahl und los geht&#8217;s ins n\u00e4chste Smokeadventure ?<\/p>\n","protected":false},"excerpt":{"rendered":"<p>Socken mit Hanfmuster in verschieden Farben Hurra die erste Sockenlinie in unserer Fashion Abteilung ist da! Egal ob als Geschenk<\/p>\n","protected":false},"featured_media":32261,"comment_status":"open","ping_status":"open","template":"","meta":{"_acf_changed":false},"product_cat":[3180,2566],"product_tag":[3181,3458],"acf":[],"_links":{"self":[{"href":"https:\/\/donaulife-new.ogrisdigital.at\/sv\/wp-json\/wp\/v2\/product\/53193"}],"collection":[{"href":"https:\/\/donaulife-new.ogrisdigital.at\/sv\/wp-json\/wp\/v2\/product"}],"about":[{"href":"https:\/\/donaulife-new.ogrisdigital.at\/sv\/wp-json\/wp\/v2\/types\/product"}],"replies":[{"embeddable":true,"href":"https:\/\/donaulife-new.ogrisdigital.at\/sv\/wp-json\/wp\/v2\/comments?post=53193"}],"wp:featuredmedia":[{"embeddable":true,"href":"https:\/\/donaulife-new.ogrisdigital.at\/sv\/wp-json\/wp\/v2\/media\/32261"}],"wp:attachment":[{"href":"https:\/\/donaulife-new.ogrisdigital.at\/sv\/wp-json\/wp\/v2\/media?parent=53193"}],"wp:term":[{"taxonomy":"product_cat","embeddable":true,"href":"https:\/\/donaulife-new.ogrisdigital.at\/sv\/wp-json\/wp\/v2\/product_cat?post=53193"},{"taxonomy":"product_tag","embeddable":true,"href":"https:\/\/donaulife-new.ogrisdigital.at\/sv\/wp-json\/wp\/v2\/product_tag?post=53193"}],"curies":[{"name":"wp","href":"https:\/\/api.w.org\/{rel}","templated":true}]}}