{"id":53126,"date":"2021-05-05T08:45:32","date_gmt":"2021-05-05T08:45:32","guid":{"rendered":"https:\/\/donaulife-new.ogrisdigital.at\/produkt\/druckverschlussbeutel-zip-lock-baggie-100-stueck\/"},"modified":"2024-07-01T00:52:12","modified_gmt":"2024-07-01T00:52:12","slug":"druckverschlussbeutel-zip-lock-baggie-100-stueck","status":"publish","type":"product","link":"https:\/\/donaulife-new.ogrisdigital.at\/sv\/druckverschlussbeutel-zip-lock-baggie-100-stueck\/","title":{"rendered":"Druckverschlussbeutel &#8216;Zip Lock&#8217; Baggie 60\u00b5m | 100 St\u00fcck"},"content":{"rendered":"<h2>Zip Lock Baggie 100 St\u00fcck 60\u00b5m<\/h2>\n<p>Druckverschlussbeutel in den verschiedensten gr\u00f6\u00dfen. Eignen sich zur Aufbewahrung und Frischhaltung von Lebensmitteln, Gew\u00fcrzen usw&#8230;<\/p>\n<ul>\n<li>40x60mm<\/li>\n<li>55x55mm<\/li>\n<li>60x80mm<\/li>\n<li>70x100mm<\/li>\n<li>80x120mm<\/li>\n<li>100x150mm<\/li>\n<li>120x180mm<\/li>\n<li>180x250mm<\/li>\n<li>250x350mm<\/li>\n<\/ul>\n<p>&nbsp;<\/p>\n","protected":false},"excerpt":{"rendered":"<p>Zip Lock Baggie 100 St\u00fcck 60\u00b5m Druckverschlussbeutel in den verschiedensten gr\u00f6\u00dfen. Eignen sich zur Aufbewahrung und Frischhaltung von Lebensmitteln, Gew\u00fcrzen<\/p>\n","protected":false},"featured_media":31915,"comment_status":"open","ping_status":"closed","template":"","meta":{"_acf_changed":false},"product_cat":[2607,2982,2451],"product_tag":[],"acf":[],"_links":{"self":[{"href":"https:\/\/donaulife-new.ogrisdigital.at\/sv\/wp-json\/wp\/v2\/product\/53126"}],"collection":[{"href":"https:\/\/donaulife-new.ogrisdigital.at\/sv\/wp-json\/wp\/v2\/product"}],"about":[{"href":"https:\/\/donaulife-new.ogrisdigital.at\/sv\/wp-json\/wp\/v2\/types\/product"}],"replies":[{"embeddable":true,"href":"https:\/\/donaulife-new.ogrisdigital.at\/sv\/wp-json\/wp\/v2\/comments?post=53126"}],"wp:featuredmedia":[{"embeddable":true,"href":"https:\/\/donaulife-new.ogrisdigital.at\/sv\/wp-json\/wp\/v2\/media\/31915"}],"wp:attachment":[{"href":"https:\/\/donaulife-new.ogrisdigital.at\/sv\/wp-json\/wp\/v2\/media?parent=53126"}],"wp:term":[{"taxonomy":"product_cat","embeddable":true,"href":"https:\/\/donaulife-new.ogrisdigital.at\/sv\/wp-json\/wp\/v2\/product_cat?post=53126"},{"taxonomy":"product_tag","embeddable":true,"href":"https:\/\/donaulife-new.ogrisdigital.at\/sv\/wp-json\/wp\/v2\/product_tag?post=53126"}],"curies":[{"name":"wp","href":"https:\/\/api.w.org\/{rel}","templated":true}]}}