{"id":53064,"date":"2021-04-26T13:10:56","date_gmt":"2021-04-26T13:10:56","guid":{"rendered":"https:\/\/donaulife-new.ogrisdigital.at\/produkt\/grace-glass-chillum-magnum-15-cm-292188mm\/"},"modified":"2024-03-01T09:33:51","modified_gmt":"2024-03-01T09:33:51","slug":"grace-glass-chillum-magnum-15-cm-292188mm","status":"publish","type":"product","link":"https:\/\/donaulife-new.ogrisdigital.at\/sv\/grace-glass-chillum-magnum-15-cm-292188mm\/","title":{"rendered":"GRACE GLASS Chillum &#8216;Magnum&#8217; 12,5\/15 cm | 29,2>18,8mm"},"content":{"rendered":"<h2>Glaschillum von Grace Glass mit 6 Arm Diffusor<\/h2>\n<p>Dieser Grace Glass Diffusor mit einem 6-Arm Percolator ist das n\u00e4chste Highlight in Sachen Chillums. Es hat einer Gesamtl\u00e4nge von 15 cm. Durch den Percolator wir der Rauch verrteilt und verwirbelt was ihn nochmals runterk\u00fchlt und somit smoothere Hits erm\u00f6glicht. Der Schliff ist 29,2mm und ist so gekoppelt das du ein 18,8 mm K\u00f6pchen darauf platzieren kannst. Den Diffuserhals ziert ein schwazer Grace Glass Schriftzug.<\/p>\n<h3>\u00dcber Grace Glass:<\/h3>\n<p>Unter dem Namen Grace Glass versteht man ausgefallene Bongdesigns kombiniert mit hochwertiger Verarbeitung. Durch diese Kombination hat sich diese 2010 gegr\u00fcndete niederl\u00e4ndische Marke, innerhalb k\u00fcrzester Zeit, einen Platz bei den ganz Gro\u00dfen der Industrie gesichert. Markenzeichen sind die perfekt gesetzten farbigen Akzente und gut verbauten Percolatoren. Die Marke bietet beides, sowohl individuelle Designs f\u00fcrs Auge als auch hervorragende Rauchleistung f\u00fcr den Benutzer. Neben Bongs findest du auch Chillums und Bongk\u00f6pfe von Grace Glass um deine Bong stylisch zu perfektionieren.<\/p>\n<p>&nbsp;<\/p>\n","protected":false},"excerpt":{"rendered":"<p>Glaschillum von Grace Glass mit 6 Arm Diffusor Dieser Grace Glass Diffusor mit einem 6-Arm Percolator ist das n\u00e4chste Highlight<\/p>\n","protected":false},"featured_media":31598,"comment_status":"open","ping_status":"open","template":"","meta":{"_acf_changed":false},"product_cat":[3094,2459,2613,2530,2463,2460],"product_tag":[],"acf":[],"_links":{"self":[{"href":"https:\/\/donaulife-new.ogrisdigital.at\/sv\/wp-json\/wp\/v2\/product\/53064"}],"collection":[{"href":"https:\/\/donaulife-new.ogrisdigital.at\/sv\/wp-json\/wp\/v2\/product"}],"about":[{"href":"https:\/\/donaulife-new.ogrisdigital.at\/sv\/wp-json\/wp\/v2\/types\/product"}],"replies":[{"embeddable":true,"href":"https:\/\/donaulife-new.ogrisdigital.at\/sv\/wp-json\/wp\/v2\/comments?post=53064"}],"wp:featuredmedia":[{"embeddable":true,"href":"https:\/\/donaulife-new.ogrisdigital.at\/sv\/wp-json\/wp\/v2\/media\/31598"}],"wp:attachment":[{"href":"https:\/\/donaulife-new.ogrisdigital.at\/sv\/wp-json\/wp\/v2\/media?parent=53064"}],"wp:term":[{"taxonomy":"product_cat","embeddable":true,"href":"https:\/\/donaulife-new.ogrisdigital.at\/sv\/wp-json\/wp\/v2\/product_cat?post=53064"},{"taxonomy":"product_tag","embeddable":true,"href":"https:\/\/donaulife-new.ogrisdigital.at\/sv\/wp-json\/wp\/v2\/product_tag?post=53064"}],"curies":[{"name":"wp","href":"https:\/\/api.w.org\/{rel}","templated":true}]}}