{"id":52990,"date":"2021-04-19T09:21:18","date_gmt":"2021-04-19T09:21:18","guid":{"rendered":"https:\/\/donaulife-new.ogrisdigital.at\/produkt\/v-syndicate-glasdose-mit-grindercard-9-cm\/"},"modified":"2024-07-01T00:50:54","modified_gmt":"2024-07-01T00:50:54","slug":"v-syndicate-glasdose-mit-grindercard-9-cm","status":"publish","type":"product","link":"https:\/\/donaulife-new.ogrisdigital.at\/sv\/v-syndicate-glasdose-mit-grindercard-9-cm\/","title":{"rendered":"V SYNDICATE Smart Stash mit Grindercard | S"},"content":{"rendered":"<h2>Hochwertige Glasdose von V Syndicate inkl. Grindercard im Deckel<\/h2>\n<p>V Syndicate Smartstash Dose mit Humidor Befeuchtungsbag ist optimal um deine Kr\u00e4uter zu sch\u00fctzen. An der Oberseite wurde auch noch an eine Grindercard gedacht. Der Deckel ist zudem als F\u00fcllhilfe gedacht. Das feine Design der blauen Dose sticht auch noch extra ins Gesicht.<\/p>\n<p>Abmessungen: 9 cm hoch<br \/>\nF\u00fcllmenge: 7 g<\/p>\n<h3>\u00dcber V Syndicate:<\/h3>\n<div class=\"elementor-element elementor-element-96e4633 elementor-widget elementor-widget-text-editor\" data-id=\"96e4633\" data-element_type=\"widget\" data-widget_type=\"text-editor.default\">\n<div class=\"elementor-widget-container\">\n<div class=\"elementor-text-editor elementor-clearfix\">\n<p>Perfekte Aufbewahrung in kleinen Glasbeh\u00e4ltern, Grindercards in den coolsten Motiven und Rolling Trays die ihres gleichen suchen.<\/p>\n<\/div>\n<\/div>\n<\/div>\n","protected":false},"excerpt":{"rendered":"<p>Hochwertige Glasdose von V Syndicate inkl. Grindercard im Deckel V Syndicate Smartstash Dose mit Humidor Befeuchtungsbag ist optimal um deine<\/p>\n","protected":false},"featured_media":31227,"comment_status":"open","ping_status":"closed","template":"","meta":{"_acf_changed":false},"product_cat":[2607,3142,2480,2814,2451],"product_tag":[],"acf":[],"_links":{"self":[{"href":"https:\/\/donaulife-new.ogrisdigital.at\/sv\/wp-json\/wp\/v2\/product\/52990"}],"collection":[{"href":"https:\/\/donaulife-new.ogrisdigital.at\/sv\/wp-json\/wp\/v2\/product"}],"about":[{"href":"https:\/\/donaulife-new.ogrisdigital.at\/sv\/wp-json\/wp\/v2\/types\/product"}],"replies":[{"embeddable":true,"href":"https:\/\/donaulife-new.ogrisdigital.at\/sv\/wp-json\/wp\/v2\/comments?post=52990"}],"wp:featuredmedia":[{"embeddable":true,"href":"https:\/\/donaulife-new.ogrisdigital.at\/sv\/wp-json\/wp\/v2\/media\/31227"}],"wp:attachment":[{"href":"https:\/\/donaulife-new.ogrisdigital.at\/sv\/wp-json\/wp\/v2\/media?parent=52990"}],"wp:term":[{"taxonomy":"product_cat","embeddable":true,"href":"https:\/\/donaulife-new.ogrisdigital.at\/sv\/wp-json\/wp\/v2\/product_cat?post=52990"},{"taxonomy":"product_tag","embeddable":true,"href":"https:\/\/donaulife-new.ogrisdigital.at\/sv\/wp-json\/wp\/v2\/product_tag?post=52990"}],"curies":[{"name":"wp","href":"https:\/\/api.w.org\/{rel}","templated":true}]}}