{"id":52971,"date":"2021-04-16T09:01:01","date_gmt":"2021-04-16T09:01:01","guid":{"rendered":"https:\/\/donaulife-new.ogrisdigital.at\/produkt\/heisenberg-glasbong-jane-36-cm\/"},"modified":"2024-07-01T00:50:45","modified_gmt":"2024-07-01T00:50:45","slug":"heisenberg-glasbong-jane-36-cm","status":"publish","type":"product","link":"https:\/\/donaulife-new.ogrisdigital.at\/sv\/heisenberg-glasbong-jane-36-cm\/","title":{"rendered":"HEISENBERG Glasbong &#8216;Jane&#8217; | 36 cm"},"content":{"rendered":"<h2>Heisenberg Glasbong mit Eiskerben<\/h2>\n<div id=\"description\" class=\"data item content\" role=\"tabpanel\" data-role=\"content\" aria-labelledby=\"tab-label-description\" aria-hidden=\"false\">\n<div class=\"product attribute description\">\n<div class=\"value\">\n<p>Ein sch\u00f6nes St\u00fcck Glasware in der gewohnten Heisenberg Qualit\u00e4t. \ud83d\ude09\u00a0 36 cm hoch mit einem Durchmesser von 4 cm am Mundst\u00fcck. Auf dem Bonghals ist das Heisenberg Logo verziert. Das Mundst\u00fcck ist blau eingef\u00e4rbt und hebt sich somit vom Rest der Bong ab. Der Rundfu\u00df auf dem das gute St\u00fcck seht, sorgt f\u00fcr die notwendige Stabilit\u00e4t. Das Chillum ist ca. 12cm Lang und hat einen 18,8er Schliff. Kickloch und Eisfach sind vorhanden, somit steht smoothen, kalten Bonghits nichts mehr im Wege.<\/p>\n<\/div>\n<\/div>\n<\/div>\n<div>\n<h3>\u00dcber Heisenberg:<\/h3>\n<div>\n<p>Heisenberg \u2013 nicht nur durch Breaking Bad ein Ph\u00e4nomen. Die Marke Heisenberg ist unter anderem durch ihre Glasbongs bekannt geworden. Keine Bong der Heisenberg Serie ist wie die andere. Hier werden verschiedene Gestaltungselemente geboten, wie beispielsweise poppige Farben oder mit Glow in the dark Funktion, Pl\u00e4tzen zum Einsetzen von LED Beleuchtung und anderen Extras.<\/p>\n<p>Bei dem interessanten Sortiment an Glasbongs, ist mit Sicherheit auch was f\u00fcr dich dabei!<\/p>\n<\/div>\n<\/div>\n","protected":false},"excerpt":{"rendered":"<p>Heisenberg Glasbong mit Eiskerben Ein sch\u00f6nes St\u00fcck Glasware in der gewohnten Heisenberg Qualit\u00e4t. \ud83d\ude09\u00a0 36 cm hoch mit einem Durchmesser<\/p>\n","protected":false},"featured_media":31133,"comment_status":"open","ping_status":"open","template":"","meta":{"_acf_changed":false},"product_cat":[2514,2459,2510,3404,2523,2515,2506,2463],"product_tag":[3405,2466],"acf":[],"_links":{"self":[{"href":"https:\/\/donaulife-new.ogrisdigital.at\/sv\/wp-json\/wp\/v2\/product\/52971"}],"collection":[{"href":"https:\/\/donaulife-new.ogrisdigital.at\/sv\/wp-json\/wp\/v2\/product"}],"about":[{"href":"https:\/\/donaulife-new.ogrisdigital.at\/sv\/wp-json\/wp\/v2\/types\/product"}],"replies":[{"embeddable":true,"href":"https:\/\/donaulife-new.ogrisdigital.at\/sv\/wp-json\/wp\/v2\/comments?post=52971"}],"wp:featuredmedia":[{"embeddable":true,"href":"https:\/\/donaulife-new.ogrisdigital.at\/sv\/wp-json\/wp\/v2\/media\/31133"}],"wp:attachment":[{"href":"https:\/\/donaulife-new.ogrisdigital.at\/sv\/wp-json\/wp\/v2\/media?parent=52971"}],"wp:term":[{"taxonomy":"product_cat","embeddable":true,"href":"https:\/\/donaulife-new.ogrisdigital.at\/sv\/wp-json\/wp\/v2\/product_cat?post=52971"},{"taxonomy":"product_tag","embeddable":true,"href":"https:\/\/donaulife-new.ogrisdigital.at\/sv\/wp-json\/wp\/v2\/product_tag?post=52971"}],"curies":[{"name":"wp","href":"https:\/\/api.w.org\/{rel}","templated":true}]}}