{"id":52955,"date":"2021-04-15T09:07:55","date_gmt":"2021-04-15T09:07:55","guid":{"rendered":"https:\/\/donaulife-new.ogrisdigital.at\/produkt\/insomnia-black-edition-black-sky-50-cm\/"},"modified":"2024-07-01T00:50:35","modified_gmt":"2024-07-01T00:50:35","slug":"insomnia-black-edition-black-sky-50-cm","status":"publish","type":"product","link":"https:\/\/donaulife-new.ogrisdigital.at\/sv\/insomnia-black-edition-black-sky-50-cm\/","title":{"rendered":"INSOMNIA Black Edition &#8216;black sky&#8217; | 50 cm"},"content":{"rendered":"<h2>Insomnia Eisbong mit 6-Kant Fu\u00df<\/h2>\n<p>Die Glasbong &#8216;black sky&#8217; von Insomnia unterscheidet sich von anderen Bongs durch seinen besonderes guten Griff und feinen schwarzen Akzenten. Die Bong Kreation von Insomnia sieht aber nicht nur gut aus sondern l\u00e4sst sich auch mit 18,8 mm Vork\u00fchlern oder Ashcatchern pimpen. Neben dem stabilen 6-kant schwarzen Fu\u00df besitzt die Glasbong noch 2 x einen 18,8 mm Schliff und einen edlen schwarzen Insomnia Aufdruck.<\/p>\n<p>Damit bist du garantiert high in the sky.<\/p>\n<h3>\u00dcber Insomnia:<\/h3>\n<p>Schalflos? Bestimmt nicht mit den Modellen von Insomnia. Die Glaswaren des Herstellers kommen mit coolen Sandgestrahlten Designs daher, mit oder ohne Eisfach aber garantiert immer g\u00fcnstig und zuverl\u00e4ssig.<\/p>\n","protected":false},"excerpt":{"rendered":"<p>Insomnia Eisbong mit 6-Kant Fu\u00df Die Glasbong &#8216;black sky&#8217; von Insomnia unterscheidet sich von anderen Bongs durch seinen besonderes guten<\/p>\n","protected":false},"featured_media":31015,"comment_status":"open","ping_status":"open","template":"","meta":{"_acf_changed":false},"product_cat":[2514,2459,2510,2507,2467,2523,2515,2506,2463],"product_tag":[2466],"acf":[],"_links":{"self":[{"href":"https:\/\/donaulife-new.ogrisdigital.at\/sv\/wp-json\/wp\/v2\/product\/52955"}],"collection":[{"href":"https:\/\/donaulife-new.ogrisdigital.at\/sv\/wp-json\/wp\/v2\/product"}],"about":[{"href":"https:\/\/donaulife-new.ogrisdigital.at\/sv\/wp-json\/wp\/v2\/types\/product"}],"replies":[{"embeddable":true,"href":"https:\/\/donaulife-new.ogrisdigital.at\/sv\/wp-json\/wp\/v2\/comments?post=52955"}],"wp:featuredmedia":[{"embeddable":true,"href":"https:\/\/donaulife-new.ogrisdigital.at\/sv\/wp-json\/wp\/v2\/media\/31015"}],"wp:attachment":[{"href":"https:\/\/donaulife-new.ogrisdigital.at\/sv\/wp-json\/wp\/v2\/media?parent=52955"}],"wp:term":[{"taxonomy":"product_cat","embeddable":true,"href":"https:\/\/donaulife-new.ogrisdigital.at\/sv\/wp-json\/wp\/v2\/product_cat?post=52955"},{"taxonomy":"product_tag","embeddable":true,"href":"https:\/\/donaulife-new.ogrisdigital.at\/sv\/wp-json\/wp\/v2\/product_tag?post=52955"}],"curies":[{"name":"wp","href":"https:\/\/api.w.org\/{rel}","templated":true}]}}