{"id":52945,"date":"2021-04-14T12:00:45","date_gmt":"2021-04-14T12:00:45","guid":{"rendered":"https:\/\/donaulife-new.ogrisdigital.at\/produkt\/boost-glasbong-hangover-35-cm\/"},"modified":"2025-01-15T07:11:14","modified_gmt":"2025-01-15T07:11:14","slug":"boost-glasbong-hangover-35-cm","status":"publish","type":"product","link":"https:\/\/donaulife-new.ogrisdigital.at\/sv\/boost-glasbong-hangover-35-cm\/","title":{"rendered":"BOOST Glasbong &#8216;Hangover&#8217; | 35 cm"},"content":{"rendered":"<h2>Boost Eisbong mit 35 cm<\/h2>\n<p>Diese Boost Hanover Glas Bong ist ein herausragendes St\u00fcck Glaskunst und garantiert ein gutes Raucherlebnis. Sie besteht aus hitzebest\u00e4ndigen Borosilikatglas und ist ohne viel Schnick Schnack eine einfach gerade Bong. Die Hangover kommt mit einem simplen Chillum welches zu Reinigungszwecken leicht aus dem besonder widerstandsf\u00e4higem Panzerschliff entfernt werden kann.<\/p>\n<p>Am Ende des Chillum thront ein originaler Boost Bongkopf in gelb mit integriertem Rollstop. Die Bong besitzt ein Kickloch. Das Mundst\u00fcck der Bolt endet in einem komfortablen Ringmundst\u00fcck. Einen sicheren Stand verleiht dieser Glasbong ein flacher Rundfu\u00df damit diese nicht so leicht zu bruch geht.<\/p>\n<h3>\u00dcber Boost:<\/h3>\n<p>Die Bongschmiede von Boost zeigt das gute Qualit\u00e4t nicht immer extrem teuer sein muss. Von einfachen geraden Bongs bis hin zu Percolator Bongs und au\u00dfergew\u00f6hlichen Formen bietet Boost f\u00fcr jeden Geschmack die richtige Glasvase. Auch beim Zubeh\u00f6r bietet der Hersteller hochwertige Bong K\u00f6pfe, Vork\u00fchler sowie Diffusor Chillums die mit vielen Modellen kompatibel sind. Wer noch stabilere Glaswaren sucht sollte auf den Zusatz Boost PRO achten. Diese sind dicker und meist mit weiteren Gimmicks wie zum Beispiel einem Eisfach ausgestattet.<\/p>\n","protected":false},"excerpt":{"rendered":"<p>Boost Eisbong mit 35 cm Diese Boost Hanover Glas Bong ist ein herausragendes St\u00fcck Glaskunst und garantiert ein gutes Raucherlebnis.<\/p>\n","protected":false},"featured_media":30919,"comment_status":"open","ping_status":"open","template":"","meta":{"_acf_changed":false},"product_cat":[2514,2459,2706,2510,2515,2506,2463],"product_tag":[2707],"acf":[],"_links":{"self":[{"href":"https:\/\/donaulife-new.ogrisdigital.at\/sv\/wp-json\/wp\/v2\/product\/52945"}],"collection":[{"href":"https:\/\/donaulife-new.ogrisdigital.at\/sv\/wp-json\/wp\/v2\/product"}],"about":[{"href":"https:\/\/donaulife-new.ogrisdigital.at\/sv\/wp-json\/wp\/v2\/types\/product"}],"replies":[{"embeddable":true,"href":"https:\/\/donaulife-new.ogrisdigital.at\/sv\/wp-json\/wp\/v2\/comments?post=52945"}],"wp:featuredmedia":[{"embeddable":true,"href":"https:\/\/donaulife-new.ogrisdigital.at\/sv\/wp-json\/wp\/v2\/media\/30919"}],"wp:attachment":[{"href":"https:\/\/donaulife-new.ogrisdigital.at\/sv\/wp-json\/wp\/v2\/media?parent=52945"}],"wp:term":[{"taxonomy":"product_cat","embeddable":true,"href":"https:\/\/donaulife-new.ogrisdigital.at\/sv\/wp-json\/wp\/v2\/product_cat?post=52945"},{"taxonomy":"product_tag","embeddable":true,"href":"https:\/\/donaulife-new.ogrisdigital.at\/sv\/wp-json\/wp\/v2\/product_tag?post=52945"}],"curies":[{"name":"wp","href":"https:\/\/api.w.org\/{rel}","templated":true}]}}