{"id":52843,"date":"2021-03-29T15:45:21","date_gmt":"2021-03-29T15:45:21","guid":{"rendered":"https:\/\/donaulife-new.ogrisdigital.at\/produkt\/qnubu-california-slide-to-open-baggie-165-x-10-cm\/"},"modified":"2024-07-01T00:49:34","modified_gmt":"2024-07-01T00:49:34","slug":"qnubu-california-slide-to-open-baggie-165-x-10-cm","status":"publish","type":"product","link":"https:\/\/donaulife-new.ogrisdigital.at\/sv\/qnubu-california-slide-to-open-baggie-165-x-10-cm\/","title":{"rendered":"QNUBU California &#8216;slide to open&#8217; Baggie | S-XL"},"content":{"rendered":"<h2>Qnubu California Baggie mit slide to open Funktion<\/h2>\n<p>Das Qnubu Califonia Baggie ist ein ganz besonders innovatives Baggie. Nicht nur die Dichtheit ist unglaublich gut sondern auch eine zweite Klicklinie wurde eingef\u00fcgt um auch die extrem stinkigen Kr\u00e4utern nicht durch zu riechen.<\/p>\n<p>Au\u00dferdem sucht das \u00d6ffnungssystem seines gleichen. Man dr\u00fcckt beim Fingerabdruck Symbol einfach zusammen und schiebt beide Seiten in die jeweils entgegengesetzte Richtung. Das Baggie ploppt auf und du kannst es nun ganz \u00f6ffnen.<\/p>\n<p>S 13 x 8,5 cm<br \/>\nM 16,5 x 10 cm<br \/>\nL 15 x 20 cm<br \/>\nXL 30,5 x 23 cm<\/p>\n","protected":false},"excerpt":{"rendered":"<p>Qnubu California Baggie mit slide to open Funktion Das Qnubu Califonia Baggie ist ein ganz besonders innovatives Baggie. Nicht nur<\/p>\n","protected":false},"featured_media":30449,"comment_status":"open","ping_status":"closed","template":"","meta":{"_acf_changed":false},"product_cat":[2607,2982,2451],"product_tag":[],"acf":[],"_links":{"self":[{"href":"https:\/\/donaulife-new.ogrisdigital.at\/sv\/wp-json\/wp\/v2\/product\/52843"}],"collection":[{"href":"https:\/\/donaulife-new.ogrisdigital.at\/sv\/wp-json\/wp\/v2\/product"}],"about":[{"href":"https:\/\/donaulife-new.ogrisdigital.at\/sv\/wp-json\/wp\/v2\/types\/product"}],"replies":[{"embeddable":true,"href":"https:\/\/donaulife-new.ogrisdigital.at\/sv\/wp-json\/wp\/v2\/comments?post=52843"}],"wp:featuredmedia":[{"embeddable":true,"href":"https:\/\/donaulife-new.ogrisdigital.at\/sv\/wp-json\/wp\/v2\/media\/30449"}],"wp:attachment":[{"href":"https:\/\/donaulife-new.ogrisdigital.at\/sv\/wp-json\/wp\/v2\/media?parent=52843"}],"wp:term":[{"taxonomy":"product_cat","embeddable":true,"href":"https:\/\/donaulife-new.ogrisdigital.at\/sv\/wp-json\/wp\/v2\/product_cat?post=52843"},{"taxonomy":"product_tag","embeddable":true,"href":"https:\/\/donaulife-new.ogrisdigital.at\/sv\/wp-json\/wp\/v2\/product_tag?post=52843"}],"curies":[{"name":"wp","href":"https:\/\/api.w.org\/{rel}","templated":true}]}}