{"id":52822,"date":"2021-03-29T13:24:49","date_gmt":"2021-03-29T13:24:49","guid":{"rendered":"https:\/\/donaulife-new.ogrisdigital.at\/produkt\/bongbuerste-kunstborsten-o-11mm-54-cm\/"},"modified":"2024-07-01T00:49:23","modified_gmt":"2024-07-01T00:49:23","slug":"bongbuerste-kunstborsten-o-11mm-54-cm","status":"publish","type":"product","link":"https:\/\/donaulife-new.ogrisdigital.at\/sv\/bongbuerste-kunstborsten-o-11mm-54-cm\/","title":{"rendered":"Bongb\u00fcrste Kunstborsten \u00d8 11mm | 54 cm"},"content":{"rendered":"<h2>Bongb\u00fcrste mit Kunstborsten 54 cm L\u00e4nge<\/h2>\n<p>Verdreckte Pfeifen und Vaporizer ad\u00e9, mit dieser kompakten Bongb\u00fcrste bekommst du in Kombination mit einem Bong-Reiniger oder\u00a0Isopropanol noch so hartn\u00e4ckige Flecken wieder rein. Mit dieser flexiblen Bongb\u00fcrste kommst du auch an Stellen die mit einem dickeren Pfeifenreiniger nicht erreichbar w\u00e4ren. In dem Sinne, fr\u00f6hliches Putzen!<\/p>\n<p>Durchmesser \u00d8 11 mm<\/p>\n","protected":false},"excerpt":{"rendered":"<p>Bongb\u00fcrste mit Kunstborsten 54 cm L\u00e4nge Verdreckte Pfeifen und Vaporizer ad\u00e9, mit dieser kompakten Bongb\u00fcrste bekommst du in Kombination mit<\/p>\n","protected":false},"featured_media":30399,"comment_status":"open","ping_status":"open","template":"","meta":{"_acf_changed":false},"product_cat":[2459,2719,2718,2460],"product_tag":[],"acf":[],"_links":{"self":[{"href":"https:\/\/donaulife-new.ogrisdigital.at\/sv\/wp-json\/wp\/v2\/product\/52822"}],"collection":[{"href":"https:\/\/donaulife-new.ogrisdigital.at\/sv\/wp-json\/wp\/v2\/product"}],"about":[{"href":"https:\/\/donaulife-new.ogrisdigital.at\/sv\/wp-json\/wp\/v2\/types\/product"}],"replies":[{"embeddable":true,"href":"https:\/\/donaulife-new.ogrisdigital.at\/sv\/wp-json\/wp\/v2\/comments?post=52822"}],"wp:featuredmedia":[{"embeddable":true,"href":"https:\/\/donaulife-new.ogrisdigital.at\/sv\/wp-json\/wp\/v2\/media\/30399"}],"wp:attachment":[{"href":"https:\/\/donaulife-new.ogrisdigital.at\/sv\/wp-json\/wp\/v2\/media?parent=52822"}],"wp:term":[{"taxonomy":"product_cat","embeddable":true,"href":"https:\/\/donaulife-new.ogrisdigital.at\/sv\/wp-json\/wp\/v2\/product_cat?post=52822"},{"taxonomy":"product_tag","embeddable":true,"href":"https:\/\/donaulife-new.ogrisdigital.at\/sv\/wp-json\/wp\/v2\/product_tag?post=52822"}],"curies":[{"name":"wp","href":"https:\/\/api.w.org\/{rel}","templated":true}]}}